{"id":41,"date":"2018-04-09T12:28:50","date_gmt":"2018-04-09T11:28:50","guid":{"rendered":"https:\/\/research.kent.ac.uk\/upgrade-welfsoc\/?page_id=41"},"modified":"2020-11-18T11:47:04","modified_gmt":"2020-11-18T11:47:04","slug":"events","status":"publish","type":"page","link":"https:\/\/research.kent.ac.uk\/welfsoc\/events\/","title":{"rendered":"Events"},"content":{"rendered":"\n<table id=\"tablepress-1\" class=\"tablepress tablepress-id-1\">\n<tbody>\n<tr class=\"row-1\">\n\t<td class=\"column-1\"><h3>2017<\/h3><\/td>\n<\/tr>\n<tr class=\"row-2\">\n\t<td class=\"column-1\"><h4>Welfare states futures workshop on public attitudes (funded by the NORFACE Welfare States Futures initiative) <\/h4>Gothenburg, 22-24 February<br \/>\n<br \/>\n<strong>Papers presented:<\/strong><br \/>\n<br \/>\nHow do ordinary citizens morally assess ongoing changes of the universal welfare state? An analysis of data from deliberative forums in Denmark \u2013 Mathias Herup Nielsen (Aalborg University, Post-Doctoral Researcher)<br \/>\n<br \/>\nPublic support for the social rights and social obligations of the unemployed: two sides of the same coin? \u2013 Tijs Laenen (Leuven University, Associate Researcher)<br \/>\n<br \/>\n\u201cHe is the future of the welfare state: diligent, capable\u2026\u201d \u2013 How citizens perceive and justify the relative deservingness of needy groups \u2013 Katharina Zimmermann &amp; Jan-Ocko Heuer<br \/>\n<br \/>\nAttitudes towards future policies for the elderly: a comparative analysis of four welfare states \u2013 Ma\u0161a Filipovi\u010d Hrast, Bj\u00f8rn Hvinden, Kjetil Klette Boehler, Tatjana Rakar, Mi Ah Sch\u00f8yen and Vegard Svag\u00e5rd<br \/>\n<br \/>\nDoes political discourse matter? Comparing party manifestos and policy preferences on immigration and welfare in the United Kingdom \u2013 Benjamin Leruth<br \/>\n<br \/>\nDemocratic Forums: their contribution to attitude research \u2013 Peter Taylor-Gooby<\/td>\n<\/tr>\n<tr class=\"row-3\">\n\t<td class=\"column-1\"><h4>Mini co-ordination conference<\/h4>Gothenburg, 23 February 2017<\/td>\n<\/tr>\n<tr class=\"row-4\">\n\t<td class=\"column-1\"><h4>Fourth co-ordination conference<\/h4>Ljubljana, 8-9 June 2017<\/td>\n<\/tr>\n<tr class=\"row-5\">\n\t<td class=\"column-1\"><h4>15th Annual ESPAnet conference 2017 \u2013 new horizons of european social policy: Risks, opportunities and challenges<\/h4>Lisbon, 14 \u2013 16 September<br \/>\n<br \/>\nThe first project book \u201c<a href=\"https:\/\/global.oup.com\/academic\/product\/after-austerity-9780198790273?lang=en&amp;cc=se\">After Austerity: Welfare State Transformation in Europe after the Great Recession<\/a>\u201c, edited by Peter Taylor-Gooby, Benjamin Leruth and Heejung Chung (Oxford University Press) was launched at the 2017 Espanet Conference in Lisbon. Wim van Oorschot and Peter Taylor-Gooby presented the books main findings to about 300 delegates. It argues that austerity has dominate welfare state policy across Europe, but as countries emerge from it, patterns of social investment, protectionism, neo-Keynesian intervention and fightback vary greatly. Simple neo-liberalism does not dominate policy futures.<br \/>\n<br \/>\nPapers presented at the 15th Annual ESPAnet Conference 2017:<br \/>\n<br \/>\n<a href=\"https:\/\/blogs.kent.ac.uk\/welfsoc\/files\/2015\/05\/Rights-and-obligations-in-times-of-austerity-Citizens-perceptions-of-welfare-conditionality-from-a-multidimensional-perspective.pdf\">Rights and obligations in times of austerity \u2013 Citizen\u2019s perceptions of welfare conditionality from a multidimensional perspective<\/a> \u2013 Katharina Zimmermann and Jan-Ocko Heuer<br \/>\n<br \/>\n<a href=\"https:\/\/blogs.kent.ac.uk\/welfsoc\/files\/2015\/05\/The-changes-and-future-of-the-Slovenian-welfare-state-a-view-from-deliberative-forums.pdf\">The changes and future of the Slovenian welfare state \u2013 a view from deliberative forums<\/a> \u2013 Tatjana Rakar and Masa Filipovic Hrast<br \/>\n<br \/>\n<a href=\"https:\/\/blogs.kent.ac.uk\/welfsoc\/files\/2015\/05\/Moral-economies-of-the-welfare-state-a-qualitative-comparative-study.pdf\">Moral economies of the welfare state \u2013 a qualitative comparative study<\/a> \u2013 Bjorn Hvinden, Steffen Mau and Peter Taylor-Gooby<\/td>\n<\/tr>\n<tr class=\"row-6\">\n\t<td class=\"column-1\"><h3>2016<\/h3><\/td>\n<\/tr>\n<tr class=\"row-7\">\n\t<td class=\"column-1\"><h4>Third WelfSOC co-ordination conference<\/h4>Berlin, 30 June \u2013 1 July<\/td>\n<\/tr>\n<tr class=\"row-8\">\n\t<td class=\"column-1\"><h4>14th Annual ESPAnet conference<\/h4>Rotterdam, 1-3 September<br \/>\n<br \/>\nThree panels on \u201cInnovative Methods and Attitudes to the Future of the Welfare State\u201d Sessions B20.1 (1 September)<br \/>\n<br \/>\nPapers presented:<br \/>\n<br \/>\n<a href=\"https:\/\/blogs.kent.ac.uk\/welfsoc\/files\/2015\/05\/Leruth-Benjamin-Welfare-State-Futures-Prospects-and-Cuts.pdf\">Welfare State Futures, Prospects and Cuts: Using Democratic Forums to Investigate Attitudes to Welfare<\/a> \u2013 Benjamin Leruth<br \/>\n<br \/>\nEuropean welfare chauvinism: A study of deliberative forums in five countries \u2013 Christian Albrekt Larsen, Morten Frederiksen, Mathias Herup Nielsen &amp; J\u00f8rgen Goul Andersen<br \/>\n<br \/>\nFuture responsibilities towards the elderly: a comparative analysis of welfare state attitudes and expectations in Norway and Slovenia \u2013 Ma\u0161a Filipovi\u010d Hrast, Prof. Bj\u00f8rn Hvinden, Dr. Kjetil Klette Boehler, Dr. Tatjana Rakar, Mi Ah Sch\u00f8yen &amp; Vegard S Svag\u00e5rd<br \/>\n<br \/>\n<a href=\"https:\/\/blogs.kent.ac.uk\/welfsoc\/files\/2015\/05\/Zimmermann-Katharina-Attitudes-towards-taxation-a-moving-target-A-procedural-perspective.pdf\">Changing preferences towards redistribution: How deliberation shapes welfare attitudes<\/a> \u2013 Katharina Zimmermann &amp; Jan-Ocko Heuer<br \/>\n<br \/>\n<a href=\"https:\/\/blogs.kent.ac.uk\/welfsoc\/files\/2015\/05\/Heuer-Jan-Ocko-State-market-or-family-Attributions-of-responsibility-for-social-policies-by-the-population-in-the-British-and-German-welfare-state-regime.pdf\">Attitudes towards the welfare mix: How citizens in Germany and the United Kingdom attribute responsibilities for social welfare to state, market, and family \u2013 and why<\/a> \u2013 Jan-Ocko Heuer, Benjamin Leruth, Steffen Mau &amp; Katharina Zimmermann<\/td>\n<\/tr>\n<tr class=\"row-9\">\n\t<td class=\"column-1\"><h3>2015<\/h3><\/td>\n<\/tr>\n<tr class=\"row-10\">\n\t<td class=\"column-1\"><h4>First WelfSOC co-ordination conference<\/h4>British Academy, London, 12-13 February<\/td>\n<\/tr>\n<tr class=\"row-11\">\n\t<td class=\"column-1\"><h4><a href=\"http:\/\/www.sdu.dk\/en\/Om_SDU\/Institutter_centre\/C_Velfaerd\/ESPAnet2015\">13th Annual ESPAnet conference<\/a><\/h4>Odense, 3-5 September<br \/>\n<br \/>\nPanel: \u201cAround which solidarities will we build future welfare states?\u201d<br \/>\n(As part of Stream 22: Structural changes and institutional responses)<\/td>\n<\/tr>\n<tr class=\"row-12\">\n\t<td class=\"column-1\"><h4>Second WelfSOC co-ordination conference<\/h4>Copenhagen, 6-7 September<\/td>\n<\/tr>\n<\/tbody>\n<\/table>\n\n","protected":false},"excerpt":{"rendered":"","protected":false},"author":757,"featured_media":0,"parent":0,"menu_order":4,"comment_status":"closed","ping_status":"closed","template":"","meta":{"_acf_changed":false,"footnotes":""},"class_list":["post-41","page","type-page","status-publish","hentry"],"acf":[],"_links":{"self":[{"href":"https:\/\/research.kent.ac.uk\/welfsoc\/wp-json\/wp\/v2\/pages\/41","targetHints":{"allow":["GET"]}}],"collection":[{"href":"https:\/\/research.kent.ac.uk\/welfsoc\/wp-json\/wp\/v2\/pages"}],"about":[{"href":"https:\/\/research.kent.ac.uk\/welfsoc\/wp-json\/wp\/v2\/types\/page"}],"author":[{"embeddable":true,"href":"https:\/\/research.kent.ac.uk\/welfsoc\/wp-json\/wp\/v2\/users\/757"}],"replies":[{"embeddable":true,"href":"https:\/\/research.kent.ac.uk\/welfsoc\/wp-json\/wp\/v2\/comments?post=41"}],"version-history":[{"count":5,"href":"https:\/\/research.kent.ac.uk\/welfsoc\/wp-json\/wp\/v2\/pages\/41\/revisions"}],"predecessor-version":[{"id":280,"href":"https:\/\/research.kent.ac.uk\/welfsoc\/wp-json\/wp\/v2\/pages\/41\/revisions\/280"}],"wp:attachment":[{"href":"https:\/\/research.kent.ac.uk\/welfsoc\/wp-json\/wp\/v2\/media?parent=41"}],"curies":[{"name":"wp","href":"https:\/\/api.w.org\/{rel}","templated":true}]}}