{"id":29,"date":"2018-04-09T12:23:40","date_gmt":"2018-04-09T11:23:40","guid":{"rendered":"https:\/\/research.kent.ac.uk\/upgrade-welfsoc\/?page_id=29"},"modified":"2020-11-18T11:46:59","modified_gmt":"2020-11-18T11:46:59","slug":"publications","status":"publish","type":"page","link":"https:\/\/research.kent.ac.uk\/welfsoc\/publications\/","title":{"rendered":"Publications"},"content":{"rendered":"<p>On this page, you will find a series of WelfSOC-related documents, working papers, datasets and background information prepared by the research teams involved in this project.<\/p>\n<h3>Book<\/h3>\n<p><img loading=\"lazy\" decoding=\"async\" class=\"alignright wp-image-32\" src=\"https:\/\/research.kent.ac.uk\/welfsoc\/wp-content\/uploads\/sites\/2248\/2018\/04\/after_austerity_pic-195x300-195x300.jpg\" alt=\"After Austerity Books cover\" width=\"98\" height=\"150\" \/>\u201c<a href=\"https:\/\/global.oup.com\/academic\/product\/after-austerity-9780198790273?lang=en&amp;cc=se\">After Austerity: Welfare State Transformation in Europe after the Great Recession<\/a>\u201c, edited by Peter Taylor-Gooby,\u00a0Benjamin Leruth and Heejung Chung (Oxford University Press)<\/p>\n<p>Available as a hardcover (\u00a365), paperback (\u00a325) and also an e-book.<\/p>\n<h3>Datasets<\/h3>\n<p>Most datasets will soon be available here.<\/p>\n<p><a href=\"https:\/\/drive.google.com\/open?id=0B7JW26l-MtVsSkxlSFR6S0hYVmc\"><em>Democratic Forums \u2013 Before and After Survey, United Kingdom (SPSS)<\/em><\/a><\/p>\n<h3>Scientific articles<\/h3>\n<p>Benjamin Leruth and Peter Taylor-Gooby (2018). \u2018<a href=\"https:\/\/blogs.kent.ac.uk\/welfsoc\/files\/2015\/05\/Does_political_discourse_matter_final-author-accepted-version.pdf\">Does political discourse matter? Comparing party positions and public attitudes on immigration in England<\/a>\u2019.\u00a0<em>Politics<\/em>, March 2018. You can also view it <a href=\"https:\/\/doi.org\/10.1177\/0263395718755566\">here<\/a>.<\/p>\n<p>Mathias Herup Nielsen (2018). \u2018<a href=\"https:\/\/doi.org\/10.1080\/1600910X.2017.1412336\">Four Normative Languages of Welfare: A pragmatic sociological investigation<\/a>\u2019.\u00a0<em>Distinktion : Scandinavian Journal of Social Theory Vol. 7 Issue 3.<\/em><\/p>\n<p>Peter Taylor-Gooby (2018). \u2018<a href=\"https:\/\/doi.org\/10.1332\/030557318X15155868234361\">Identifying attitudes to welfare through deliberative forums \u2013 the emergence of reluctant individualism<\/a>\u2019.\u00a0<em>Policy and Politics,\u00a0<\/em>12 January 2018.<\/p>\n<p>Peter Taylor-Gooby (2017). \u2018<a href=\"https:\/\/doi.org\/10.1017\/S0047279417000538\">Redoubling the Crisis of the Welfare State<\/a>\u2019. Journal of Social Policy, 46, 4, 815-835<\/p>\n<h3>Book chapters<\/h3>\n<p>Tatjana Rakar and Ma\u0161a Filipovi\u010d Hrast (2017). Socialne nalo\u017ebe in dru\u017einska politika v Sloveniji [Social investment perspective in family policy in Slovenia], in\u00a0<a href=\"http:\/\/www.zalozba-sophia.si\/katalog\/2017\/generaciji-navidezne-svobode\"><em>Generaciji navidezne svobode: otroci in star\u0161i v sodobni dru\u017ebi [Generations of illusive freedom: children and parents in contemporary society]\u00a0<\/em><\/a>(Tamara Narat and Urban Boljka eds.). Ljubljana: Zalo\u017eba Sophia.<\/p>\n<h3>Publication intended for a wider audience<\/h3>\n<p>Steffen Mau, Jan-Ocko Heuer (2016).\u00a0<a href=\"http:\/\/library.fes.de\/pdf-files\/wiso\/12516.pdf\">Wachsende Ungleichheit als Gefahr f\u00fcr nachhaltiges Wachstum: Wie die Bev\u00f6lkerung \u00fcber soziale Unterschiede denkt<\/a>. Bonn: Friedrich-Ebert-Stiftung, Abteilung Wirtschafts- und Sozialpolitik.<\/p>\n<h3>Conference papers<\/h3>\n<h4>Papers presented at the 2017 annual ESPAnet Conference, Lisbon, 14-16 September 2017<\/h4>\n<ul>\n<li><a href=\"https:\/\/blogs.kent.ac.uk\/welfsoc\/files\/2015\/05\/Rights-and-obligations-in-times-of-austerity-Citizens-perceptions-of-welfare-conditionality-from-a-multidimensional-perspective.pdf\">Rights and obligations in times of austerity \u2013 Citizen\u2019s perceptions of welfare conditionality from a multidimensional perspective<\/a>\u00a0\u2013 Katharina Zimmermann and Jan-Ocko Heuer<\/li>\n<li><a href=\"https:\/\/blogs.kent.ac.uk\/welfsoc\/files\/2015\/05\/The-changes-and-future-of-the-Slovenian-welfare-state-a-view-from-deliberative-forums.pdf\">The changes and future of the Slovenian welfare state \u2013 a view from deliberative forums\u00a0<\/a>\u2013 Tatjana Rakar and Masa Filipovic Hrast<\/li>\n<li><a href=\"https:\/\/blogs.kent.ac.uk\/welfsoc\/files\/2015\/05\/Moral-economies-of-the-welfare-state-a-qualitative-comparative-study.pdf\">Moral economies of the welfare state \u2013 a qualitative comparative study\u00a0<\/a>\u2013 Bjorn Hvinden, Steffen Mau and Peter Taylor-Gooby<\/li>\n<\/ul>\n<h4>One book of proceedings from National conference on \u201cFuture of the Slovenian welfare state\u201d<\/h4>\n<p>Filipovic Hrast, Ma\u0161a, Rakar, Tatjana (eds).\u00a0<a href=\"https:\/\/knjigarna.fdv.si\/knjige\/sociologija\/i_738_prihodnost-slovenske-drzave-blaginje\">Zbornik povzetkov iz konference Prihodnost slovenske dr\u017eave blaginje<\/a>, 24. 5. 2017, FDV, Univerza v Ljubljani. Ljubljana: Zalo\u017eba FDV. 2017.<\/p>\n<h4>Papers presented at the 2016 annual ESPAnet Conference, Rotterdam, 1-2 September 2016<\/h4>\n<ul>\n<li><a href=\"https:\/\/blogs.kent.ac.uk\/welfsoc\/files\/2015\/05\/Leruth-Benjamin-Welfare-State-Futures-Prospects-and-Cuts.pdf\">Welfare State Futures, Prospects and Cuts: Using Democratic Forums to Investigate Attitudes to Welfare<\/a><br \/>\nBenjamin Leruth<\/li>\n<li><a href=\"https:\/\/blogs.kent.ac.uk\/welfsoc\/files\/2015\/05\/Larsen-Christian-Albrekt.pdf\">European welfare chauvinism: A study of deliberative forums in five countries\u00a0<\/a><br \/>\nChristian Albrekt Larsen, Morten Frederiksen, Mathias Herup Nielsen &amp; J\u00f8rgen Goul Andersen<\/li>\n<li><a href=\"https:\/\/blogs.kent.ac.uk\/welfsoc\/files\/2015\/05\/Rakar-Tatjana-Future-responsibilities-towards-the-elderly-a-comparative-analysis-of-welfare-state-attitudes-and-expectations-in-Norway-and-Slovenia.pdf\">Future responsibilities towards the elderly: a comparative analysis of welfare state attitudes and expectations in Norway and Slovenia\u00a0<\/a><br \/>\nMa\u0161a Filipovi\u010d Hrast, Prof. Bj\u00f8rn Hvinden, Dr. Kjetil Klette Boehler, Dr. Tatjana Rakar, Mi Ah Sch\u00f8yen &amp; Vegard S Svag\u00e5rd<\/li>\n<li><a href=\"https:\/\/blogs.kent.ac.uk\/welfsoc\/files\/2015\/05\/Zimmermann-Katharina-Attitudes-towards-taxation-a-moving-target-A-procedural-perspective.pdf\">Changing preferences towards redistribution: How deliberation shapes welfare attitudes<\/a><br \/>\nKatharina Zimmermann &amp; Jan-Ocko Heuer<\/li>\n<li><a href=\"https:\/\/blogs.kent.ac.uk\/welfsoc\/files\/2015\/05\/Heuer-Jan-Ocko-State-market-or-family-Attributions-of-responsibility-for-social-policies-by-the-population-in-the-British-and-German-welfare-state-regime.pdf\">Attitudes towards the welfare mix: How citizens in Germany and the United Kingdom attribute responsibilities for social welfare to state, market, and family \u2013 and why<\/a><br \/>\nJan-Ocko Heuer, Benjamin Leruth, Steffen Mau &amp; Katharina Zimmermann<\/li>\n<\/ul>\n<h4>Papers presented at the 2015 annual ESPAnet Conference, Odense, 4 September 2015<\/h4>\n<ul>\n<li><a href=\"https:\/\/blogs.kent.ac.uk\/welfsoc\/files\/2015\/05\/Heuer-Mau-Stretching-the-Limits-of-Solidarity-Draft-Chapter-Germany-2015-08-13.pdf\">Stretching the limits of solidarity: The German case<\/a><br \/>\n<em>Dr. Jan-Ocko Heuer and Prof. Steffen Mau, Humboldt University of Berlin<\/em><\/li>\n<li><a href=\"https:\/\/blogs.kent.ac.uk\/welfsoc\/files\/2015\/05\/UK-background-paper.docx\">Where next for the UK welfare state?<\/a><br \/>\n<em>Prof. Peter Taylor-Gooby, Dr. Benjamin Leruth and Dr. Heejung Chung, University of Kent<br \/>\n<a href=\"https:\/\/blogs.kent.ac.uk\/welfsoc\/files\/2015\/05\/Where-next-for-the-UK-Welfare-State-ESPAnet-1.pptx\">PowerPoint presentation<\/a><br \/>\n<\/em><\/li>\n<li><a href=\"https:\/\/blogs.kent.ac.uk\/welfsoc\/files\/2015\/05\/The-devil-of-the-details-Albrekt-Larsen.pdf\">The devils of the details: Danish welfare chauvinism across policy programs and migrant groups\u00a0<\/a><br \/>\n<em>Prof. Christian Albrekt Larsen, Aalborg University<\/em><\/li>\n<li><a href=\"https:\/\/blogs.kent.ac.uk\/welfsoc\/files\/2015\/05\/Draft_Paper_FilipovicHrastRakar.pdf\">The future of welfare state and challenges to solidarity in Slovenia<\/a><br \/>\n<em>Dr. Ma\u0161a Filipovi\u010d Hrast and Dr. Tatjana Rakar, University of Ljubljana<\/em><\/li>\n<\/ul>\n<h4>Papers presented at the first WelfSOC co-ordination conference, London, 12-13 February 2015<\/h4>\n<ul>\n<li><a href=\"https:\/\/blogs.kent.ac.uk\/welfsoc\/files\/2015\/05\/Deliberative-Forums-discussion-paper-PTG.docx\">Deliberative Forums \u2013 discussion paper<\/a><br \/>\n<em>Prof. Peter Taylor-Gooby, University of Kent<\/em><\/li>\n<li><a href=\"https:\/\/blogs.kent.ac.uk\/welfsoc\/files\/2015\/05\/Research-Design-discussion-paper-PTG.docx\">Research Design \u2013 discussion paper\u00a0<\/a><br \/>\n<em>Prof. Peter Taylor-Gooby, University of Kent<\/em><\/li>\n<li><a href=\"https:\/\/blogs.kent.ac.uk\/welfsoc\/files\/2015\/05\/Norface-Deliberative-Forums-Elstub.docx\">Deliberative Forums in Attitude R<\/a><a href=\"https:\/\/blogs.kent.ac.uk\/welfsoc\/files\/2015\/05\/Norface-Deliberative-Forums-Elstub.docx\">esearch: Practical Issues<br \/>\n<\/a><em>Dr. Stephen Elstub,\u00a0University of the West of Scotland<\/em><\/li>\n<\/ul>\n<h4>WelfSOC background papers<\/h4>\n<p>These background papers were prepared by each national team in order to reflect on past, present and future challenges for the welfare state in each country. It offers a review of welfare policies and attitude data. In addition, a comparative European background paper explores policy responses to the Great Recession and most recent attitudinal data in comparative perspective.<\/p>\n<ul>\n<li><a href=\"https:\/\/blogs.kent.ac.uk\/welfsoc\/files\/2015\/05\/UK-background-paper1.docx\">United Kingdom<\/a><\/li>\n<li><a href=\"https:\/\/blogs.kent.ac.uk\/welfsoc\/files\/2015\/05\/Germany.doc\">Germany<\/a><\/li>\n<li><a href=\"https:\/\/blogs.kent.ac.uk\/welfsoc\/files\/2015\/05\/Background-paper-Denmark.docx\">Denmark<\/a><\/li>\n<li><a href=\"https:\/\/blogs.kent.ac.uk\/welfsoc\/files\/2015\/05\/S%C3%B8rvoll-2015-Norface-Nwelfare-state.docx.pdf\">Norway<\/a><\/li>\n<li><a href=\"https:\/\/blogs.kent.ac.uk\/welfsoc\/files\/2015\/05\/Draft_Paper_FilipovicHrastRakar.pdf\">Slovenia<\/a><\/li>\n<li><a href=\"https:\/\/blogs.kent.ac.uk\/welfsoc\/files\/2015\/05\/WelfSOC-Comparative-Background-Paper.docx\">Comparative background paper<\/a><\/li>\n<\/ul>\n<p>&nbsp;<\/p>\n","protected":false},"excerpt":{"rendered":"<p>On this page, you will find a series of WelfSOC-related documents, working papers, datasets and background information prepared by the research teams involved in this project. Book \u201cAfter Austerity: Welfare State Transformation in Europe after the Great Recession\u201c, edited by Peter Taylor-Gooby,\u00a0Benjamin Leruth and Heejung Chung (Oxford University Press) Available as a hardcover (\u00a365), paperback [&hellip;]<\/p>\n","protected":false},"author":757,"featured_media":0,"parent":0,"menu_order":3,"comment_status":"closed","ping_status":"closed","template":"","meta":{"_acf_changed":false,"footnotes":""},"class_list":["post-29","page","type-page","status-publish","hentry"],"acf":[],"_links":{"self":[{"href":"https:\/\/research.kent.ac.uk\/welfsoc\/wp-json\/wp\/v2\/pages\/29","targetHints":{"allow":["GET"]}}],"collection":[{"href":"https:\/\/research.kent.ac.uk\/welfsoc\/wp-json\/wp\/v2\/pages"}],"about":[{"href":"https:\/\/research.kent.ac.uk\/welfsoc\/wp-json\/wp\/v2\/types\/page"}],"author":[{"embeddable":true,"href":"https:\/\/research.kent.ac.uk\/welfsoc\/wp-json\/wp\/v2\/users\/757"}],"replies":[{"embeddable":true,"href":"https:\/\/research.kent.ac.uk\/welfsoc\/wp-json\/wp\/v2\/comments?post=29"}],"version-history":[{"count":5,"href":"https:\/\/research.kent.ac.uk\/welfsoc\/wp-json\/wp\/v2\/pages\/29\/revisions"}],"predecessor-version":[{"id":298,"href":"https:\/\/research.kent.ac.uk\/welfsoc\/wp-json\/wp\/v2\/pages\/29\/revisions\/298"}],"wp:attachment":[{"href":"https:\/\/research.kent.ac.uk\/welfsoc\/wp-json\/wp\/v2\/media?parent=29"}],"curies":[{"name":"wp","href":"https:\/\/api.w.org\/{rel}","templated":true}]}}