{"id":4429,"date":"2018-05-03T09:53:47","date_gmt":"2018-05-03T08:53:47","guid":{"rendered":"https:\/\/research.kent.ac.uk\/upgrade-warandnation\/?page_id=4429"},"modified":"2021-04-29T11:35:02","modified_gmt":"2021-04-29T10:35:02","slug":"4429-2","status":"publish","type":"page","link":"https:\/\/research.kent.ac.uk\/warandnation\/es\/","title":{"rendered":""},"content":{"rendered":"<p>Nuestro proyecto de investigaci\u00f3n \u201cWar and Nation: Identity and the Process of State-Building in South America (1800-1840)\u201d, coordinado por <a href=\"https:\/\/research.kent.ac.uk\/warandnation\/person\/dr-natalia-sobrevilla-perea\/\">Natalia Sobrevilla Perea<\/a> (University of Kent) y financiado por el Leverhulme Trust explora la forma en que la guerra se convirti\u00f3 en un catalizador para la creaci\u00f3n de identidades en Am\u00e9rica del Sur en el siglo diecinueve.<\/p>\n<p><img loading=\"lazy\" decoding=\"async\" class=\"alignright size-full wp-image-3834\" src=\"https:\/\/research.kent.ac.uk\/warandnation\/wp-content\/uploads\/sites\/1846\/2018\/05\/War-and-Nation-Co-Investigators-300x166.png\" alt=\"\" width=\"300\" height=\"166\" \/> El equipo est\u00e1 compuesto por <a href=\"https:\/\/research.kent.ac.uk\/warandnation\/person\/dr-lorna-dillon\/\">Lorna Dillon<\/a> (University of Kent)\u00a0<a href=\"https:\/\/research.kent.ac.uk\/warandnation\/person\/dr-claudia-rosas-lauro\/\">Claudia Rosas Lauro<\/a> (PUCP, Per\u00fa), <a href=\"https:\/\/research.kent.ac.uk\/warandnation\/person\/dr-gabriel-di-meglio\/\">Gabriel Di Meglio<\/a> (Instituto Ravignani, Universidad de Buenos Aires, CONICET, Argentina), <a href=\"https:\/\/research.kent.ac.uk\/warandnation\/person\/dr-alejandro-m-rabinovich\/\">Alejandro Rabinovich<\/a> (Universidad de la Pampa, CONICET, Argentina), <a href=\"https:\/\/research.kent.ac.uk\/warandnation\/person\/dr-daniel-gutierrez-ardilla\/\">Daniel Guti\u00e9rrez<\/a> (Universidad Externado de Colombia) y <a href=\"https:\/\/research.kent.ac.uk\/warandnation\/person\/dr-juan-luis-ossa\/\">Juan Luis Ossa<\/a> (Centro de Estudios de Historia Pol\u00edtica, Universidad Adolfo Iba\u00f1ez, Chile).<\/p>\n<p>Desde el principio, la guerra impuls\u00f3 el desarrollo de identidades que eventualmente se convertir\u00edan en nacionalidades. Nuevas naciones se desarrollaron dentro de las \u00e1reas administrativas coloniales que los espa\u00f1oles hab\u00edan impuesto. Para comprender c\u00f3mo surgieron los nuevos estados, es necesario trabajar fuera de las limitaciones geogr\u00e1ficas de las naciones que conocemos hoy en d\u00eda, y estudiar el conflicto desde una perspectiva regional. Nuestro proyecto funciona desde esta perspectiva.<\/p>\n<p><img loading=\"lazy\" decoding=\"async\" class=\"alignright wp-image-3833 size-medium\" src=\"https:\/\/research.kent.ac.uk\/warandnation\/wp-content\/uploads\/sites\/1846\/2018\/05\/P\u00fablico-asistente-Auditorio-de-Humanidades-4-300x225.jpg\" alt=\"\" width=\"300\" height=\"225\" srcset=\"https:\/\/research.kent.ac.uk\/warandnation\/wp-content\/uploads\/sites\/1846\/2018\/05\/P\u00fablico-asistente-Auditorio-de-Humanidades-4-300x225.jpg 300w, https:\/\/research.kent.ac.uk\/warandnation\/wp-content\/uploads\/sites\/1846\/2018\/05\/P\u00fablico-asistente-Auditorio-de-Humanidades-4-768x576.jpg 768w, https:\/\/research.kent.ac.uk\/warandnation\/wp-content\/uploads\/sites\/1846\/2018\/05\/P\u00fablico-asistente-Auditorio-de-Humanidades-4-1024x768.jpg 1024w, https:\/\/research.kent.ac.uk\/warandnation\/wp-content\/uploads\/sites\/1846\/2018\/05\/P\u00fablico-asistente-Auditorio-de-Humanidades-4-600x450.jpg 600w, https:\/\/research.kent.ac.uk\/warandnation\/wp-content\/uploads\/sites\/1846\/2018\/05\/P\u00fablico-asistente-Auditorio-de-Humanidades-4.jpg 1920w\" sizes=\"auto, (max-width: 300px) 100vw, 300px\" \/> Organizamos talleres acad\u00e9micos y conferencias sobre el per\u00edodo de la independencia y creamos podcasts cortos sobre la historia de Am\u00e9rica del Sur, para as\u00ed complementar la informaci\u00f3n de esta p\u00e1gina web.<\/p>\n<p>Los enlaces de la derecha sirven para encontrar informaci\u00f3n general sobre las Guerras de Independencia de Am\u00e9rica del Sur. Adem\u00e1s, las p\u00e1ginas contienen <em>podcasts<\/em> cortos, creados por los investigadores del proyecto. Los <em>podcasts<\/em> est\u00e1n dise\u00f1ados para ofrecer una breve introducci\u00f3n a los temas que abarca nuestro proyecto. Esperamos que los encuentren \u00fatiles. Para mayor informaci\u00f3n, v\u00e9ase la lista de publicaciones del proyecto en la p\u00e1gina de publicaciones. Se puede encontrar videos m\u00e1s largos de nuestras conferencias y eventos en las p\u00e1ginas de noticias y eventos. Asimismo, hay videos de algunas de las ponencias en las p\u00e1ginas de cada evento.<\/p>\n<p>El quinto encuentro internacional de la red \u201cWar and Nation: identity and the process of state-building in South America\u201d se realiz\u00f3 en Per\u00fa, entre los d\u00edas 20 al 29 de Abril de 2018.<\/p>\n<p><strong>EN LOS SIGUIENTES ENLACES PUEDEN DESCARGASE LOS \u00daLTIMOS PODCASTS PUBLICADO AL RESPECTO:<\/strong><\/p>\n<div class=\"video-container\"><iframe loading=\"lazy\" title=\"Nada Est\u00e1 Dicho \u2502Natalia Sobrevilla y los detalles poco conocidos de la independencia del Per\u00fa\" width=\"500\" height=\"281\" src=\"https:\/\/www.youtube.com\/embed\/94TJeJvlxlg?feature=oembed\" frameborder=\"0\" allow=\"accelerometer; autoplay; clipboard-write; encrypted-media; gyroscope; picture-in-picture; web-share\" referrerpolicy=\"strict-origin-when-cross-origin\" allowfullscreen><\/iframe><\/div>\n<p>&nbsp;<\/p>\n<div class=\"video-container\"><iframe loading=\"lazy\" title=\"Sin Pauta: Per\u00fa rumbo al bicentenario\" width=\"500\" height=\"281\" src=\"https:\/\/www.youtube.com\/embed\/7bcLpxD5GQA?feature=oembed\" frameborder=\"0\" allow=\"accelerometer; autoplay; clipboard-write; encrypted-media; gyroscope; picture-in-picture; web-share\" referrerpolicy=\"strict-origin-when-cross-origin\" allowfullscreen><\/iframe><\/div>\n","protected":false},"excerpt":{"rendered":"<p>Nuestro proyecto de investigaci\u00f3n \u201cWar and Nation: Identity and the Process of State-Building in South America (1800-1840)\u201d, coordinado por Natalia Sobrevilla Perea (University of Kent) y financiado por el Leverhulme Trust explora la forma en que la guerra se convirti\u00f3 en un catalizador para la creaci\u00f3n de identidades en Am\u00e9rica del Sur en el siglo [&hellip;]<\/p>\n","protected":false},"author":122,"featured_media":0,"parent":0,"menu_order":0,"comment_status":"closed","ping_status":"closed","template":"","meta":{"_acf_changed":false,"footnotes":""},"class_list":["post-4429","page","type-page","status-publish","hentry"],"acf":[],"_links":{"self":[{"href":"https:\/\/research.kent.ac.uk\/warandnation\/wp-json\/wp\/v2\/pages\/4429","targetHints":{"allow":["GET"]}}],"collection":[{"href":"https:\/\/research.kent.ac.uk\/warandnation\/wp-json\/wp\/v2\/pages"}],"about":[{"href":"https:\/\/research.kent.ac.uk\/warandnation\/wp-json\/wp\/v2\/types\/page"}],"author":[{"embeddable":true,"href":"https:\/\/research.kent.ac.uk\/warandnation\/wp-json\/wp\/v2\/users\/122"}],"replies":[{"embeddable":true,"href":"https:\/\/research.kent.ac.uk\/warandnation\/wp-json\/wp\/v2\/comments?post=4429"}],"version-history":[{"count":4,"href":"https:\/\/research.kent.ac.uk\/warandnation\/wp-json\/wp\/v2\/pages\/4429\/revisions"}],"predecessor-version":[{"id":4789,"href":"https:\/\/research.kent.ac.uk\/warandnation\/wp-json\/wp\/v2\/pages\/4429\/revisions\/4789"}],"wp:attachment":[{"href":"https:\/\/research.kent.ac.uk\/warandnation\/wp-json\/wp\/v2\/media?parent=4429"}],"curies":[{"name":"wp","href":"https:\/\/api.w.org\/{rel}","templated":true}]}}