{"id":4210,"date":"2018-11-21T16:13:30","date_gmt":"2018-11-21T16:13:30","guid":{"rendered":"https:\/\/research.kent.ac.uk\/upgrade-warandnation\/?page_id=4210"},"modified":"2020-09-14T13:13:59","modified_gmt":"2020-09-14T12:13:59","slug":"la-guerra-civil-revolucionaria-en-chile","status":"publish","type":"page","link":"https:\/\/research.kent.ac.uk\/warandnation\/es\/la-guerra-civil-revolucionaria-en-chile\/","title":{"rendered":"La Guerra Civil Revolucionaria en Chile"},"content":{"rendered":"<p>El Dr. Juan Luis Ossa Santa Cruz, co-investigador del proyecto Guerra y Naci\u00f3n, y especialista en la historia de la independencia en Chile, divide en tres etapas clave la lucha por la independencia en la regi\u00f3n. La primera de ellas fue la que \u00e9l denomin\u00f3 la Guerra Civil Revolucionaria. Esta se prolong\u00f3 desde aproximadamente 1808 (o 1810, si usamos la fecha que normalmente se considera como el inicio de la guerra de independencia en Chile) y dur\u00f3 hasta 1814, cuando los revolucionarios fueron derrotados en la Batalla de Rancagua y huyeron a Mendoza, por los Andes. La segunda etapa de la lucha por la independencia en Chile fue el per\u00edodo en el que Bernando O&#8217;Higgins empez\u00f3 a formar una alianza con el Ej\u00e9rcito Argentino de los Andes. El cruce de los Andes fue un momento crucial en la lucha independentista. En realidad, el objetivo de O&#8217;Higgins era utilizar la conquista de Chile como un trampol\u00edn para luego tomar Lima en Per\u00fa. La tercera fase fue la militarizaci\u00f3n del ej\u00e9rcito en Chile.<\/p>\n<p><strong>La primera fase de la lucha por la independencia en Chile<\/strong><br \/>\nLas abdicaciones de Carlos IV y Fernando VII en Espa\u00f1a fueron catalizadores de la primera fase de la lucha por la independencia en Chile. Su reemplazo por el monarca franc\u00e9s Joseph Bonapart caus\u00f3 inestabilidad en la Capitan\u00eda General de Chile, as\u00ed como en otras regiones. Esta era una de las regiones menos pr\u00f3speras del imperio espa\u00f1ol y tambi\u00e9n enfrentaba problemas internos, ya que su gobernador hab\u00eda muerto y la regi\u00f3n estaba manejada por una regencia provisional, antes de que el cargo fuera asumido por el m\u00e1s alto oficial militar, el brigadier Francisco Garc\u00eda Carrasco. Aunque en ese momento la mayor parte de Chile era fervientemente realista, la lucha en el pa\u00eds fue inicialmente entre criollos chilenos revolucionarios que favorec\u00edan la independencia de Espa\u00f1a y los criollos realistas que quer\u00edan permanecer como parte del imperio espa\u00f1ol.\u00a0En el siguiente podcast, el Dr. Juan Luis Ossa de la Universidad Adolfo Ib\u00e1\u00f1ez habla sobre la guerra civil revolucionaria en Chile.<\/p>\n<div class=\"video-container\"><iframe loading=\"lazy\" title=\"Dr Juan Luis Ossa on the Independence of Chile\" width=\"500\" height=\"281\" src=\"https:\/\/www.youtube.com\/embed\/1fUbxhpfELY?feature=oembed\" frameborder=\"0\" allow=\"accelerometer; autoplay; clipboard-write; encrypted-media; gyroscope; picture-in-picture; web-share\" referrerpolicy=\"strict-origin-when-cross-origin\" allowfullscreen><\/iframe><\/div>\n<p>La inestabilidad en Chile causada por la invasi\u00f3n napole\u00f3nica de Espa\u00f1a (y el subsiguiente vac\u00edo en el poder en Espa\u00f1a) se agrav\u00f3 por el hecho de que el brigadier Carrasco no fue respaldado por las \u00e9lites criollas bajo su mando. Se necesitan m\u00e1s estudios sobre la importancia de los factores sociales en las guerras de independencia, pero la investigaci\u00f3n reciente del Dr. Juan Luis Ossa, co-investigador del proyecto Guerra y Naci\u00f3n, ha destacado la importancia de las redes comerciales y las comunidades sociales en la lucha por la independencia. Ossa Santa Cruz revela que exist\u00edan varios grupos poderosos de la \u00e9lite en Latinoam\u00e9rica cuando el rey de Espa\u00f1a fue destituido del poder en 1808, y los diferentes grupos ten\u00edan una variedad de intereses y aspiraciones heterog\u00e9neas. Por ejemplo, algunos grupos trataron de romper las restricciones impuestas por las corporaciones peninsulares que gobernaban Am\u00e9rica en nombre del rey, pero esto no significaba que quer\u00edan separarse de la monarqu\u00eda espa\u00f1ola. Es importante mencionar que el comercio en la regi\u00f3n cruz\u00f3 las fronteras de los virreinatos coloniales y, por lo tanto, las redes empresariales conectaron a las \u00e9lites de Santiago con las de Lima, Buenos Aires e incluso C\u00e1diz. Esto dej\u00f3 a la comunidad empresarial en una posici\u00f3n s\u00f3lida a la hora de considerar y modificar el panorama pol\u00edtico. A pesar de estas amplias redes comerciales, las \u00e9lites en las ciudades viv\u00edan a menudo en un \u00e1rea geogr\u00e1fica relativamente peque\u00f1a. Por ejemplo, en Santiago viv\u00edan en un barrio m\u00ednimo que consist\u00eda en unas pocas cuadras. Muchos de estas \u00e9lites chilenas proven\u00edan de un n\u00famero peque\u00f1o de familias vascas. Sin embargo, no solo las \u00e9lites que viv\u00edan en las principales ciudades estaban interesadas en el cambiante panorama pol\u00edtico. El levantamiento de las restricciones comerciales fue uno de los debates importantes del momento, y comerciantes de todas partes tuvieron inter\u00e9s en las diferentes medidas pol\u00edticas que ser\u00edan impuestas por una junta local. En Chile hubo un llamado para eliminar las restricciones comerciales. Se argumentaba que el libre comercio ayudar\u00eda a mitigar la crisis econ\u00f3mica causada por la incertidumbre que surgi\u00f3 de la invasi\u00f3n napole\u00f3nica de la pen\u00ednsula espa\u00f1ola y la abdicaci\u00f3n de la familia real. Las \u00e9lites en Santiago no estaban simplemente cuestionando qui\u00e9n deber\u00eda gobernar en la ausencia del rey, sino tambi\u00e9n si deber\u00edan abrirse monopolios espa\u00f1oles restrictivos para permitir el comercio con otras regiones en un momento de inestabilidad econ\u00f3mica.<\/p>\n<p><strong>Lectura adicional<\/strong><\/p>\n<p>Ossa Santa Cruz, Juan Luis. \u201c<a href=\"https:\/\/www.academia.edu\/33096279\/MIGUEL_EYZAGUIRRE_LAS_REDES_DE_UN_CHILENO_REFORMISTA_EN_LA_LIMA_DEL_VIRREY_ABASCAL_1803-1816\">Miguel Eyzaguirre: las redes de un chileno reformista en la Lima del virrey Abascal, 1803-1816.&#8221; Revista de Indias 77, no. 269 (2017): 137-167<\/a>.<\/p>\n","protected":false},"excerpt":{"rendered":"<p>El Dr. Juan Luis Ossa Santa Cruz, co-investigador del proyecto Guerra y Naci\u00f3n, y especialista en la historia de la independencia en Chile, divide en tres etapas clave la lucha por la independencia en la regi\u00f3n. La primera de ellas fue la que \u00e9l denomin\u00f3 la Guerra Civil Revolucionaria. Esta se prolong\u00f3 desde aproximadamente 1808 [&hellip;]<\/p>\n","protected":false},"author":122,"featured_media":0,"parent":0,"menu_order":0,"comment_status":"closed","ping_status":"closed","template":"","meta":{"_acf_changed":false,"footnotes":""},"class_list":["post-4210","page","type-page","status-publish","hentry"],"acf":[],"_links":{"self":[{"href":"https:\/\/research.kent.ac.uk\/warandnation\/wp-json\/wp\/v2\/pages\/4210","targetHints":{"allow":["GET"]}}],"collection":[{"href":"https:\/\/research.kent.ac.uk\/warandnation\/wp-json\/wp\/v2\/pages"}],"about":[{"href":"https:\/\/research.kent.ac.uk\/warandnation\/wp-json\/wp\/v2\/types\/page"}],"author":[{"embeddable":true,"href":"https:\/\/research.kent.ac.uk\/warandnation\/wp-json\/wp\/v2\/users\/122"}],"replies":[{"embeddable":true,"href":"https:\/\/research.kent.ac.uk\/warandnation\/wp-json\/wp\/v2\/comments?post=4210"}],"version-history":[{"count":3,"href":"https:\/\/research.kent.ac.uk\/warandnation\/wp-json\/wp\/v2\/pages\/4210\/revisions"}],"predecessor-version":[{"id":4933,"href":"https:\/\/research.kent.ac.uk\/warandnation\/wp-json\/wp\/v2\/pages\/4210\/revisions\/4933"}],"wp:attachment":[{"href":"https:\/\/research.kent.ac.uk\/warandnation\/wp-json\/wp\/v2\/media?parent=4210"}],"curies":[{"name":"wp","href":"https:\/\/api.w.org\/{rel}","templated":true}]}}