{"id":4040,"date":"2018-07-23T15:14:58","date_gmt":"2018-07-23T14:14:58","guid":{"rendered":"https:\/\/research.kent.ac.uk\/upgrade-warandnation\/?page_id=4040"},"modified":"2020-09-14T11:49:00","modified_gmt":"2020-09-14T10:49:00","slug":"1824-los-espanoles-finalmente-son-derrotados-en-america","status":"publish","type":"page","link":"https:\/\/research.kent.ac.uk\/warandnation\/es\/1824-los-espanoles-finalmente-son-derrotados-en-america\/","title":{"rendered":"1824 Los espa\u00f1oles finalmente son derrotados en Am\u00e9rica"},"content":{"rendered":"<div class=\"video-container\"><iframe loading=\"lazy\" title=\"Sin Pauta: Per\u00fa rumbo al bicentenario\" width=\"500\" height=\"281\" src=\"https:\/\/www.youtube.com\/embed\/7bcLpxD5GQA?feature=oembed\" frameborder=\"0\" allow=\"accelerometer; autoplay; clipboard-write; encrypted-media; gyroscope; picture-in-picture; web-share\" referrerpolicy=\"strict-origin-when-cross-origin\" allowfullscreen><\/iframe><\/div>\n<p>A fines de 1824, el ej\u00e9rcito de Bol\u00edvar hab\u00eda invadido el \u00faltimo basti\u00f3n realista en Am\u00e9rica en el Virreinato del Per\u00fa. Hubo dos batallas clave como parte de este asalto final. La primera fue en Jun\u00edn y la segunda en Ayacucho. En realidad, las fuerzas de Ayacucho no estaban comandadas por Bol\u00edvar sino por Sucre. La batalla termin\u00f3 r\u00e1pidamente cuando las fuerzas de independencia capturaron al mism\u00edsimo virrey La Serna. Despu\u00e9s de la Batalla de Ayacucho, algunos comandantes espa\u00f1oles trataron de aferrarse al Alto Per\u00fa, pero a las pocas semanas se fueron y no pas\u00f3 mucho tiempo antes de que los soldados espa\u00f1oles se retiraran de Am\u00e9rica.<\/p>\n<p>En el siguiente podcast, Charles Walker, el orador principal en uno de nuestros eventos en el Per\u00fa, habla sobre la independencia en el Per\u00fa. Walker considera que la independencia en el Per\u00fa lleg\u00f3 m\u00e1s tarde que en la mayor\u00eda de las otras regiones de Am\u00e9rica Latina. Menciona diversas etapas en el proceso de independencia, desde las primeras campa\u00f1as de Tupac Amaru hasta la Batalla de Ayacucho. En realidad, muchos de los lugare\u00f1os en las diversas regiones apoyaron a los espa\u00f1oles y se requiere m\u00e1s investigaci\u00f3n sobre las razones por las que diferentes facciones de personas apoyaron la causa realista.<\/p>\n<p>De hecho, la isla de Chilo\u00e9 en el sur de Chile fue el \u00faltimo basti\u00f3n realista en caer en manos de los revolucionarios (en 1826). Chilo\u00e9 le hab\u00eda dado mucho apoyo a la administraci\u00f3n espa\u00f1ola. No era parte de la Patria Vieja, que era la antigua rep\u00fablica en la regi\u00f3n central de Chile, pero los hombres de Chilo\u00e9 fueron alistados como soldados por los realistas y enviados a luchar all\u00ed.<\/p>\n<p>Thomas Cochrane y William Miller, oficiales brit\u00e1nicos que estaban ayudando a los revolucionarios, trataron de tomar la isla, pero fracasaron. M\u00e1s tarde, Jorge Beauchef, un militar franc\u00e9s, dirigi\u00f3 un intento, pero nuevamente este fall\u00f3.<\/p>\n<div id=\"attachment_4043\" style=\"width: 207px\" class=\"wp-caption alignleft\"><img loading=\"lazy\" decoding=\"async\" aria-describedby=\"caption-attachment-4043\" class=\"wp-image-4043 size-medium\" src=\"https:\/\/research.kent.ac.uk\/warandnation\/wp-content\/uploads\/sites\/1846\/2018\/07\/Freire-197x300.png\" alt=\"\" width=\"197\" height=\"300\" srcset=\"https:\/\/research.kent.ac.uk\/warandnation\/wp-content\/uploads\/sites\/1846\/2018\/07\/Freire-197x300.png 197w, https:\/\/research.kent.ac.uk\/warandnation\/wp-content\/uploads\/sites\/1846\/2018\/07\/Freire.png 523w\" sizes=\"auto, (max-width: 197px) 100vw, 197px\" \/><p id=\"caption-attachment-4043\" class=\"wp-caption-text\">Ram\u00f3n Freire<\/p><\/div>\n<p>Finalmente, el 15 de enero de 1826, una ofensiva liderada por el oficial militar chileno Ram\u00f3n Freire tuvo \u00e9xito y logr\u00f3 que las fuerzas realistas se rindieran.<\/p>\n<p>Freire hab\u00eda estado involucrado en la lucha por la independencia desde 1810. Hab\u00eda estado involucrado en el establecimiento de la primera junta en Chile y hab\u00eda luchado en el Ej\u00e9rcito de los Andes en 1816, siendo ascendido a coronel luego de su \u00e9xito en la batalla de Maip\u00fa.<\/p>\n<div id=\"attachment_4044\" style=\"width: 160px\" class=\"wp-caption alignright\"><img loading=\"lazy\" decoding=\"async\" aria-describedby=\"caption-attachment-4044\" class=\"size-thumbnail wp-image-4044\" src=\"https:\/\/research.kent.ac.uk\/warandnation\/wp-content\/uploads\/sites\/1846\/2018\/07\/Gold-medals-from-the-1818-Battle-of-Maipu.-Unknown-providence-150x150.png\" alt=\"\" width=\"150\" height=\"150\" srcset=\"https:\/\/research.kent.ac.uk\/warandnation\/wp-content\/uploads\/sites\/1846\/2018\/07\/Gold-medals-from-the-1818-Battle-of-Maipu.-Unknown-providence-150x150.png 150w, https:\/\/research.kent.ac.uk\/warandnation\/wp-content\/uploads\/sites\/1846\/2018\/07\/Gold-medals-from-the-1818-Battle-of-Maipu.-Unknown-providence-200x200.png 200w\" sizes=\"auto, (max-width: 150px) 100vw, 150px\" \/><p id=\"caption-attachment-4044\" class=\"wp-caption-text\">Medallas de oro de la Batalla de Maip\u00fa de 1818<\/p><\/div>\n<p>Freire asumi\u00f3 el cargo de Director Supremo, en 1823, cuando Bernardo O\u2019Higgins fue reemplazado por la Junta. En 1827, Freire se convirti\u00f3 en presidente y utiliz\u00f3 su posici\u00f3n para abogar por la abolici\u00f3n de la esclavitud, la libertad de prensa y la reforma educativa.<\/p>\n","protected":false},"excerpt":{"rendered":"<p>A fines de 1824, el ej\u00e9rcito de Bol\u00edvar hab\u00eda invadido el \u00faltimo basti\u00f3n realista en Am\u00e9rica en el Virreinato del Per\u00fa. Hubo dos batallas clave como parte de este asalto final. La primera fue en Jun\u00edn y la segunda en Ayacucho. En realidad, las fuerzas de Ayacucho no estaban comandadas por Bol\u00edvar sino por Sucre. [&hellip;]<\/p>\n","protected":false},"author":122,"featured_media":0,"parent":0,"menu_order":0,"comment_status":"closed","ping_status":"closed","template":"","meta":{"_acf_changed":false,"footnotes":""},"class_list":["post-4040","page","type-page","status-publish","hentry"],"acf":[],"_links":{"self":[{"href":"https:\/\/research.kent.ac.uk\/warandnation\/wp-json\/wp\/v2\/pages\/4040","targetHints":{"allow":["GET"]}}],"collection":[{"href":"https:\/\/research.kent.ac.uk\/warandnation\/wp-json\/wp\/v2\/pages"}],"about":[{"href":"https:\/\/research.kent.ac.uk\/warandnation\/wp-json\/wp\/v2\/types\/page"}],"author":[{"embeddable":true,"href":"https:\/\/research.kent.ac.uk\/warandnation\/wp-json\/wp\/v2\/users\/122"}],"replies":[{"embeddable":true,"href":"https:\/\/research.kent.ac.uk\/warandnation\/wp-json\/wp\/v2\/comments?post=4040"}],"version-history":[{"count":6,"href":"https:\/\/research.kent.ac.uk\/warandnation\/wp-json\/wp\/v2\/pages\/4040\/revisions"}],"predecessor-version":[{"id":4909,"href":"https:\/\/research.kent.ac.uk\/warandnation\/wp-json\/wp\/v2\/pages\/4040\/revisions\/4909"}],"wp:attachment":[{"href":"https:\/\/research.kent.ac.uk\/warandnation\/wp-json\/wp\/v2\/media?parent=4040"}],"curies":[{"name":"wp","href":"https:\/\/api.w.org\/{rel}","templated":true}]}}