{"id":4037,"date":"2018-07-23T15:09:31","date_gmt":"2018-07-23T14:09:31","guid":{"rendered":"https:\/\/research.kent.ac.uk\/upgrade-warandnation\/?page_id=4037"},"modified":"2020-09-14T11:37:18","modified_gmt":"2020-09-14T10:37:18","slug":"1822-a-1825-la-lucha-contra-la-fortaleza-realista-de-popayan","status":"publish","type":"page","link":"https:\/\/research.kent.ac.uk\/warandnation\/es\/1822-a-1825-la-lucha-contra-la-fortaleza-realista-de-popayan\/","title":{"rendered":"1822 a 1825 la lucha contra la fortaleza realista de Popay\u00e1n"},"content":{"rendered":"<p>El Virreinato de Nueva Granada primero declar\u00f3 su independencia de Espa\u00f1a en 1811, cuando el l\u00edder patriota Francisco Miranda tom\u00f3 el control. El espa\u00f1ol recuper\u00f3 el control al a\u00f1o siguiente. Sim\u00f3n Bol\u00edvar huy\u00f3 de Venezuela y Francisco Miranda fue entregado a los espa\u00f1oles. Posteriormente, Bol\u00edvar realiz\u00f3 otro intento para reafirmar la independencia. Restableci\u00f3 la Segunda Rep\u00fablica de Venezuela en 1813 y luego la uni\u00f3 con Nueva Granada para formar la Gran Colombia, pero los espa\u00f1oles recuperaron el control nuevamente en 1814.<\/p>\n<p>En 1820, luegodel restablecimiento del constitucionalismo, el comandante espa\u00f1ol Pablo Morillo negoci\u00f3 con Sim\u00f3n Bol\u00edvar y las discusiones condujeron a unarmisticio de seis meses. La tregua no se mantuvo, sin embargo, y dentro de los seis meses, Bol\u00edvar y P\u00e1ez lanzaron un ataque exitoso contra las fuerzas de Morillo. El 24 de junio de 1821, la Batalla de Carabobo fue el evento que consolid\u00f3 la independencia de Venezuela de Espa\u00f1a.<\/p>\n<p>En 1822, despu\u00e9s de declarar su independencia en Venezuela y al norte de Nueva Granada, Sim\u00f3n Bol\u00edvar dirigi\u00f3 su atenci\u00f3n al basti\u00f3n realista de Popay\u00e1n en la regi\u00f3n suroccidental de Nueva Granada (un \u00e1rea que ahora conocemos como Colombia). En esta regi\u00f3n, los representantes del rey espa\u00f1ol hab\u00edan logrado movilizar esclavos contra los propietarios de esclavos para defender la Corona. Algunas comunidades ind\u00edgenas tambi\u00e9n se pusieron del lado de los espa\u00f1oles, particularmente en las tierras internas altas andinas de Pasto. Los ind\u00edgenas en Pasto y los esclavos en las tierras bajas del Pac\u00edfico lucharon contra la invasi\u00f3n republicana en una rebeli\u00f3n que dur\u00f3 hasta 1825. Como lo explica Marcela Echeverri, \u201cestas milicias realistas no solo amenazaron la estabilidad del sue\u00f1o de Bol\u00edvar de una rep\u00fablica independiente de Colombia, tambi\u00e9n pusieron en peligro sus planes de derrotar a Espa\u00f1a en el coraz\u00f3n de su imperio sudamericano, Per\u00fa \u2018. (Echeverri 2016, 2).<\/p>\n<p>La Dra. Marcela Echeverri explica la participaci\u00f3n de las poblaciones ind\u00edgenas, mestizs y esclavas en el siguiente podcast.<\/p>\n<p>&nbsp;<\/p>\n<div class=\"video-container\"><iframe loading=\"lazy\" title=\"Indigenous, Mestizo and Slaves Supported the Royalist Forces in the Popay\u00e1n Region of New Granada\" width=\"500\" height=\"281\" src=\"https:\/\/www.youtube.com\/embed\/pTBwN3tlB8s?feature=oembed\" frameborder=\"0\" allow=\"accelerometer; autoplay; clipboard-write; encrypted-media; gyroscope; picture-in-picture; web-share\" referrerpolicy=\"strict-origin-when-cross-origin\" allowfullscreen><\/iframe><\/div>\n<p><strong>Otras lecturas<\/strong><\/p>\n<p>Echeverri, Marcela. 2016. <em><a href=\"https:\/\/www.cambridge.org\/core\/books\/indian-and-slave-royalists-in-the-age-of-revolution\/22C13FB4270595454EC48E4F71C11669\">Indian and Slave Royalists in the Age of Revolution<\/a> <\/em><span style=\"float: none;background-color: transparent;color: #171717;font-family: 'ArialLight','Helvetica Neue',Helvetica,Arial,sans-serif;font-size: 18px;font-style: normal;font-variant: normal;font-weight: 400;letter-spacing: normal;text-align: left;text-decoration: none;text-indent: 0px\">New York:\u00a0Cambridge University Press.<\/span><\/p>\n","protected":false},"excerpt":{"rendered":"<p>El Virreinato de Nueva Granada primero declar\u00f3 su independencia de Espa\u00f1a en 1811, cuando el l\u00edder patriota Francisco Miranda tom\u00f3 el control. El espa\u00f1ol recuper\u00f3 el control al a\u00f1o siguiente. Sim\u00f3n Bol\u00edvar huy\u00f3 de Venezuela y Francisco Miranda fue entregado a los espa\u00f1oles. Posteriormente, Bol\u00edvar realiz\u00f3 otro intento para reafirmar la independencia. Restableci\u00f3 la Segunda [&hellip;]<\/p>\n","protected":false},"author":122,"featured_media":0,"parent":0,"menu_order":0,"comment_status":"closed","ping_status":"closed","template":"","meta":{"_acf_changed":false,"footnotes":""},"class_list":["post-4037","page","type-page","status-publish","hentry"],"acf":[],"_links":{"self":[{"href":"https:\/\/research.kent.ac.uk\/warandnation\/wp-json\/wp\/v2\/pages\/4037","targetHints":{"allow":["GET"]}}],"collection":[{"href":"https:\/\/research.kent.ac.uk\/warandnation\/wp-json\/wp\/v2\/pages"}],"about":[{"href":"https:\/\/research.kent.ac.uk\/warandnation\/wp-json\/wp\/v2\/types\/page"}],"author":[{"embeddable":true,"href":"https:\/\/research.kent.ac.uk\/warandnation\/wp-json\/wp\/v2\/users\/122"}],"replies":[{"embeddable":true,"href":"https:\/\/research.kent.ac.uk\/warandnation\/wp-json\/wp\/v2\/comments?post=4037"}],"version-history":[{"count":5,"href":"https:\/\/research.kent.ac.uk\/warandnation\/wp-json\/wp\/v2\/pages\/4037\/revisions"}],"predecessor-version":[{"id":4903,"href":"https:\/\/research.kent.ac.uk\/warandnation\/wp-json\/wp\/v2\/pages\/4037\/revisions\/4903"}],"wp:attachment":[{"href":"https:\/\/research.kent.ac.uk\/warandnation\/wp-json\/wp\/v2\/media?parent=4037"}],"curies":[{"name":"wp","href":"https:\/\/api.w.org\/{rel}","templated":true}]}}