{"id":4028,"date":"2018-07-23T15:02:20","date_gmt":"2018-07-23T14:02:20","guid":{"rendered":"https:\/\/research.kent.ac.uk\/upgrade-warandnation\/?page_id=4028"},"modified":"2020-09-14T11:22:24","modified_gmt":"2020-09-14T10:22:24","slug":"san-martin-invade-peru-por-el-mar","status":"publish","type":"page","link":"https:\/\/research.kent.ac.uk\/warandnation\/es\/san-martin-invade-peru-por-el-mar\/","title":{"rendered":"1820 San Mart\u00edn invade Per\u00fa por el mar"},"content":{"rendered":"<div class=\"video-container\"><iframe loading=\"lazy\" title=\"Englishmen in the Wars of Independence\" width=\"500\" height=\"281\" src=\"https:\/\/www.youtube.com\/embed\/vY8KEYZieUg?feature=oembed\" frameborder=\"0\" allow=\"accelerometer; autoplay; clipboard-write; encrypted-media; gyroscope; picture-in-picture; web-share\" referrerpolicy=\"strict-origin-when-cross-origin\" allowfullscreen><\/iframe><\/div>\n<p>En 1817, San Mart\u00edn y los revolucionarios independentistas hab\u00edan tomado Santiago; sin embargo, los realistas a\u00fan controlaban el sur del pa\u00eds. Durante los siguientes tres a\u00f1os, las fuerzas de San Mart\u00edn y O \u2018Higgin luchar\u00edan contra las tropas realistas espa\u00f1olas. Al mismo tiempo, San Mart\u00edn y O\u2019Higgins comenzaron a adquirir naves en preparaci\u00f3n para un ataque naval contra Per\u00fa. La necesidad de una flota naval era clara, ya que el primer gobierno independiente en Chile hab\u00eda sido derrocado por una invasi\u00f3n naval que trajo tropas realistas desde Per\u00fa. As\u00ed, los patriotas construyeron su propia flota naval, tanto para asegurar a Chile, como tambi\u00e9n en preparaci\u00f3n para su propia invasi\u00f3n al Per\u00fa. Algunos de la embarcaciones fueron capturadas por los espa\u00f1oles y otras fueron tra\u00eddass desde Estados Unidos y \u00a0Gran Breta\u00f1a, que tambi\u00e9n \u00a0proporcionaron \u00a0\u00a0oficiales navales, como el escoc\u00e9s Lord Thomas Alexander Cochrane, quien iba a resultar fundamental para reprimir a los realistas espa\u00f1oles en el sur. Este escuadr\u00f3n de naves se construy\u00f3 entre 1817 y 1820. Casi todos los oficiales eran brit\u00e1nicos o norteamericanos. En el <em>podcast<\/em> a continuaci\u00f3n, Natalia Sobrevilla Perea nos ilustra sobre la participaci\u00f3n de los ingleses en las Guerras de la Independencia.<\/p>\n<div id=\"attachment_4029\" style=\"width: 160px\" class=\"wp-caption alignright\"><img loading=\"lazy\" decoding=\"async\" aria-describedby=\"caption-attachment-4029\" class=\"size-thumbnail wp-image-4029\" src=\"https:\/\/research.kent.ac.uk\/warandnation\/wp-content\/uploads\/sites\/1846\/2018\/07\/1st-chilean-battallion-150x150.png\" alt=\"\" width=\"150\" height=\"150\" srcset=\"https:\/\/research.kent.ac.uk\/warandnation\/wp-content\/uploads\/sites\/1846\/2018\/07\/1st-chilean-battallion-150x150.png 150w, https:\/\/research.kent.ac.uk\/warandnation\/wp-content\/uploads\/sites\/1846\/2018\/07\/1st-chilean-battallion-200x200.png 200w\" sizes=\"auto, (max-width: 150px) 100vw, 150px\" \/><p id=\"caption-attachment-4029\" class=\"wp-caption-text\"><span lang=\"EN-US\" style=\"margin: 0px;font-family: 'Cambria',serif;font-size: 12pt\"><span style=\"color: #000000\">\u00c1lvaro Casanova Zenteno 1928 La Primera Escuadra Nacional de Chile<\/span><\/span><\/p><\/div>\n<p>Una de las estrategias navales empleadas por los patriotas consist\u00eda en reducir el comercio peruano y, de esta manera, debilitar \u00a0su fortaleza econ\u00f3mica, al tomar buques mercantes. Los patriotas incentivaron a los marineros al permitirles conservar los barcos y cargamentos que capturaron. Esto mantuvo la moral alta y proporcion\u00f3 un golpe financiero prolongado al Per\u00fa. Este ataque al comercio fue una t\u00e1ctica utilizada frecuentemente por los brit\u00e1nicos.<\/p>\n<p>San Mart\u00edn se convirti\u00f3 en comandante en jefe del ej\u00e9rcito, que continuar\u00eda tratar de liberar al Per\u00fa. Fue totalmente apoyado por O\u2019Higgins, y en 1820 la flota naval de San Mart\u00edn zarp\u00f3 hacia Per\u00fa. Lord Cochrane hab\u00eda asaltado una instalaci\u00f3n naval espa\u00f1ola en el sur de Chile, asegurando de esta manera que hubiera poco peligro de que el enemigo atacara desde el sur. Los luchadores por la independencia pudieron tomar Lima, pero la Sierra demostr\u00f3 ser un basti\u00f3n realista.<\/p>\n<p><strong>Lectura adicional<\/strong><\/p>\n<p>Rosas, Claudia. <a href=\"https:\/\/www.academia.edu\/32186841\/El_miedo_en_el_Per\u00fa._Siglos_XVI-XX._Lima_Pontificia_Universidad_Cat\u00f3lica_del_Per\u00fa_Seminario_Interdisciplinario_de_Estudios_Andinos_2005\">El miedo en el Per\u00fa<\/a>. Siglos XVI-XX. Lima: Pontificia Universidad Cat\u00f3lica del Per\u00fa, Seminario Interdisciplinario de Estudios Andinos, 2005.<\/p>\n","protected":false},"excerpt":{"rendered":"<p>En 1817, San Mart\u00edn y los revolucionarios independentistas hab\u00edan tomado Santiago; sin embargo, los realistas a\u00fan controlaban el sur del pa\u00eds. Durante los siguientes tres a\u00f1os, las fuerzas de San Mart\u00edn y O \u2018Higgin luchar\u00edan contra las tropas realistas espa\u00f1olas. Al mismo tiempo, San Mart\u00edn y O\u2019Higgins comenzaron a adquirir naves en preparaci\u00f3n para un [&hellip;]<\/p>\n","protected":false},"author":122,"featured_media":0,"parent":0,"menu_order":0,"comment_status":"closed","ping_status":"closed","template":"","meta":{"_acf_changed":false,"footnotes":""},"class_list":["post-4028","page","type-page","status-publish","hentry"],"acf":[],"_links":{"self":[{"href":"https:\/\/research.kent.ac.uk\/warandnation\/wp-json\/wp\/v2\/pages\/4028","targetHints":{"allow":["GET"]}}],"collection":[{"href":"https:\/\/research.kent.ac.uk\/warandnation\/wp-json\/wp\/v2\/pages"}],"about":[{"href":"https:\/\/research.kent.ac.uk\/warandnation\/wp-json\/wp\/v2\/types\/page"}],"author":[{"embeddable":true,"href":"https:\/\/research.kent.ac.uk\/warandnation\/wp-json\/wp\/v2\/users\/122"}],"replies":[{"embeddable":true,"href":"https:\/\/research.kent.ac.uk\/warandnation\/wp-json\/wp\/v2\/comments?post=4028"}],"version-history":[{"count":6,"href":"https:\/\/research.kent.ac.uk\/warandnation\/wp-json\/wp\/v2\/pages\/4028\/revisions"}],"predecessor-version":[{"id":4897,"href":"https:\/\/research.kent.ac.uk\/warandnation\/wp-json\/wp\/v2\/pages\/4028\/revisions\/4897"}],"wp:attachment":[{"href":"https:\/\/research.kent.ac.uk\/warandnation\/wp-json\/wp\/v2\/media?parent=4028"}],"curies":[{"name":"wp","href":"https:\/\/api.w.org\/{rel}","templated":true}]}}