{"id":4009,"date":"2018-07-20T14:30:35","date_gmt":"2018-07-20T13:30:35","guid":{"rendered":"https:\/\/research.kent.ac.uk\/upgrade-warandnation\/?page_id=4009"},"modified":"2020-09-14T11:18:25","modified_gmt":"2020-09-14T10:18:25","slug":"san-martin-cruza-los-andes-de-mendoza-a-chile","status":"publish","type":"page","link":"https:\/\/research.kent.ac.uk\/warandnation\/es\/san-martin-cruza-los-andes-de-mendoza-a-chile\/","title":{"rendered":"1817 San Martin cruza Los Andes de  Mendoza a Chile"},"content":{"rendered":"<div class=\"video-container\"><iframe loading=\"lazy\" title=\"Natalia Sobrevilla on the Battle of Chacabuco\" width=\"500\" height=\"281\" src=\"https:\/\/www.youtube.com\/embed\/UvmRCnxRAqg?feature=oembed\" frameborder=\"0\" allow=\"accelerometer; autoplay; clipboard-write; encrypted-media; gyroscope; picture-in-picture; web-share\" referrerpolicy=\"strict-origin-when-cross-origin\" allowfullscreen><\/iframe><\/div>\n<p>Aunque las oleadas iniciales de movimientos independentistas hab\u00edan sido anuladas por las fuerzas espa\u00f1olas, el resurgimiento comenz\u00f3 en 1817 y tuvo m\u00e1s \u00e9xito. San Mart\u00edn inici\u00f3 este resurgimiento cruzando los Andes desde el basti\u00f3n revolucionario del R\u00edo de la Plata hasta Chile. Bernardo O \u2018Higgins trabaj\u00f3 con San Mart\u00edn para fortalecer el asalto. Esta fase de las guerras de independencia es particularmente interesante ya que requiri\u00f3 fuerzas de ambos lados de Los Andes trabajando juntas. En su libro Ej\u00e9rcitos, Pol\u00edtica y Revoluci\u00f3n. Chile, 1808-1826, Juan Luis Ossa Santa Cruz examina el Ej\u00e9rcito de los Andes considerando particular la forma en que los hombres de Chile y de la regi\u00f3n del R\u00edo de la Plata trabajaron unidos entre 1814 y 1817. Hubo cierta fricci\u00f3n entre las diferentes facciones, pero Jos\u00e9 de San Mart\u00edn pudo superar estas divisiones para llevar a buen t\u00e9rmino su estrategia militar.<\/p>\n<div id=\"attachment_4010\" style=\"width: 160px\" class=\"wp-caption alignleft\"><img loading=\"lazy\" decoding=\"async\" aria-describedby=\"caption-attachment-4010\" class=\"size-thumbnail wp-image-4010\" src=\"https:\/\/research.kent.ac.uk\/warandnation\/wp-content\/uploads\/sites\/1846\/2018\/07\/Battle_of_Chacabuco-wikipedia-creative-commons-150x150.jpg\" alt=\"\" width=\"150\" height=\"150\" srcset=\"https:\/\/research.kent.ac.uk\/warandnation\/wp-content\/uploads\/sites\/1846\/2018\/07\/Battle_of_Chacabuco-wikipedia-creative-commons-150x150.jpg 150w, https:\/\/research.kent.ac.uk\/warandnation\/wp-content\/uploads\/sites\/1846\/2018\/07\/Battle_of_Chacabuco-wikipedia-creative-commons-200x200.jpg 200w\" sizes=\"auto, (max-width: 150px) 100vw, 150px\" \/><p id=\"caption-attachment-4010\" class=\"wp-caption-text\">La Batalla de Chacabuco<\/p><\/div>\n<p>La estrategia militar de Mart\u00edn condujo a los soldados a un terreno dif\u00edcil; el ej\u00e9rcito cruz\u00f3 la Cordillera de los Andes en varios puntos para confundir a las fuerzas realistas espa\u00f1olas. Esto fue meticulosamente planeado anticipadamente con suministros almacenados en diversos lugares.. Los luchadores por la independencia ganaron la victoria en la Batalla de Chacabuco el 15 de febrero de 1817 y posteriormente entraron y tomaron el control de Santiago. Hay una breve descripci\u00f3n de la Batalla de Chacabuco en el podcast anterior de Natalia Sobrevilla.<\/p>\n<p>Un an\u00e1lisis m\u00e1s detallado de la estrategia del asalto andino se da en el documental a continuaci\u00f3n. Fue realizado por el canal de televisi\u00f3n argentino Canal Encuentro y presenta a los investigadores de Guerra y Naci\u00f3n: Juan Luis Ossa Santa Cruz y Alejandro Rabinovich. Este \u00faltimo tambi\u00e9n ha escrito extensamente sobre la dif\u00edcil situaci\u00f3n de las tropas de la regi\u00f3n del R\u00edo de la Plata en su libro Ser soldado en las Guerras de Independencia. La experiencia cotidiana de la tropa en el R\u00edo de la Plata, 1810 \u2013 1824.<\/p>\n<div class=\"video-container\"><iframe loading=\"lazy\" title=\"La estrategia de los Andes. Dos pueblos unidos por la libertad - Canal Encuentro\" width=\"500\" height=\"281\" src=\"https:\/\/www.youtube.com\/embed\/n5FlbW3CSF8?feature=oembed\" frameborder=\"0\" allow=\"accelerometer; autoplay; clipboard-write; encrypted-media; gyroscope; picture-in-picture; web-share\" referrerpolicy=\"strict-origin-when-cross-origin\" allowfullscreen><\/iframe><\/div>\n<p>Si bien la misi\u00f3n andina fue exitosa, las Fuerzas Realistas todav\u00eda ten\u00edan el control del sur de Chile y la lucha continuar\u00eda con ellos durante muchos a\u00f1os; sin embargo, San Mart\u00edn ahora ten\u00eda los ojos puestos en la regi\u00f3n m\u00e1s poderosa de Per\u00fa y su siguiente gran paso ser\u00eda zarpar hacia Lima. En el siguiente podcast, Alejandro Rabinovich cuenta la historia sobre un soldado negro en el ej\u00e9rcito de San Mart\u00edn.<\/p>\n<div class=\"video-container\"><iframe loading=\"lazy\" title=\"Alejandro Rabinovich tells a tale about the black free slave soldiers in the Battle of Chacabuco\" width=\"500\" height=\"281\" src=\"https:\/\/www.youtube.com\/embed\/c8N1R4Ak1IQ?feature=oembed\" frameborder=\"0\" allow=\"accelerometer; autoplay; clipboard-write; encrypted-media; gyroscope; picture-in-picture; web-share\" referrerpolicy=\"strict-origin-when-cross-origin\" allowfullscreen><\/iframe><\/div>\n<p>Uno de los soldados mulatos m\u00e1s famosos en el ej\u00e9rcito de San Mart\u00edn fue Jos\u00e9 Romero. Romero era el hijo de un arist\u00f3crata blanco y una sirviente negra. Su padre aristocr\u00e1tico se asegur\u00f3 de que el ni\u00f1o recibiera una buena educaci\u00f3n, pero no reconoci\u00f3 oficialmente al ni\u00f1o como su hijo ni le dio su nombre, como era costumbre en aquellos tiempos. No obstante, con el apoyo de su padre, Romero continuar\u00eda siendo un soldado. Se uni\u00f3 al ej\u00e9rcito a la edad de 13 a\u00f1os en un regimiento que era espec\u00edficamente para mulatos.<\/p>\n<div id=\"attachment_4013\" style=\"width: 160px\" class=\"wp-caption alignleft\"><img loading=\"lazy\" decoding=\"async\" aria-describedby=\"caption-attachment-4013\" class=\"size-thumbnail wp-image-4013\" src=\"https:\/\/research.kent.ac.uk\/warandnation\/wp-content\/uploads\/sites\/1846\/2018\/07\/jose-romero-independence-heroe-225x300-150x150.jpg\" alt=\"\" width=\"150\" height=\"150\" srcset=\"https:\/\/research.kent.ac.uk\/warandnation\/wp-content\/uploads\/sites\/1846\/2018\/07\/jose-romero-independence-heroe-225x300-150x150.jpg 150w, https:\/\/research.kent.ac.uk\/warandnation\/wp-content\/uploads\/sites\/1846\/2018\/07\/jose-romero-independence-heroe-225x300-200x200.jpg 200w\" sizes=\"auto, (max-width: 150px) 100vw, 150px\" \/><p id=\"caption-attachment-4013\" class=\"wp-caption-text\">Jos\u00e9 Romero<\/p><\/div>\n<p>La primera batalla de Romero fue el Combate de San Carlos. M\u00e1s tarde, ayud\u00f3 a capturar una fragata espa\u00f1ola en Talcahuano, luch\u00f3 en Chilll\u00e1n y en la Batalla El Roble. Le encargaron formar un regimiento de esclavos llamado el Regimiento Ingenioso de la Patria, pero esta misi\u00f3n fracas\u00f3 cuando los due\u00f1os de los esclavos comenzaron a esconderlos. Romero fue tomado prisionero en la Batalla de Rancagua, pero luego fue liberado y pele\u00f3 en la Batalla de Chacabuco y en la Batalla de Maip\u00fa.<\/p>\n<p>En 1817, Chile hab\u00eda estado funcionando independientemente de Espa\u00f1a durante varios a\u00f1os, aunque no se hab\u00eda hecho una declaraci\u00f3n formal de independencia. Cinco a\u00f1os antes, el tema de la independencia hab\u00eda sido abordado en el Reglamento Constitucional Provisional de Jos\u00e9 Miguel Carrera en 1812. Este documento establec\u00eda que ning\u00fan decreto o asunto de orden gobernante fuera de Chile tendr\u00eda alg\u00fan efecto, y cualquiera que intentase apoyarlo ser\u00eda p\u00fablicamente se\u00f1alado como criminal de Estado. Sin embargo, el documento tambi\u00e9n reconoci\u00f3 la autoridad de Fernando VII.<\/p>\n<p>Despu\u00e9s de la Batalla de Chacabuco, Chile entr\u00f3 en un per\u00edodo conocido como la Patria Nueva. En este punto, ten\u00eda todas las caracter\u00edsticas de un Estado independiente: su propia moneda, bandera y escudo de armas. La Declaraci\u00f3n de Independencia de Chile fue finalmente redactada en enero de 1818 y aprobada por el Director Supremo Bernardo O\u2019Higgins el 12 de febrero de 1818 en Talca. El documento se fech\u00f3 el d\u00eda 1 de enero de 1818 en Concepci\u00f3n.<\/p>\n<div id=\"attachment_4015\" style=\"width: 610px\" class=\"wp-caption aligncenter\"><img loading=\"lazy\" decoding=\"async\" aria-describedby=\"caption-attachment-4015\" class=\"wp-image-4015 size-feed\" src=\"https:\/\/research.kent.ac.uk\/warandnation\/wp-content\/uploads\/sites\/1846\/2018\/07\/Chilean-Declaration-of-Independence-600x450.png\" alt=\"\" width=\"600\" height=\"450\" \/><p id=\"caption-attachment-4015\" class=\"wp-caption-text\">Proclamaci\u00f3n de la independencia de Chile<\/p><\/div>\n<p>&nbsp;<\/p>\n<p><strong>Otras lecturas<\/strong><\/p>\n<p>Ossa Santa Cruz, Juan Luis. <em><a href=\"https:\/\/www.liverpooluniversitypress.co.uk\/books\/isbn\/9781781381328\/\">Armies, Politics and Revolution. Chile 1808-1826<\/a><\/em>. Liverpool: Liverpool University Press, 2014.  <\/p>\n<p>Rabinovich, Alejandro. <a href=\"https:\/\/www.academia.edu\/4222376\/Ser_soldado_en_las_Guerras_de_Independencia._La_experiencia_cotidiana_de_la_tropa_en_el_R\u00edo_de_la_Plata_1810-1824_\"><em>Ser soldado en las Guerras de Independencia. La experiencia cotidiana de la tropa en el Rio de la Plata, 1810 \u2013 1824<\/em><\/a>. Buenos Aires: Sudamericana, 2013.<\/p>\n","protected":false},"excerpt":{"rendered":"<p>Aunque las oleadas iniciales de movimientos independentistas hab\u00edan sido anuladas por las fuerzas espa\u00f1olas, el resurgimiento comenz\u00f3 en 1817 y tuvo m\u00e1s \u00e9xito. San Mart\u00edn inici\u00f3 este resurgimiento cruzando los Andes desde el basti\u00f3n revolucionario del R\u00edo de la Plata hasta Chile. Bernardo O \u2018Higgins trabaj\u00f3 con San Mart\u00edn para fortalecer el asalto. Esta fase [&hellip;]<\/p>\n","protected":false},"author":122,"featured_media":0,"parent":0,"menu_order":0,"comment_status":"closed","ping_status":"closed","template":"","meta":{"_acf_changed":false,"footnotes":""},"class_list":["post-4009","page","type-page","status-publish","hentry"],"acf":[],"_links":{"self":[{"href":"https:\/\/research.kent.ac.uk\/warandnation\/wp-json\/wp\/v2\/pages\/4009","targetHints":{"allow":["GET"]}}],"collection":[{"href":"https:\/\/research.kent.ac.uk\/warandnation\/wp-json\/wp\/v2\/pages"}],"about":[{"href":"https:\/\/research.kent.ac.uk\/warandnation\/wp-json\/wp\/v2\/types\/page"}],"author":[{"embeddable":true,"href":"https:\/\/research.kent.ac.uk\/warandnation\/wp-json\/wp\/v2\/users\/122"}],"replies":[{"embeddable":true,"href":"https:\/\/research.kent.ac.uk\/warandnation\/wp-json\/wp\/v2\/comments?post=4009"}],"version-history":[{"count":7,"href":"https:\/\/research.kent.ac.uk\/warandnation\/wp-json\/wp\/v2\/pages\/4009\/revisions"}],"predecessor-version":[{"id":4891,"href":"https:\/\/research.kent.ac.uk\/warandnation\/wp-json\/wp\/v2\/pages\/4009\/revisions\/4891"}],"wp:attachment":[{"href":"https:\/\/research.kent.ac.uk\/warandnation\/wp-json\/wp\/v2\/media?parent=4009"}],"curies":[{"name":"wp","href":"https:\/\/api.w.org\/{rel}","templated":true}]}}