{"id":4006,"date":"2018-07-20T13:13:00","date_gmt":"2018-07-20T12:13:00","guid":{"rendered":"https:\/\/research.kent.ac.uk\/upgrade-warandnation\/?page_id=4006"},"modified":"2020-09-14T11:11:50","modified_gmt":"2020-09-14T10:11:50","slug":"1817-1821-regreso-de-simon-bolivar-y-el-triunfo-de-los-revolucionarios","status":"publish","type":"page","link":"https:\/\/research.kent.ac.uk\/warandnation\/es\/1817-1821-regreso-de-simon-bolivar-y-el-triunfo-de-los-revolucionarios\/","title":{"rendered":"1817 &#8211; 1821 Regreso de Sim\u00f3n Bol\u00edvar y el triunfo de los revolucionarios"},"content":{"rendered":"<p><span lang=\"es-419\" style=\"margin: 0px; color: #222222; line-height: 107%; font-family: 'Arial',sans-serif; font-size: 11pt;\">Aunque la oleada inicial de luchas por la independencia fue anulada en la mayor\u00eda de los lugares por las fuerzas espa\u00f1olas en 1815, una segunda etapa en la lucha por la independencia alrededor de 1817 fue m\u00e1s exitosa.<br \/>\nEn 1817 Bol\u00edvar regres\u00f3 y junto con P\u00e1ez, gan\u00f3 contra las fuerzas espa\u00f1olas en las llanuras venezolanas conocidas como los Llanos. Sin embargo, doblegar a las fuerzas espa\u00f1olas en las Tierras Altas fue m\u00e1s dif\u00edcil. Bol\u00edvar us\u00f3 el terreno geogr\u00e1fico para su ventaja. En la temporada de lluvias, parte de la regi\u00f3n detr\u00e1s de Bogot\u00e1 sufre inundaciones. Por lo tanto, las tropas de Bol\u00edvar decidieron acercarse desde detr\u00e1s de Bogot\u00e1, una regi\u00f3n que estaba mal protegida. Caminaron a trav\u00e9s del agua hasta la cintura durante una semana antes de subir a los Andes. Muchos de ellos perdieron la vida debido a las duras condiciones clim\u00e1ticas y hubo muchos caballos que nunca abandonaron las llanuras al no poder sobrellevar el terreno. Sin embargo, tan pronto como llegaron a la meseta andina, la poblaci\u00f3n local apoy\u00f3 a las tropas. Las tropas luego ganaron dos batallas. La segunda de ellas, conocido como la Batalla de Boyac\u00e1 fue un hito en las guerras de independencia. Consolid\u00f3 la liberaci\u00f3n de Nueva Granada y se considera que marca el comienzo de la independencia del Norte de Am\u00e9rica del Sur.<\/span><\/p>\n","protected":false},"excerpt":{"rendered":"<p>Aunque la oleada inicial de luchas por la independencia fue anulada en la mayor\u00eda de los lugares por las fuerzas espa\u00f1olas en 1815, una segunda etapa en la lucha por la independencia alrededor de 1817 fue m\u00e1s exitosa. En 1817 Bol\u00edvar regres\u00f3 y junto con P\u00e1ez, gan\u00f3 contra las fuerzas espa\u00f1olas en las llanuras venezolanas [&hellip;]<\/p>\n","protected":false},"author":122,"featured_media":0,"parent":0,"menu_order":0,"comment_status":"closed","ping_status":"closed","template":"","meta":{"_acf_changed":false,"footnotes":""},"class_list":["post-4006","page","type-page","status-publish","hentry"],"acf":[],"_links":{"self":[{"href":"https:\/\/research.kent.ac.uk\/warandnation\/wp-json\/wp\/v2\/pages\/4006","targetHints":{"allow":["GET"]}}],"collection":[{"href":"https:\/\/research.kent.ac.uk\/warandnation\/wp-json\/wp\/v2\/pages"}],"about":[{"href":"https:\/\/research.kent.ac.uk\/warandnation\/wp-json\/wp\/v2\/types\/page"}],"author":[{"embeddable":true,"href":"https:\/\/research.kent.ac.uk\/warandnation\/wp-json\/wp\/v2\/users\/122"}],"replies":[{"embeddable":true,"href":"https:\/\/research.kent.ac.uk\/warandnation\/wp-json\/wp\/v2\/comments?post=4006"}],"version-history":[{"count":5,"href":"https:\/\/research.kent.ac.uk\/warandnation\/wp-json\/wp\/v2\/pages\/4006\/revisions"}],"predecessor-version":[{"id":4885,"href":"https:\/\/research.kent.ac.uk\/warandnation\/wp-json\/wp\/v2\/pages\/4006\/revisions\/4885"}],"wp:attachment":[{"href":"https:\/\/research.kent.ac.uk\/warandnation\/wp-json\/wp\/v2\/media?parent=4006"}],"curies":[{"name":"wp","href":"https:\/\/api.w.org\/{rel}","templated":true}]}}