{"id":3998,"date":"2018-07-20T11:53:40","date_gmt":"2018-07-20T10:53:40","guid":{"rendered":"https:\/\/research.kent.ac.uk\/upgrade-warandnation\/?page_id=3998"},"modified":"2020-09-14T11:03:45","modified_gmt":"2020-09-14T10:03:45","slug":"1816-los-espanoles-han-reconquistado-america-aparte-del-rio-de-la-plata","status":"publish","type":"page","link":"https:\/\/research.kent.ac.uk\/warandnation\/es\/1816-los-espanoles-han-reconquistado-america-aparte-del-rio-de-la-plata\/","title":{"rendered":"1816 Los espa\u00f1oles han reconquistado Am\u00e9rica aparte del R\u00edo de la Plata"},"content":{"rendered":"<p>A mediados de 1816, las fuerzas enviadas por Fernando VII hab\u00edan logrado establecer el dominio real espa\u00f1ol en la mayor parte de Am\u00e9rica. La excepci\u00f3n fue la regi\u00f3n del R\u00edo de la Plata. El virrey de Per\u00fa, el virrey Abascal, era un gobernante capaz y r\u00e1pidamente reprimi\u00f3 el desarrollo de las Juntas en la regi\u00f3n. Lima fue un basti\u00f3n del poder colonial espa\u00f1ol durante muchos a\u00f1os y Abascal envi\u00f3 expediciones desde Per\u00fa para restablecer el gobierno real en Chile. Las fuerzas revolucionarias de O\u2019Higgins y Carrera trataron de trabajar para vencer a los realistas, pero no lograron hacerlo y el virreinato del Per\u00fa ocup\u00f3 Chile en 1815.<\/p>\n<p>La regi\u00f3n del R\u00edo de la Plata result\u00f3 m\u00e1s dif\u00edcil de reconquistar para los realistas y, de hecho, San Mart\u00edn us\u00f3 a Mendoza en la regi\u00f3n del R\u00edo de la Plata como una base a partir de la cual desarrollar su Ej\u00e9rcito de Los Andes. San Mart\u00edn estaba decidido a desarrollar un ej\u00e9rcito profesional con uniformes y artiller\u00eda. La gente de Mendoza lo ayud\u00f3 en esta b\u00fasqueda y \u00e9l reclut\u00f3 individuos que hab\u00edan sido esclavos, como soldados que estaban escapando de Chile. San Mart\u00edn trabaj\u00f3 en colaboraci\u00f3n con Bernardo O\u2019Higgins y pas\u00f3 a\u00f1os dise\u00f1ando una compleja estrategia de ataque para derrocar a los realistas en Chile. Luego, San Mart\u00edn dirigi\u00f3 su ej\u00e9rcito sobre Los Andes, separando a las tropas en un punto determinado para crear diferentes columnas que cruzar\u00edan las monta\u00f1as usando rutas distintas, creando as\u00ed una \u201cformaci\u00f3n de pinzas\u201d. Este ataque llev\u00f3 a la famosa Batalla de Chacabuco, que ayud\u00f3 a sellar la liberaci\u00f3n de Chile. La batalla es descrita en el siguiente podcast por el Dr. Alejandro Rabinovich.<\/p>\n<div class=\"video-container\"><iframe loading=\"lazy\" title=\"Alejandro Rabinovich on the battle of Chacabuco\" width=\"500\" height=\"281\" src=\"https:\/\/www.youtube.com\/embed\/Mgpy3uCCRNc?feature=oembed\" frameborder=\"0\" allow=\"accelerometer; autoplay; clipboard-write; encrypted-media; gyroscope; picture-in-picture; web-share\" referrerpolicy=\"strict-origin-when-cross-origin\" allowfullscreen><\/iframe><\/div>\n<p>La Batalla de Chacabuco fue una victoria decisiva en la liberaci\u00f3n de la mayor parte de Chile. Los realistas se retiraron del Per\u00fa y, en un principio, en una asamblea interina en Santiago se propuso a San Mart\u00edn como gobernador de Chile. San Mart\u00edn rechaz\u00f3 la oferta y una nueva asamblea eligi\u00f3 a Bernardo O\u2019Higgins como Director Supremo de Chile. Gran parte de Chile dio la bienvenida a los libertadores, pero a\u00fan hab\u00eda un s\u00f3lido bast\u00f3n realista en el sur de la regi\u00f3n.<\/p>\n<p>Mientras Chile era liberado, la situaci\u00f3n en el ex-virreinato del R\u00edo de la Plata estaba siendo agitada por tensiones internas. Un l\u00edder llamado Jos\u00e9 Gervasio Artigas Arnal hab\u00eda creado un ej\u00e9rcito conocido como la Liga de los Pueblos Libres (Liga de Gente Libre) y lo us\u00f3 para crear autonom\u00eda para Montevideo, que hab\u00eda estado anteriormente bajo el control del Buenos Aires. Esta fue parte de una lucha interna en la regi\u00f3n entre Unitarios y Federales, que ten\u00edan diferentes ideas de c\u00f3mo deb\u00eda gobernarse la regi\u00f3n. En general, los Unitarios quer\u00edan un sistema centralista con Buenos Aires como el centro, mientras que los Federales quer\u00edan m\u00e1s autonom\u00eda para las regiones. Adem\u00e1s, es justo decir que durante esta lucha se desencaden\u00f3 una batalla intelectual entre liberales y conservadores, con los unitarios evidentemente del lado conservador y muchos de los federalistas defendiendo valores liberales.<\/p>\n<p>Artigas era un caudillo, por lo que no era extra\u00f1o que su ej\u00e9rcito estuviera compuesto por jinetes. En la batalla us\u00f3 lanceros a caballo y bandas de luchadores ind\u00edgenas. Esto result\u00f3 efectivo contra los Unitarios de Buenos Aires, pero eventualmente La Liga Federal de Artigas tambi\u00e9n fue atacada por un ej\u00e9rcito portugu\u00e9s bien equipado, que hab\u00eda sido enviado a Brasil, y luego atac\u00f3 Montevideo. Eventualmente, Artigas se fue al exilio en Paraguay, una regi\u00f3n que hab\u00eda sido independiente desde 1811. A pesar de que Artigas hab\u00eda sido sacado de la figura, las diferencias lugare\u00f1as en la regi\u00f3n del R\u00edo de la Plata no se resolvieron. Los gauchos de las provincias de Santa Fe y Entre R\u00edos reemplazaron a Artigas en el conflicto con Buenos Aires.<\/p>\n<p>Si bien la lucha entre Federalistas y Centralistas empez\u00f3 temprano y fue especialmente importante en la regi\u00f3n del R\u00edo de la Plata, este fue un patr\u00f3n que se llevar\u00eda a cabo en casi todos los nuevos territorios. En muchas regiones se adopt\u00f3 el federalismo. Para 1826, la regi\u00f3n del R\u00edo de la Plata estaba dividida en varias naciones y Buenos Aires fue solo un Estado dentro de una federaci\u00f3n poco definida de diversos Estados. La parte de la costa este de la regi\u00f3n ahora pertenec\u00eda a Brasil, Bolivia y Paraguay, los que hab\u00edan sido parte del Virreinato del R\u00edo de la Plata en la \u00e9poca colonial y que ahora eran pa\u00edses independientes.<\/p>\n<p>Los jugadores internacionales desempe\u00f1ar\u00edan un papel clave en la configuraci\u00f3n del pa\u00eds que hoy conocemos como Argentina y, en particular, Gran Breta\u00f1a tuvo un inter\u00e9s en la regi\u00f3n debido a la importancia que los puertos tuvieron en las rutas comerciales. Para los nuevos Estados independientes fue fundamental ganar reconocimiento internacional. En el podcast a continuaci\u00f3n, M\u00f3nica Henry habla sobre los intentos de obtener el reconocimiento de los EE. UU. y la relaci\u00f3n entre el R\u00edo de la Plata y los Estados Unidos en 1817 y 1818.<\/p>\n<div class=\"video-container\"><iframe loading=\"lazy\" title=\"Monica Henry Speaks about the Relationship between the US and the Ri\u0301o de la Plata in 1817 and 1818\" width=\"500\" height=\"281\" src=\"https:\/\/www.youtube.com\/embed\/NxlqoJS4fxg?feature=oembed\" frameborder=\"0\" allow=\"accelerometer; autoplay; clipboard-write; encrypted-media; gyroscope; picture-in-picture; web-share\" referrerpolicy=\"strict-origin-when-cross-origin\" allowfullscreen><\/iframe><\/div>\n<p>&nbsp;<\/p>\n<p><strong>Otras lecturas<\/strong><\/p>\n<p>Entin, Gabriel and Alejandro Rabinovich <em><a href=\"https:\/\/www.academia.edu\/26491478\/Crear_la_Independencia._Historia_de_un_problema_argentino\">Crear la Independencia. Historia de un problema argentino<\/a> <\/em> Buenos Aires: Editorial Capin, 2016.<\/p>\n","protected":false},"excerpt":{"rendered":"<p>A mediados de 1816, las fuerzas enviadas por Fernando VII hab\u00edan logrado establecer el dominio real espa\u00f1ol en la mayor parte de Am\u00e9rica. La excepci\u00f3n fue la regi\u00f3n del R\u00edo de la Plata. El virrey de Per\u00fa, el virrey Abascal, era un gobernante capaz y r\u00e1pidamente reprimi\u00f3 el desarrollo de las Juntas en la regi\u00f3n. [&hellip;]<\/p>\n","protected":false},"author":122,"featured_media":0,"parent":0,"menu_order":0,"comment_status":"closed","ping_status":"closed","template":"","meta":{"_acf_changed":false,"footnotes":""},"class_list":["post-3998","page","type-page","status-publish","hentry"],"acf":[],"_links":{"self":[{"href":"https:\/\/research.kent.ac.uk\/warandnation\/wp-json\/wp\/v2\/pages\/3998","targetHints":{"allow":["GET"]}}],"collection":[{"href":"https:\/\/research.kent.ac.uk\/warandnation\/wp-json\/wp\/v2\/pages"}],"about":[{"href":"https:\/\/research.kent.ac.uk\/warandnation\/wp-json\/wp\/v2\/types\/page"}],"author":[{"embeddable":true,"href":"https:\/\/research.kent.ac.uk\/warandnation\/wp-json\/wp\/v2\/users\/122"}],"replies":[{"embeddable":true,"href":"https:\/\/research.kent.ac.uk\/warandnation\/wp-json\/wp\/v2\/comments?post=3998"}],"version-history":[{"count":5,"href":"https:\/\/research.kent.ac.uk\/warandnation\/wp-json\/wp\/v2\/pages\/3998\/revisions"}],"predecessor-version":[{"id":4876,"href":"https:\/\/research.kent.ac.uk\/warandnation\/wp-json\/wp\/v2\/pages\/3998\/revisions\/4876"}],"wp:attachment":[{"href":"https:\/\/research.kent.ac.uk\/warandnation\/wp-json\/wp\/v2\/media?parent=3998"}],"curies":[{"name":"wp","href":"https:\/\/api.w.org\/{rel}","templated":true}]}}