{"id":3992,"date":"2018-07-20T11:51:43","date_gmt":"2018-07-20T10:51:43","guid":{"rendered":"https:\/\/research.kent.ac.uk\/upgrade-warandnation\/?page_id=3992"},"modified":"2020-09-14T10:55:13","modified_gmt":"2020-09-14T09:55:13","slug":"1815-la-liga-federal-se-une-contra-buenos-aires","status":"publish","type":"page","link":"https:\/\/research.kent.ac.uk\/warandnation\/es\/1815-la-liga-federal-se-une-contra-buenos-aires\/","title":{"rendered":"1815 La Liga Federal se une contra Buenos Aires"},"content":{"rendered":"<div class=\"video-container\"><iframe loading=\"lazy\" title=\"Artigas&#039; Confederation (the Federal League) Unites against Buenos Aires\" width=\"500\" height=\"281\" src=\"https:\/\/www.youtube.com\/embed\/rDxswG6IHug?feature=oembed\" frameborder=\"0\" allow=\"accelerometer; autoplay; clipboard-write; encrypted-media; gyroscope; picture-in-picture; web-share\" referrerpolicy=\"strict-origin-when-cross-origin\" allowfullscreen><\/iframe><\/div>\n<p>En la regi\u00f3n del R\u00edo de la Plata, un l\u00edder gaucho llamado Jos\u00e9 Gervasio Artigo fue un agente importante en la Guerra de la Independencia. Trabaj\u00f3 para las Fuerzas Reales y se traslad\u00f3 a las Fuerzas de la Independencia en 1811.<\/p>\n<p><a href=\"https:\/\/research.kent.ac.uk\/warandnation\/es\/1815-las-fuerzas-espanolas-intentan-reconquistar-las-americas\/\">Fernando VII intent\u00f3 reafirmar el control en Am\u00e9rica del Sur<\/a>, pero a pesar del \u00e9xito en la mayor\u00eda de las regiones de la zona, a mediados de 1815, Espa\u00f1a a\u00fan no hab\u00eda recuperado el control del ex-virreinato del R\u00edo de la Plata. En ese mismo a\u00f1o, el Virrey de la regi\u00f3n hab\u00eda entregado Montevideo al Ej\u00e9rcito de Buenos Aires, que estaba dirigido por Carlos de Alvear. Sin embargo, las tropas de Alvear se amotinaron y el Ej\u00e9rcito de Buenos Aires se retir\u00f3 de Montevideo, lo que permiti\u00f3 a Artigas recuperar el control de la capital de su propia provincia.<\/p>\n<p>En medio de la rendici\u00f3n de los realistas, las tropas de Alvear fueron capaces de llevar municiones y una imprenta que hab\u00edan sido enviadas al ex-virrey. Sin embargo, su \u00e9xito no dur\u00f3 mucho, ya que las tropas de Alvear se amotinaron y su ej\u00e9rcito, el ej\u00e9rcito de Buenos Aires, se retir\u00f3 de Montevideo. Artigas y sus tropas se establecieron en la regi\u00f3n y retornaron a Montevideo. A pesar de que Artigas era un luchador independiente en ese momento, \u00e9l estaba en contra del sistema centralista que la Junta de Buenos Aires quer\u00eda crear.<\/p>\n<div id=\"attachment_3994\" style=\"width: 210px\" class=\"wp-caption alignright\"><img loading=\"lazy\" decoding=\"async\" aria-describedby=\"caption-attachment-3994\" class=\"size-full wp-image-3994\" src=\"https:\/\/research.kent.ac.uk\/warandnation\/wp-content\/uploads\/sites\/1846\/2018\/07\/Imprenta-Belgrana-200x200.jpg\" alt=\"\" width=\"200\" height=\"200\" srcset=\"https:\/\/research.kent.ac.uk\/warandnation\/wp-content\/uploads\/sites\/1846\/2018\/07\/Imprenta-Belgrana-200x200.jpg 200w, https:\/\/research.kent.ac.uk\/warandnation\/wp-content\/uploads\/sites\/1846\/2018\/07\/Imprenta-Belgrana-200x200-150x150.jpg 150w\" sizes=\"auto, (max-width: 200px) 100vw, 200px\" \/><p id=\"caption-attachment-3994\" class=\"wp-caption-text\"><span lang=\"EN-US\" style=\"margin: 0px;font-family: 'Cambria',serif;font-size: 12pt\"><span style=\"color: #000000\">La imprenta belgrana en el Museo Hist\u00f3rico Nacional del Cabildo de Buenos Aires y de la Revoluci\u00f3n de Mayo<\/span><\/span><\/p><\/div>\n<p>Artigas estableci\u00f3 la Liga Federal, una confederaci\u00f3n de provincias,  lo que hoy en d\u00eda es Uruguay, Argentina y Brasil, cuyo objetivo era establecer un Estado Federal en lugar de un Estado centralista en la nueva naci\u00f3n que estaba surgiendo en esa regi\u00f3n. La confederaci\u00f3n ten\u00eda una funci\u00f3n econ\u00f3mica, as\u00ed como una funci\u00f3n pol\u00edtica. Un\u00eda algunas provincias con la costa oriental, lo que les permit\u00eda comerciar con barcos mercantes en el Atl\u00e1ntico. Esencialmente, esto permiti\u00f3 que el comercio del Atl\u00e1ntico bordear\u00e1 Buenos Aires.<\/p>\n<p>De hecho, fueron los portugueses los que jugar\u00edan un papel decisivo en la ca\u00edda de Artigas. Joao VI busc\u00f3 tomar la provincia de la Costa Oriental del R\u00edo de la Plata. Los lanceros gauchos de Artigas no eran rivales para el ej\u00e9rcito de Joao. Artigas se fue al exilio en Paraguay.<\/p>\n<p><span style=\"float: none;background-color: transparent;color: #171717;font-family: 'ArialLight','Helvetica Neue',Helvetica,Arial,sans-serif;font-size: 18px;font-style: normal;font-variant: normal;font-weight: bold;letter-spacing: normal;text-align: left;text-decoration: none;text-indent: 0px\">Otras lecturas<\/span><\/p>\n<p><span style=\"float: none;background-color: transparent;color: #171717;font-family: 'ArialLight','Helvetica Neue',Helvetica,Arial,sans-serif;font-size: 18px;font-style: normal;font-variant: normal;font-weight: 400;letter-spacing: normal;text-align: left;text-decoration: none;text-indent: 0px\">Di Meglio, Gabriel \u201c<\/span><a href=\"https:\/\/www.academia.edu\/30793229\/Un_brindis_por_el_gran_Washington_._Miradas_sobre_los_Estados_Unidos_en_el_R\u00edo_de_la_Plata_1810-1835\">Un brindis por el gran Washington<\/a><span style=\"float: none;background-color: transparent;color: #171717;font-family: 'ArialLight','Helvetica Neue',Helvetica,Arial,sans-serif;font-size: 18px;font-style: normal;font-variant: normal;font-weight: 400;letter-spacing: normal;text-align: left;text-decoration: none;text-indent: 0px\">\u201d <\/span><em>Revista Co-herencia<\/em><span style=\"float: none;background-color: transparent;color: #171717;font-family: 'ArialLight','Helvetica Neue',Helvetica,Arial,sans-serif;font-size: 18px;font-style: normal;font-variant: normal;font-weight: 400;letter-spacing: normal;text-align: left;text-decoration: none;text-indent: 0px\"> 13, no 25 (2016): 61-88. <\/span><\/p>\n<p>&nbsp;<\/p>\n<p>&nbsp;<\/p>\n","protected":false},"excerpt":{"rendered":"<p>En la regi\u00f3n del R\u00edo de la Plata, un l\u00edder gaucho llamado Jos\u00e9 Gervasio Artigo fue un agente importante en la Guerra de la Independencia. Trabaj\u00f3 para las Fuerzas Reales y se traslad\u00f3 a las Fuerzas de la Independencia en 1811. Fernando VII intent\u00f3 reafirmar el control en Am\u00e9rica del Sur, pero a pesar del [&hellip;]<\/p>\n","protected":false},"author":122,"featured_media":0,"parent":0,"menu_order":0,"comment_status":"closed","ping_status":"closed","template":"","meta":{"_acf_changed":false,"footnotes":""},"class_list":["post-3992","page","type-page","status-publish","hentry"],"acf":[],"_links":{"self":[{"href":"https:\/\/research.kent.ac.uk\/warandnation\/wp-json\/wp\/v2\/pages\/3992","targetHints":{"allow":["GET"]}}],"collection":[{"href":"https:\/\/research.kent.ac.uk\/warandnation\/wp-json\/wp\/v2\/pages"}],"about":[{"href":"https:\/\/research.kent.ac.uk\/warandnation\/wp-json\/wp\/v2\/types\/page"}],"author":[{"embeddable":true,"href":"https:\/\/research.kent.ac.uk\/warandnation\/wp-json\/wp\/v2\/users\/122"}],"replies":[{"embeddable":true,"href":"https:\/\/research.kent.ac.uk\/warandnation\/wp-json\/wp\/v2\/comments?post=3992"}],"version-history":[{"count":5,"href":"https:\/\/research.kent.ac.uk\/warandnation\/wp-json\/wp\/v2\/pages\/3992\/revisions"}],"predecessor-version":[{"id":4864,"href":"https:\/\/research.kent.ac.uk\/warandnation\/wp-json\/wp\/v2\/pages\/3992\/revisions\/4864"}],"wp:attachment":[{"href":"https:\/\/research.kent.ac.uk\/warandnation\/wp-json\/wp\/v2\/media?parent=3992"}],"curies":[{"name":"wp","href":"https:\/\/api.w.org\/{rel}","templated":true}]}}