{"id":3980,"date":"2018-07-20T11:21:23","date_gmt":"2018-07-20T10:21:23","guid":{"rendered":"https:\/\/research.kent.ac.uk\/upgrade-warandnation\/?page_id=3980"},"modified":"2020-09-14T10:59:12","modified_gmt":"2020-09-14T09:59:12","slug":"1815-las-fuerzas-espanolas-intentan-reconquistar-las-americas","status":"publish","type":"page","link":"https:\/\/research.kent.ac.uk\/warandnation\/es\/1815-las-fuerzas-espanolas-intentan-reconquistar-las-americas\/","title":{"rendered":"1815 Las fuerzas espa\u00f1olas intentan reconquistar Am\u00e9rica Latina"},"content":{"rendered":"<div class=\"video-container\"><iframe loading=\"lazy\" title=\"Spanish Forces Seek to Reconquer the Americas\" width=\"500\" height=\"281\" src=\"https:\/\/www.youtube.com\/embed\/1z0_F1HkQSI?feature=oembed\" frameborder=\"0\" allow=\"accelerometer; autoplay; clipboard-write; encrypted-media; gyroscope; picture-in-picture; web-share\" referrerpolicy=\"strict-origin-when-cross-origin\" allowfullscreen><\/iframe><\/div>\n<p>En 1813, Napole\u00f3n acept\u00f3 permitir que Fernando VII regresara a Espa\u00f1a y, al a\u00f1o siguiente, <a href=\"https:\/\/research.kent.ac.uk\/warandnation\/1814-fernando-vii-returns-to-power\/\">en 1814, Fernando VII retom\u00f3 el poder<\/a>. Durante su ausencia se dieron cambios dram\u00e1ticos y surgieron nuevas formas de gobierno. Las Juntas se hab\u00edan formado en Espa\u00f1a y junto con los representantes de Am\u00e9rica Latina <a href=\"https:\/\/research.kent.ac.uk\/warandnation\/1810-a-cortes-and-a-regency-is-established-in-cadiz\/\">formaron un parlamento y redactaron una Constituci\u00f3n<\/a>, creando un nuevo marco legal para la gobernabilidad. <a href=\"https:\/\/research.kent.ac.uk\/warandnation\/juntas-form-in-caracas-buenos-aires-bogota-and-santiago\/\">Las Juntas se formaron tambi\u00e9n en Latinoam\u00e9rica<\/a> y crearon nuevas estructuras en los territorios espa\u00f1oles.<\/p>\n<p>Al principio, el rey accedi\u00f3 a gobernar seg\u00fan la Constituci\u00f3n, pero pronto se retract\u00f3 y comenz\u00f3 a anularla y a tratar de restaurar el absolutismo de su gobierno previo. Afirm\u00f3 que las Cortes que hab\u00edan establecido la Constituci\u00f3n hab\u00edan sido ilegales e inicialmente sugiri\u00f3 que se asegurar\u00eda de que se redactara una Constituci\u00f3n legal. Sin embargo, finalmente se rehus\u00f3 a ser un monarca constitucional y deshizo el trabajo de la Constituci\u00f3n de C\u00e1diz. Los l\u00edderes liberales fueron encarcelados y las Cortes se disolvieron.<\/p>\n<p><strong>Se env\u00edan tropas para reestablecer el dominio realista en las Am\u00e9ricas<\/strong><\/p>\n<div id=\"attachment_3986\" style=\"width: 197px\" class=\"wp-caption alignleft\"><img loading=\"lazy\" decoding=\"async\" aria-describedby=\"caption-attachment-3986\" class=\"wp-image-3986 size-medium\" src=\"https:\/\/research.kent.ac.uk\/warandnation\/wp-content\/uploads\/sites\/1846\/2018\/07\/Pablo_Morillo_1815-187x300.png\" alt=\"\" width=\"187\" height=\"300\" srcset=\"https:\/\/research.kent.ac.uk\/warandnation\/wp-content\/uploads\/sites\/1846\/2018\/07\/Pablo_Morillo_1815-187x300.png 187w, https:\/\/research.kent.ac.uk\/warandnation\/wp-content\/uploads\/sites\/1846\/2018\/07\/Pablo_Morillo_1815.png 323w\" sizes=\"auto, (max-width: 187px) 100vw, 187px\" \/><p id=\"caption-attachment-3986\" class=\"wp-caption-text\">Pablo Morillo y Morillo<\/p><\/div>\n<p>En 1815, el rey mand\u00f3 fuerzas para reestablecer el dominio espa\u00f1ol en Am\u00e9rica. Las tropas fueron enviadas bajo el mando de Pablo Morillo. El ej\u00e9rcito de Morillo siti\u00f3 la ciudad de Cartagena a fines de 1815 y aniquil\u00f3 r\u00e1pidamente a la oposici\u00f3n en toda Nueva Granada.<\/p>\n<p>El reestablecimiento del gobierno realista fue exitoso en la mayor\u00eda de lugares. Sin embargo, la regi\u00f3n del R\u00edo de la Plara demostr\u00f3 ser un fuerte basti\u00f3n revolucionario. En el <em>podcast <\/em>anterior, el Dr. Alejandro Rabinovich habla sobre los intentos que se realizaron para reconquistar los territorios perdidos.<\/p>\n<p>Daniel Guti\u00e9rrez Ardila considera que este per\u00edodo en la lucha por la independencia empez\u00f3 el 6 de diciembre de 1815, con la exitosa toma de Cartagena, y termin\u00f3 el 7 de agosto de 1819 con la victoria revolucionaria en Boyac\u00e1.<\/p>\n<p><strong>Otras lecturas<\/strong><\/p>\n<p>Guti\u00e9rrez Ardila, Daniel. <a href=\"https:\/\/www.academia.edu\/35773807\/El_Reino_frente_al_Rey._Reconquista_Pacificaci\u00f3n_Restauraci\u00f3n_Nueva_Granada_1815-1819_\">La restauraci\u00f3n en la nueva granada (1815-1819)<\/a> Bogot\u00e1: Universidad Externado de Colombia and the Museo Nacional de Colombia, 2017.<\/p>\n","protected":false},"excerpt":{"rendered":"<p>En 1813, Napole\u00f3n acept\u00f3 permitir que Fernando VII regresara a Espa\u00f1a y, al a\u00f1o siguiente, en 1814, Fernando VII retom\u00f3 el poder. Durante su ausencia se dieron cambios dram\u00e1ticos y surgieron nuevas formas de gobierno. Las Juntas se hab\u00edan formado en Espa\u00f1a y junto con los representantes de Am\u00e9rica Latina formaron un parlamento y redactaron [&hellip;]<\/p>\n","protected":false},"author":122,"featured_media":0,"parent":0,"menu_order":0,"comment_status":"closed","ping_status":"closed","template":"","meta":{"_acf_changed":false,"footnotes":""},"class_list":["post-3980","page","type-page","status-publish","hentry"],"acf":[],"_links":{"self":[{"href":"https:\/\/research.kent.ac.uk\/warandnation\/wp-json\/wp\/v2\/pages\/3980","targetHints":{"allow":["GET"]}}],"collection":[{"href":"https:\/\/research.kent.ac.uk\/warandnation\/wp-json\/wp\/v2\/pages"}],"about":[{"href":"https:\/\/research.kent.ac.uk\/warandnation\/wp-json\/wp\/v2\/types\/page"}],"author":[{"embeddable":true,"href":"https:\/\/research.kent.ac.uk\/warandnation\/wp-json\/wp\/v2\/users\/122"}],"replies":[{"embeddable":true,"href":"https:\/\/research.kent.ac.uk\/warandnation\/wp-json\/wp\/v2\/comments?post=3980"}],"version-history":[{"count":6,"href":"https:\/\/research.kent.ac.uk\/warandnation\/wp-json\/wp\/v2\/pages\/3980\/revisions"}],"predecessor-version":[{"id":4870,"href":"https:\/\/research.kent.ac.uk\/warandnation\/wp-json\/wp\/v2\/pages\/3980\/revisions\/4870"}],"wp:attachment":[{"href":"https:\/\/research.kent.ac.uk\/warandnation\/wp-json\/wp\/v2\/media?parent=3980"}],"curies":[{"name":"wp","href":"https:\/\/api.w.org\/{rel}","templated":true}]}}