{"id":3968,"date":"2018-07-05T18:13:15","date_gmt":"2018-07-05T17:13:15","guid":{"rendered":"https:\/\/research.kent.ac.uk\/upgrade-warandnation\/?page_id=3968"},"modified":"2020-09-14T10:45:54","modified_gmt":"2020-09-14T09:45:54","slug":"fernando-vii-vuelve-al-poder","status":"publish","type":"page","link":"https:\/\/research.kent.ac.uk\/warandnation\/es\/fernando-vii-vuelve-al-poder\/","title":{"rendered":"1814 Fernando VII regresa al poder"},"content":{"rendered":"<div class=\"video-container\"><iframe loading=\"lazy\" title=\"Diplomacy During the Wars of Independence.\" width=\"500\" height=\"281\" src=\"https:\/\/www.youtube.com\/embed\/3uTGOdHGWfg?feature=oembed\" frameborder=\"0\" allow=\"accelerometer; autoplay; clipboard-write; encrypted-media; gyroscope; picture-in-picture; web-share\" referrerpolicy=\"strict-origin-when-cross-origin\" allowfullscreen><\/iframe><\/div>\n<div id=\"attachment_3971\" style=\"width: 160px\" class=\"wp-caption alignright\"><img loading=\"lazy\" decoding=\"async\" aria-describedby=\"caption-attachment-3971\" class=\"size-full wp-image-3971\" src=\"https:\/\/research.kent.ac.uk\/warandnation\/wp-content\/uploads\/sites\/1846\/2018\/07\/Fernando-VII-de-Borb\u00f3n-150x150.png\" alt=\"\" width=\"150\" height=\"150\" \/><p id=\"caption-attachment-3971\" class=\"wp-caption-text\">Fernando VII de Borb\u00f3n por Francisco Goya<\/p><\/div>\n<p>En 1813, Napole\u00f3n acept\u00f3 reconocer nuevamente a Fernando VII de Borb\u00f3n como Rey de Espa\u00f1a. Lo hab\u00eda mantenido encarcelado en Francia desde su abdicaci\u00f3n en 1808. Por lo tanto, regres\u00f3 a Espa\u00f1a en 1814 despu\u00e9s de haber pasado cinco a\u00f1os en cautiverio en Francia.<\/p>\n<p>Sus primeras acciones fueron deshacer las reformas liberales del gobierno que se hab\u00edan implementado durante su ausencia. Por ejemplo, anul\u00f3 la Constituci\u00f3n de C\u00e1diz, disolvi\u00f3 las Cortes y suprimi\u00f3 la prensa libre. Trat\u00f3 de abolir el constitucionalismo y restablecer el sistema mon\u00e1rquico absoluto que hab\u00eda dejado en 1808.<\/p>\n<p>Las cosas hab\u00edan cambiado en su ausencia y las Juntas se hab\u00edan formado en Espa\u00f1a y en Am\u00e9rica del Sur. Las guerras de independencia estallaron en Am\u00e9rica. Durante este per\u00edodo, la diplomacia entre las diferentes Juntas en Am\u00e9rica del Sur y de hecho en pa\u00edses extranjeros, como Gran Breta\u00f1a y Estados Unidos, fue tan importante para el proceso de independencia como lo fueron las batallas. En el podcast anterior, el Dr. Daniel Guti\u00e9rrez habla sobre la importancia de la diplomacia en el per\u00edodo de la independencia.<\/p>\n<div class=\"video-container\"><iframe loading=\"lazy\" title=\"Natalia Sobrevilla Perea discusses the effects of the 1808 crisis in Hispanic America\" width=\"500\" height=\"281\" src=\"https:\/\/www.youtube.com\/embed\/OfwUT4fLdDU?feature=oembed\" frameborder=\"0\" allow=\"accelerometer; autoplay; clipboard-write; encrypted-media; gyroscope; picture-in-picture; web-share\" referrerpolicy=\"strict-origin-when-cross-origin\" allowfullscreen><\/iframe><\/div>\n<p>Si bien los esfuerzos diplom\u00e1ticos de la \u00e9poca ten\u00edan un papel importante que jugar en la lucha por la independencia, en el a\u00f1o 1815 se ver\u00eda una nueva ola de confrontaci\u00f3n militar cuando Fernando VII enviar\u00eda tropas realistas para recuperar el control de Am\u00e9rica del Sur. A este per\u00edodo se le conoce a menudo como la restauraci\u00f3n o la reconquista. En el siguient podcast, y en el banner de esta p\u00e1gina, Natalia Sobrevilla Perea refelexiona sobre estos t\u00e9rminos diferentes y considera los diversos matices de sus significados. Por ejemplo, Sobrevilla Perea se cuestiona si este per\u00edodo deber\u00eda ser considerado en t\u00e9rminos de una restauraci\u00f3n del mandato espa\u00f1ol, o si deber\u00eda ser considerado como una reconquista de los territorios.<\/p>\n<p>A pesar de la r\u00e1pida derrota de la oposici\u00f3n revolucionaria en Nueva Granada, la restauraci\u00f3n del gobierno mon\u00e1rquico no dur\u00f3 mucho. El r\u00e9gimen colaps\u00f3 nuevamente tres a\u00f1os despu\u00e9s. Daniel Guti\u00e9rrez Ardila ha escrito extensamente sobre este tema. En su libro La restauraci\u00f3n en la nueva granada (1815-1819), Guti\u00e9rrez Ardila explora una serie de interrogantes clave relacionadas con la breve restauraci\u00f3n del gobierno mon\u00e1rquico en este per\u00edodo. \u00c9l investiga c\u00f3mo se obtuvo este resultado. Generalmente, esta \u00e9poca es narrada como un per\u00edodo en el que los realistas despiadados derrotaron a los criollos d\u00e9biles, pero Guti\u00e9rrez Ardila propone una lectura diferente de esta \u00e9poca. \u00c9l observa la manera en que los revolucionarios crearon las estrategias para la supervivencia y la paz en esta era turbulenta.<\/p>\n<p><strong>Lectura adicional<\/strong><br \/>\nGuti\u00e9rrez Ardila, Daniel. <em><a href=\"https:\/\/www.academia.edu\/35773807\/El_Reino_frente_al_Rey._Reconquista_Pacificaci\u00f3n_Restauraci\u00f3n_Nueva_Granada_1815-1819_\">La restauraci\u00f3n en la nueva granada (1815-1819)<\/a><\/em> Bogot\u00e1: Universidad Externado de Colombia and the Museo Nacional de Colombia, 2017.<\/p>\n","protected":false},"excerpt":{"rendered":"<p>En 1813, Napole\u00f3n acept\u00f3 reconocer nuevamente a Fernando VII de Borb\u00f3n como Rey de Espa\u00f1a. Lo hab\u00eda mantenido encarcelado en Francia desde su abdicaci\u00f3n en 1808. Por lo tanto, regres\u00f3 a Espa\u00f1a en 1814 despu\u00e9s de haber pasado cinco a\u00f1os en cautiverio en Francia. Sus primeras acciones fueron deshacer las reformas liberales del gobierno que [&hellip;]<\/p>\n","protected":false},"author":122,"featured_media":0,"parent":0,"menu_order":0,"comment_status":"closed","ping_status":"closed","template":"","meta":{"_acf_changed":false,"footnotes":""},"class_list":["post-3968","page","type-page","status-publish","hentry"],"acf":[],"_links":{"self":[{"href":"https:\/\/research.kent.ac.uk\/warandnation\/wp-json\/wp\/v2\/pages\/3968","targetHints":{"allow":["GET"]}}],"collection":[{"href":"https:\/\/research.kent.ac.uk\/warandnation\/wp-json\/wp\/v2\/pages"}],"about":[{"href":"https:\/\/research.kent.ac.uk\/warandnation\/wp-json\/wp\/v2\/types\/page"}],"author":[{"embeddable":true,"href":"https:\/\/research.kent.ac.uk\/warandnation\/wp-json\/wp\/v2\/users\/122"}],"replies":[{"embeddable":true,"href":"https:\/\/research.kent.ac.uk\/warandnation\/wp-json\/wp\/v2\/comments?post=3968"}],"version-history":[{"count":6,"href":"https:\/\/research.kent.ac.uk\/warandnation\/wp-json\/wp\/v2\/pages\/3968\/revisions"}],"predecessor-version":[{"id":4858,"href":"https:\/\/research.kent.ac.uk\/warandnation\/wp-json\/wp\/v2\/pages\/3968\/revisions\/4858"}],"wp:attachment":[{"href":"https:\/\/research.kent.ac.uk\/warandnation\/wp-json\/wp\/v2\/media?parent=3968"}],"curies":[{"name":"wp","href":"https:\/\/api.w.org\/{rel}","templated":true}]}}