{"id":3960,"date":"2018-07-05T18:10:12","date_gmt":"2018-07-05T17:10:12","guid":{"rendered":"https:\/\/research.kent.ac.uk\/upgrade-warandnation\/?page_id=3960"},"modified":"2020-09-14T10:38:16","modified_gmt":"2020-09-14T09:38:16","slug":"la-batalla-de-tucuman","status":"publish","type":"page","link":"https:\/\/research.kent.ac.uk\/warandnation\/es\/la-batalla-de-tucuman\/","title":{"rendered":"1812 La Batalla de Tucum\u00e1n"},"content":{"rendered":"<div class=\"video-container\"><iframe loading=\"lazy\" title=\"Alejandro Rabinovich Speaks about the Formation of Armies in Spanish America\" width=\"500\" height=\"281\" src=\"https:\/\/www.youtube.com\/embed\/Ja6TlVeTtgo?feature=oembed\" frameborder=\"0\" allow=\"accelerometer; autoplay; clipboard-write; encrypted-media; gyroscope; picture-in-picture; web-share\" referrerpolicy=\"strict-origin-when-cross-origin\" allowfullscreen><\/iframe><\/div>\n<p>La batalla de Tucum\u00e1n fue una batalla clave en la Guerra de la Independencia de Argentina. Las tropas realistas fueron derrotadas por el ej\u00e9rcito revolucionario, el Ej\u00e9rcito del Norte, liderado por el general Manuel Belgrano. La victoria detuvo a los realistas que hab\u00edan estado tomando m\u00e1s territorio, y permiti\u00f3 a las tropas argentinas consolidar su dominio en la regi\u00f3n y afirmar su autoridad sobre la tierra que controlaban y sus fronteras. Sin embargo, los argentinos hab\u00edan perdido algo de territorio en el per\u00edodo previo a la batalla. Por el temor de no poder defender la regi\u00f3n, hab\u00edan evacuado y destrozado la ciudad de Jujuy, ordenando a los civiles y al personal militar dirigirse al interior de la Provincia de Tucum\u00e1n, donde pod\u00edan ser defendidos adecuadamente. Originalmente, la intenci\u00f3n era retirarse a la ciudad de C\u00f3rdoba, sin embargo, la gente de Tucum\u00e1n era partidaria de la independencia y convencieron a Belgrano para que peleara contra los espa\u00f1oles en Tucum\u00e1n, y acordaron otorgarle pagos por sus tropas, m\u00e1s las tropas de caballer\u00eda.<\/p>\n<p>La Batalla en Tucum\u00e1n fue un \u00e9xito, y los patriotas obtuvieron valiosas municiones que los espa\u00f1oles hab\u00edan dejado atr\u00e1s.<\/p>\n<p>Argentina era una fortaleza para las fuerzas de la independencia durante la mayor parte del tiempo, cuando otras \u00e1reas del continente luchaban contra los espa\u00f1oles. En la guerra de independencia argentina se desplegaron \u201cguerrillas gauchas\u201d para detener el avance de las fuerzas espa\u00f1olas. Los gauchos eran figuras vaqueras de la regi\u00f3n argentina, famosos por su estilo an\u00e1rquico de vida n\u00f3made, por pastorear caballos salvajes y ganado. Debido a este estilo de vida n\u00f3made, los gauchos conoc\u00edan bien el terreno argentino y esto les dio una ventaja sobre las fuerzas espa\u00f1olas. Ellos jugaron un papel importante en la lucha de Argentina por la independencia de Espa\u00f1a y su participaci\u00f3n se conmemora en los festejos de la independencia de hoy, cuando la gente se disfraza de gauchos para las celebraciones. Esto se muestra en el siguiente v\u00eddeo, tomado en el bicentenario de  la independencia de Argentina en 2016.<\/p>\n<p><strong>Lecturas adicionales<\/strong><\/p>\n<p>Rabinovich, Alejandro. 2013 <em>Ser soldado en las Guerras de Independencia. La experiencia cotidiana de la tropa en el R\u00edo de la Plata (1810-1824)<\/em>, (Buenos Aires: Sudamericana).<\/p>\n<div class=\"video-container\"><iframe loading=\"lazy\" title=\"Procession of gauchos at the Argentine celebration of independence 2016\" width=\"500\" height=\"281\" src=\"https:\/\/www.youtube.com\/embed\/BTu2iZw0IKo?feature=oembed\" frameborder=\"0\" allow=\"accelerometer; autoplay; clipboard-write; encrypted-media; gyroscope; picture-in-picture; web-share\" referrerpolicy=\"strict-origin-when-cross-origin\" allowfullscreen><\/iframe><\/div>\n","protected":false},"excerpt":{"rendered":"<p>La batalla de Tucum\u00e1n fue una batalla clave en la Guerra de la Independencia de Argentina. Las tropas realistas fueron derrotadas por el ej\u00e9rcito revolucionario, el Ej\u00e9rcito del Norte, liderado por el general Manuel Belgrano. La victoria detuvo a los realistas que hab\u00edan estado tomando m\u00e1s territorio, y permiti\u00f3 a las tropas argentinas consolidar su [&hellip;]<\/p>\n","protected":false},"author":122,"featured_media":0,"parent":0,"menu_order":0,"comment_status":"closed","ping_status":"closed","template":"","meta":{"_acf_changed":false,"footnotes":""},"class_list":["post-3960","page","type-page","status-publish","hentry"],"acf":[],"_links":{"self":[{"href":"https:\/\/research.kent.ac.uk\/warandnation\/wp-json\/wp\/v2\/pages\/3960","targetHints":{"allow":["GET"]}}],"collection":[{"href":"https:\/\/research.kent.ac.uk\/warandnation\/wp-json\/wp\/v2\/pages"}],"about":[{"href":"https:\/\/research.kent.ac.uk\/warandnation\/wp-json\/wp\/v2\/types\/page"}],"author":[{"embeddable":true,"href":"https:\/\/research.kent.ac.uk\/warandnation\/wp-json\/wp\/v2\/users\/122"}],"replies":[{"embeddable":true,"href":"https:\/\/research.kent.ac.uk\/warandnation\/wp-json\/wp\/v2\/comments?post=3960"}],"version-history":[{"count":6,"href":"https:\/\/research.kent.ac.uk\/warandnation\/wp-json\/wp\/v2\/pages\/3960\/revisions"}],"predecessor-version":[{"id":4852,"href":"https:\/\/research.kent.ac.uk\/warandnation\/wp-json\/wp\/v2\/pages\/3960\/revisions\/4852"}],"wp:attachment":[{"href":"https:\/\/research.kent.ac.uk\/warandnation\/wp-json\/wp\/v2\/media?parent=3960"}],"curies":[{"name":"wp","href":"https:\/\/api.w.org\/{rel}","templated":true}]}}