{"id":3953,"date":"2018-07-05T14:11:00","date_gmt":"2018-07-05T13:11:00","guid":{"rendered":"https:\/\/research.kent.ac.uk\/upgrade-warandnation\/?page_id=3953"},"modified":"2020-09-14T10:33:33","modified_gmt":"2020-09-14T09:33:33","slug":"1811-miranda-declara-la-independencia-en-venezuela-y-la-guerra-civil-comienza","status":"publish","type":"page","link":"https:\/\/research.kent.ac.uk\/warandnation\/es\/1811-miranda-declara-la-independencia-en-venezuela-y-la-guerra-civil-comienza\/","title":{"rendered":"1811 Miranda declara la Independencia en Venezuela y empieza la Guerra Civil"},"content":{"rendered":"<div class=\"video-container\"><iframe loading=\"lazy\" title=\"Daniel Gutierrez Speaks about the Declaration of Independence in Venezuela in 1811\" width=\"500\" height=\"281\" src=\"https:\/\/www.youtube.com\/embed\/tSl6LmOWuGE?feature=oembed\" frameborder=\"0\" allow=\"accelerometer; autoplay; clipboard-write; encrypted-media; gyroscope; picture-in-picture; web-share\" referrerpolicy=\"strict-origin-when-cross-origin\" allowfullscreen><\/iframe><\/div>\n<p>En 1810, el gobernador espa\u00f1ol Vicente Empar\u00e1n fue destituido como Capit\u00e1n General de la Capitan\u00eda General de Venezuela (una regi\u00f3n administrativa colonial que se hab\u00eda establecido en el Virreinato de la Nueva Granada en 1777, para dar m\u00e1s autonom\u00eda a las provincias de Venezuela). Se estableci\u00f3 una Junta en Caracas. En toda Venezuela se dieron diferencias de opini\u00f3n sobre si las distintas provincias deb\u00edan seguir su ejemplo y establecer sus propias Juntas; si deb\u00edan apoyar a la Junta de Caracas o si deban seguir siendo leales a Espa\u00f1a. Estas diferencias dieron lugar a una guerra civil.<br \/>\nEn ese momento, la Junta de Caracas proclam\u00f3 estar actuando en nombre de Fernando VII, el rey espa\u00f1ol que hab\u00eda abdicado despu\u00e9s de la invasi\u00f3n napole\u00f3nica de la Pen\u00ednsula espa\u00f1ola. Sin embargo, una facci\u00f3n que estaba a favor de la independencia iba a convertirse en dominante y dirigir al movimiento independentista. Al frente de esta campa\u00f1a de independencia estuvieron Francisco de Miranda y Sim\u00f3n Bol\u00edvar, militares que hab\u00edan vivido en Europa y hab\u00edan sido influenciados por las ideas de la Ilustraci\u00f3n y la Revoluci\u00f3n Francesa.<\/p>\n<div id=\"attachment_3954\" style=\"width: 210px\" class=\"wp-caption alignright\"><img loading=\"lazy\" decoding=\"async\" aria-describedby=\"caption-attachment-3954\" class=\"wp-image-3954 size-full\" src=\"https:\/\/research.kent.ac.uk\/warandnation\/wp-content\/uploads\/sites\/1846\/2018\/07\/Venezuelan-Flag.png\" alt=\"\" width=\"200\" height=\"200\" srcset=\"https:\/\/research.kent.ac.uk\/warandnation\/wp-content\/uploads\/sites\/1846\/2018\/07\/Venezuelan-Flag.png 200w, https:\/\/research.kent.ac.uk\/warandnation\/wp-content\/uploads\/sites\/1846\/2018\/07\/Venezuelan-Flag-150x150.png 150w\" sizes=\"auto, (max-width: 200px) 100vw, 200px\" \/><p id=\"caption-attachment-3954\" class=\"wp-caption-text\"><span lang=\"EN-US\"><span style=\"color: #000000;font-family: Cambria\">Miranda us\u00f3 la bandera tricolor en la campa\u00f1a de independencia. La bandera forma la base de la bandera venezolana actual, que usa los mismos tres colores con la adici\u00f3n de estrellas y un escudo de armas.<\/span><\/span><\/p><\/div>\n<p>En 1811, Francisco Miranda convenci\u00f3 al Congreso Nacional de Venezuela a declarar la independencia. Muchas regiones en Venezuela declararon su independencia el 5 de julio de 1811 y se redact\u00f3 una Constituci\u00f3n poco despu\u00e9s. Sin embargo, tambi\u00e9n hubo regiones que se negaron a unirse a la rep\u00fablica. Estas incluyeron a las ciudades de Coro, Maracaibo, Guayana y Valencia, que inicialmente se unieron, pero luego cambiaron de parecer. Por lo tanto, a pesar de la proclamaci\u00f3n de la independencia, todav\u00eda hab\u00eda una guerra interna en apogeo. La Primera Rep\u00fablica de Venezuela se perdi\u00f3 en 1812, despu\u00e9s de la Batalla de La Victoria y un terremoto en Caracas. Francisco Miranda y Sim\u00f3n Bol\u00edvar encabezaron una campa\u00f1a para ganar el control de Venezuela una vez m\u00e1s, y la Segunda Rep\u00fablica de Venezuela se estableci\u00f3 en 1813. Esto fracas\u00f3 nuevamente, debido a rebeliones locales y a una reconquista realista espa\u00f1ola.<\/p>\n<p>Daniel Guti\u00e9rrez habla sobre la declaraci\u00f3n de la independencia de Venezuela en el podcast anterior.<\/p>\n<p><strong>Otras lecturas<\/strong><\/p>\n<p>Guti\u00e9rrez Ardila, Daniel. <em><a href=\"https:\/\/www.academia.edu\/28971931\/Las_vacilaciones_de_Cartagena._Pol\u00e9micas_neogranadinas_en_torno_a_la_creaci\u00f3n_del_Consejo_de_Regencia\">Pol\u00e9micas neogranadinas en torno a la creaci\u00f3n Consejo de Regencia<\/a><\/em><span style=\"float: none;background-color: transparent;color: #171717;font-family: 'ArialLight','Helvetica Neue',Helvetica,Arial,sans-serif;font-size: 19px;font-style: normal;font-variant: normal;font-weight: 400;letter-spacing: normal;text-align: left;text-decoration: none;text-indent: 0px\">. Bogot\u00e1: Academia Colombiana de Historia, 2012.<\/span><\/p>\n","protected":false},"excerpt":{"rendered":"<p>En 1810, el gobernador espa\u00f1ol Vicente Empar\u00e1n fue destituido como Capit\u00e1n General de la Capitan\u00eda General de Venezuela (una regi\u00f3n administrativa colonial que se hab\u00eda establecido en el Virreinato de la Nueva Granada en 1777, para dar m\u00e1s autonom\u00eda a las provincias de Venezuela). Se estableci\u00f3 una Junta en Caracas. En toda Venezuela se dieron [&hellip;]<\/p>\n","protected":false},"author":122,"featured_media":0,"parent":0,"menu_order":0,"comment_status":"closed","ping_status":"closed","template":"","meta":{"_acf_changed":false,"footnotes":""},"class_list":["post-3953","page","type-page","status-publish","hentry"],"acf":[],"_links":{"self":[{"href":"https:\/\/research.kent.ac.uk\/warandnation\/wp-json\/wp\/v2\/pages\/3953","targetHints":{"allow":["GET"]}}],"collection":[{"href":"https:\/\/research.kent.ac.uk\/warandnation\/wp-json\/wp\/v2\/pages"}],"about":[{"href":"https:\/\/research.kent.ac.uk\/warandnation\/wp-json\/wp\/v2\/types\/page"}],"author":[{"embeddable":true,"href":"https:\/\/research.kent.ac.uk\/warandnation\/wp-json\/wp\/v2\/users\/122"}],"replies":[{"embeddable":true,"href":"https:\/\/research.kent.ac.uk\/warandnation\/wp-json\/wp\/v2\/comments?post=3953"}],"version-history":[{"count":5,"href":"https:\/\/research.kent.ac.uk\/warandnation\/wp-json\/wp\/v2\/pages\/3953\/revisions"}],"predecessor-version":[{"id":4843,"href":"https:\/\/research.kent.ac.uk\/warandnation\/wp-json\/wp\/v2\/pages\/3953\/revisions\/4843"}],"wp:attachment":[{"href":"https:\/\/research.kent.ac.uk\/warandnation\/wp-json\/wp\/v2\/media?parent=3953"}],"curies":[{"name":"wp","href":"https:\/\/api.w.org\/{rel}","templated":true}]}}