{"id":3941,"date":"2018-07-05T12:02:18","date_gmt":"2018-07-05T11:02:18","guid":{"rendered":"https:\/\/research.kent.ac.uk\/upgrade-warandnation\/?page_id=3941"},"modified":"2020-09-14T10:22:40","modified_gmt":"2020-09-14T09:22:40","slug":"se-forman-juntas-en-caracas-buenos-aires-bogota-y-santiago","status":"publish","type":"page","link":"https:\/\/research.kent.ac.uk\/warandnation\/es\/se-forman-juntas-en-caracas-buenos-aires-bogota-y-santiago\/","title":{"rendered":"1810 Se forman Juntas en Caracas, Buenos Aires, Bogot\u00e1 y Santiago"},"content":{"rendered":"<p>Despu\u00e9s de la invasi\u00f3n napole\u00f3nica de la pen\u00ednsula espa\u00f1ola y la abdicaci\u00f3n de Fernando VII, hubo un vac\u00edo de poder que afect\u00f3 tanto a Espa\u00f1a como a Hispanoam\u00e9rica. Este vac\u00edo de poder condujo a la formaci\u00f3n de las Juntas, grupos gobernantes que tomaron el control de diferentes regiones. En el siguiente podcast, el Dr. Juan Luis Ossa habla sobre la formaci\u00f3n de estas Juntas.<\/p>\n<div class=\"video-container\"><iframe loading=\"lazy\" title=\"The formation of juntas in South America\" width=\"500\" height=\"281\" src=\"https:\/\/www.youtube.com\/embed\/aVTm3MXJkic?feature=oembed\" frameborder=\"0\" allow=\"accelerometer; autoplay; clipboard-write; encrypted-media; gyroscope; picture-in-picture; web-share\" referrerpolicy=\"strict-origin-when-cross-origin\" allowfullscreen><\/iframe><\/div>\n<p>En 1810, llegaron a Caracas noticias de que la resistencia contra Napole\u00f3n hab\u00eda fracasado y que se hab\u00eda formado debidamente una Junta en pocos d\u00edas. Esta aboli\u00f3 el comercio de esclavos y el tributo ind\u00edgena, y elimin\u00f3 las restricciones comerciales, como los cargos a la exportaci\u00f3n. Tambi\u00e9n envi\u00f3 una delegaci\u00f3n diplom\u00e1tica a Londres que inclu\u00eda a Sim\u00f3n Bol\u00edvar. La Junta de Caracas fue progresista. Sin embargo, no cont\u00f3 con el apoyo de otras ciudades cercanas, que finalmente formaron sus propias Juntas.<\/p>\n<p>Buenos Aires tambi\u00e9n se apresur\u00f3 en establecer una Junta cuando llegaron las noticias de que la resistencia en Espa\u00f1a estaba fracasando. Se convoc\u00f3 un Cabildo abierto y se argument\u00f3 que, en ausencia de Fernando, deber\u00edan formarse Juntas. Se emitieron votos y se form\u00f3 una Junta. El liderazgo inclu\u00eda a Manuel Belgrano, Juan Jos\u00e9 Castelli y Mariano Moreno, y el proceso hist\u00f3rico se llam\u00f3 la Revoluci\u00f3n de Mayo de 1810. El liderazgo afirmaba estar actuando en nombre de Fernando VII, pero en realidad Moreno era m\u00e1s radical. Inspirado por la Revoluci\u00f3n de los EE.UU., \u00e9l intent\u00f3 crear una confederaci\u00f3n sudamericana.<\/p>\n<p><strong>El edificio del Cabildo de Buenos Aires<\/strong><\/p>\n<div id=\"attachment_3944\" style=\"width: 310px\" class=\"wp-caption alignleft\"><img loading=\"lazy\" decoding=\"async\" aria-describedby=\"caption-attachment-3944\" class=\"size-full wp-image-3944\" src=\"https:\/\/research.kent.ac.uk\/warandnation\/wp-content\/uploads\/sites\/1846\/2018\/07\/Cabildo-de-Buenos-Aires-300x200.jpg\" alt=\"\" width=\"300\" height=\"200\" \/><p id=\"caption-attachment-3944\" class=\"wp-caption-text\">El edificio del Cabildo de Buenos Aires<\/p><\/div>\n<p>El Cabildo de Buenos Aires fue una instituci\u00f3n colonial espa\u00f1ola hasta la Revoluci\u00f3n de Mayo de 1810, y depuso al virrey Hidalgo de Cisneros. Despu\u00e9s de la Revoluci\u00f3n de Mayo, el Cabildo fue utilizado por la Junta de Gobierno. El edificio del cabildo actualmente alberga un museo. El co-investigador de nuestro proyecto Guerra y Naci\u00f3n, Gabriel di Meglio, es el director del museo, que se conoce en espa\u00f1ol como el Museo Hist\u00f3rico Nacional del Cabildo de Buenos Aires y de la Revoluci\u00f3n de Mayo.<\/p>\n<p>Las autoridades reales en Am\u00e9rica del Sur trataron de evitar la formaci\u00f3n de estas Juntas. En Bogot\u00e1, por ejemplo, el virrey encarcel\u00f3 a las personas que intentaron desplazar a las autoridades reales. Sin embargo, se inici\u00f3 un mot\u00edn en julio de 1810 y las milicias que normalmente habr\u00edan detenido tales disturbios se negaron a hacerlo. Al virrey se le solicit\u00f3 instaurar una Junta. La idea era que el virrey realmente liderara la Junta, pero result\u00f3 inseguro para \u00e9l y, por lo tanto, lo sacaron de Bogot\u00e1 por su propia seguridad. El 20 de julio de 1810 se redact\u00f3 la Declaraci\u00f3n de Independencia de Colombia.<\/p>\n<p>Aunque las Juntas sosten\u00edan la apariencia de que estaban actuando en nombre de Fernando VII, la formaci\u00f3n de estas Juntas fue el primer paso en el establecimiento de la soberan\u00eda en las diversas regiones de Am\u00e9rica del Sur.<\/p>\n<p><span lang=\"EN-US\" style=\"margin: 0px;color: black;font-family: 'Arial',sans-serif;font-size: 14pt\">El primer escudo chileno\u00a0<\/span><\/p>\n<div id=\"attachment_3945\" style=\"width: 310px\" class=\"wp-caption alignleft\"><img loading=\"lazy\" decoding=\"async\" aria-describedby=\"caption-attachment-3945\" class=\"size-full wp-image-3945\" src=\"https:\/\/research.kent.ac.uk\/warandnation\/wp-content\/uploads\/sites\/1846\/2018\/07\/Shield-Museo-Hist\u00f3rico-Nacional-Santiago-300x225.jpg\" alt=\"\" width=\"300\" height=\"225\" \/><p id=\"caption-attachment-3945\" class=\"wp-caption-text\">El primer escudo chileno<\/p><\/div>\n<p>El 18 de septiembre de 1810 se form\u00f3 una Junta en Chile. La imagen a la izquierda es del primer Escudo chileno. Fue creado para reemplazar al emblema realista espa\u00f1ol y fue utilizado el 30 de septiembre de 1812 en una celebraci\u00f3n en la Plaza de Armas en Santiago, para conmemorar la primera Junta nacional. El escudo pretend\u00eda transmitir que la regi\u00f3n estaba siendo gobernada por la Junta provisional de Jos\u00e9 Miguel Carrera.<\/p>\n<p>El escudo de armas tiene los tres colores de la bandera chilena en el centro de la imagen, flanqueado por dos figuras mapuches. El pueblo Mapuche fue utilizado en la imagen para definir una nueva identidad cultural chilena basada en el valor y la nobleza de los araucanos.<\/p>\n<p>En el siguiente v\u00eddeo (un programa de TV del Canal Encuentro en Argentina), Gabriel Di Meglio y otros historiadores discuten los eventos que ocurrieron en 1810, cuando hubo una ruptura importante con el gobierno realista. El foco del programa era la regi\u00f3n del R\u00edo de la Plata y el establecimiento de la Argentina actual.<\/p>\n<div class=\"video-container\"><iframe loading=\"lazy\" title=\"Capitulo V. A\u00f1o 1810.\" width=\"500\" height=\"375\" src=\"https:\/\/www.youtube.com\/embed\/Z4xBhWTgbV4?feature=oembed\" frameborder=\"0\" allow=\"accelerometer; autoplay; clipboard-write; encrypted-media; gyroscope; picture-in-picture; web-share\" referrerpolicy=\"strict-origin-when-cross-origin\" allowfullscreen><\/iframe><\/div>\n<p><strong>Otras lecturas<\/strong><\/p>\n<p><img loading=\"lazy\" decoding=\"async\" class=\"size-thumbnail wp-image-2563 alignleft\" src=\"https:\/\/research.kent.ac.uk\/warandnation\/wp-content\/uploads\/sites\/1846\/2017\/07\/GDM-Book-Viva-el-bajo-pueblo-128x150.jpg\" alt=\"\" width=\"128\" height=\"150\" \/><\/p>\n<p>Di Meglio, Gabriel. \u00a1<a href=\"http:\/\/sedici.unlp.edu.ar\/handle\/10915\/11709\">Viva el bajo pueblo! La plebe urbana de Buenos Aires y la pol\u00edtica entre la Revoluci\u00f3n de Mayo y el rosismo<\/a>. Buenos Aires: Prometeo libros, 2016.<\/p>\n","protected":false},"excerpt":{"rendered":"<p>Despu\u00e9s de la invasi\u00f3n napole\u00f3nica de la pen\u00ednsula espa\u00f1ola y la abdicaci\u00f3n de Fernando VII, hubo un vac\u00edo de poder que afect\u00f3 tanto a Espa\u00f1a como a Hispanoam\u00e9rica. Este vac\u00edo de poder condujo a la formaci\u00f3n de las Juntas, grupos gobernantes que tomaron el control de diferentes regiones. En el siguiente podcast, el Dr. Juan [&hellip;]<\/p>\n","protected":false},"author":122,"featured_media":0,"parent":0,"menu_order":0,"comment_status":"closed","ping_status":"closed","template":"","meta":{"_acf_changed":false,"footnotes":""},"class_list":["post-3941","page","type-page","status-publish","hentry"],"acf":[],"_links":{"self":[{"href":"https:\/\/research.kent.ac.uk\/warandnation\/wp-json\/wp\/v2\/pages\/3941","targetHints":{"allow":["GET"]}}],"collection":[{"href":"https:\/\/research.kent.ac.uk\/warandnation\/wp-json\/wp\/v2\/pages"}],"about":[{"href":"https:\/\/research.kent.ac.uk\/warandnation\/wp-json\/wp\/v2\/types\/page"}],"author":[{"embeddable":true,"href":"https:\/\/research.kent.ac.uk\/warandnation\/wp-json\/wp\/v2\/users\/122"}],"replies":[{"embeddable":true,"href":"https:\/\/research.kent.ac.uk\/warandnation\/wp-json\/wp\/v2\/comments?post=3941"}],"version-history":[{"count":5,"href":"https:\/\/research.kent.ac.uk\/warandnation\/wp-json\/wp\/v2\/pages\/3941\/revisions"}],"predecessor-version":[{"id":4834,"href":"https:\/\/research.kent.ac.uk\/warandnation\/wp-json\/wp\/v2\/pages\/3941\/revisions\/4834"}],"wp:attachment":[{"href":"https:\/\/research.kent.ac.uk\/warandnation\/wp-json\/wp\/v2\/media?parent=3941"}],"curies":[{"name":"wp","href":"https:\/\/api.w.org\/{rel}","templated":true}]}}