{"id":3929,"date":"2018-07-04T17:24:34","date_gmt":"2018-07-04T16:24:34","guid":{"rendered":"https:\/\/research.kent.ac.uk\/upgrade-warandnation\/?page_id=3929"},"modified":"2020-09-14T10:07:13","modified_gmt":"2020-09-14T09:07:13","slug":"se-establecen-las-cortes-y-una-regencia-en-cadiz","status":"publish","type":"page","link":"https:\/\/research.kent.ac.uk\/warandnation\/es\/se-establecen-las-cortes-y-una-regencia-en-cadiz\/","title":{"rendered":"1810 Se establecen las Cortes y una Regencia en C\u00e1diz"},"content":{"rendered":"<div class=\"video-container\"><iframe loading=\"lazy\" title=\"The Cortes of C\u00e1diz (General Courts) and the C\u00e1diz Constitution\" width=\"500\" height=\"281\" src=\"https:\/\/www.youtube.com\/embed\/6qQgIuU4nW0?feature=oembed\" frameborder=\"0\" allow=\"accelerometer; autoplay; clipboard-write; encrypted-media; gyroscope; picture-in-picture; web-share\" referrerpolicy=\"strict-origin-when-cross-origin\" allowfullscreen><\/iframe><\/div>\n<p>Despu\u00e9s de la usurpaci\u00f3n del poder del rey espa\u00f1ol y de la familia real, las instituciones existentes del gobierno central y provincial en Espa\u00f1a tambi\u00e9n cayeron. Luego, el gobierno movi\u00f3 a las Juntas descentralizadasque no buscaban desafiar al sistema mon\u00e1rquico, sino que se presentaban a s\u00ed mismas temporalmente como representantes del rey. No obstante, esta nueva estructura abri\u00f3 un espacio donde podr\u00edan discutirse nuevas posibilidades de gobierno.<\/p>\n<p>Las Juntas provinciales formaron una Junta central compuesta por diputados de las diferentes regiones de Espa\u00f1a. Estos diputados se reunieron por primera vez en 1808 y se comprometieron a establecer un sistema o instituci\u00f3n (conocido como las Cortes, es decir, los Tribunales Generales), que representar\u00eda tanto a los espa\u00f1oles peninsulares como a los americanos.<\/p>\n<p>Aunque la Junta Central trat\u00f3 de coordinar la resistencia a Napole\u00f3n, result\u00f3 ineficaz. A medida que las tropas de Napole\u00f3n tomaban cada vez m\u00e1s partes de Espa\u00f1a, la Junta Central fue empujada m\u00e1s hacia el sur. En 1809 ten\u00eda su sede en Sevilla, pero finalmente huy\u00f3 de Sevilla a C\u00e1diz, una franja de tierra que est rodeada principalmente por mar y que se extiende desde la pen\u00ednsula Ib\u00e9rica, de tal manera que es pr\u00e1cticamente una isla. La Junta Central hab\u00eda perdido el resto de la Pen\u00ednsula espa\u00f1ola, pero se mantuvo en el enclave de C\u00e1diz, donde estuvo protegida por naves brit\u00e1nicas.<\/p>\n<p>En C\u00e1diz, el poder se transfiri\u00f3 de la Junta Central a un Consejo de Regentes que se autodenomin\u00f3 las Cortes, t\u00e9rmino tradicionalmente usado para describir a estas asambleas en Espa\u00f1a.<br \/>\nLas Cortes incluyeron a Am\u00e9rica en su concepci\u00f3n de la naci\u00f3n espa\u00f1ola y estaban formadas por delegados que representaban a Espa\u00f1a y delegados que representaban a Am\u00e9rica, aunque estos \u00faltimos estaban subrepresentados. Los delegados que representaban a Am\u00e9rica buscaron participar en las Cortes organizadas de acuerdo con la poblaci\u00f3n de las diversas regiones. Como hab\u00eda m\u00e1s personas en Am\u00e9rica, esto habr\u00eda significado esencialmente que los delegados de Am\u00e9rica hubieran tenido m\u00e1s control. Los delegados espa\u00f1oles reachazaron este concepto de igualdad, y prefirieron que Am\u00e9rica permanezca subordinada a Espa\u00f1a.<\/p>\n<p>Esto fue justificado racialmente por los espa\u00f1oles. Sostuvieron que los indios y los afrodescendientes no deber\u00edan estar representados en las Cortes espa\u00f1olas.<\/p>\n<p>El quite\u00f1o Jos\u00e9 Mej\u00eda Lequerica hab\u00eda liderado el llamado a la representaci\u00f3n equitativa en las Cortes y declar\u00f3 injusto el sistema discriminatorio. Cuando sus pedidos de representaci\u00f3n igualitaria fueron rechazados, Lequerica ofreci\u00f3 un compromiso: igualdad solo para indios, americanos y mestizos. Esta posici\u00f3n exclu\u00eda a las personas de ascendencia africana.<\/p>\n<p>Hasta la invasi\u00f3n napole\u00f3nica, el t\u00e9rmino \u201camericano\u201d se hab\u00eda referido a los blancos. Sin embargo, en las pr\u00f3ximas dos d\u00e9cadas, su uso se extender\u00eda para incluir a personas de origen africano, mixto e ind\u00edgena. En 1812, las Cortes finalmente redactaron una Constituci\u00f3n que se convertir\u00eda en la primera Constituci\u00f3n de Espa\u00f1a.<\/p>\n<p>Natalia Sobrevilla analiza esta Constituci\u00f3n, conocida como la Constituci\u00f3n de C\u00e1diz, en el <em>podcast<\/em> anterior.<\/p>\n<p><span style=\"float: none;background-color: transparent;color: #171717;font-family: 'ArialLight','Helvetica Neue',Helvetica,Arial,sans-serif;font-size: 24px;font-style: normal;font-variant: normal;font-weight: bold;letter-spacing: normal;text-align: left;text-decoration: none;text-indent: 0px\">Otras lecturas<\/span><\/p>\n<p>Eastman, Scott y Natalia Sobrevilla eds. 2015. <a href=\"http:\/\/www.uapress.ua.edu\/product\/Rise-of-Constitutional-Government-in-the-Iberian-A,5993.aspx\"><em>The Rise of Constitutional Government in the Iberian Atlantic World and the Impact of the C\u00e1diz Constitution of 1812<\/em><\/a>, Tuscaloosa, Alabama: University of Alabama Press.<\/p>\n","protected":false},"excerpt":{"rendered":"<p>Despu\u00e9s de la usurpaci\u00f3n del poder del rey espa\u00f1ol y de la familia real, las instituciones existentes del gobierno central y provincial en Espa\u00f1a tambi\u00e9n cayeron. Luego, el gobierno movi\u00f3 a las Juntas descentralizadasque no buscaban desafiar al sistema mon\u00e1rquico, sino que se presentaban a s\u00ed mismas temporalmente como representantes del rey. No obstante, esta [&hellip;]<\/p>\n","protected":false},"author":122,"featured_media":0,"parent":0,"menu_order":0,"comment_status":"closed","ping_status":"closed","template":"","meta":{"_acf_changed":false,"footnotes":""},"class_list":["post-3929","page","type-page","status-publish","hentry"],"acf":[],"_links":{"self":[{"href":"https:\/\/research.kent.ac.uk\/warandnation\/wp-json\/wp\/v2\/pages\/3929","targetHints":{"allow":["GET"]}}],"collection":[{"href":"https:\/\/research.kent.ac.uk\/warandnation\/wp-json\/wp\/v2\/pages"}],"about":[{"href":"https:\/\/research.kent.ac.uk\/warandnation\/wp-json\/wp\/v2\/types\/page"}],"author":[{"embeddable":true,"href":"https:\/\/research.kent.ac.uk\/warandnation\/wp-json\/wp\/v2\/users\/122"}],"replies":[{"embeddable":true,"href":"https:\/\/research.kent.ac.uk\/warandnation\/wp-json\/wp\/v2\/comments?post=3929"}],"version-history":[{"count":6,"href":"https:\/\/research.kent.ac.uk\/warandnation\/wp-json\/wp\/v2\/pages\/3929\/revisions"}],"predecessor-version":[{"id":4828,"href":"https:\/\/research.kent.ac.uk\/warandnation\/wp-json\/wp\/v2\/pages\/3929\/revisions\/4828"}],"wp:attachment":[{"href":"https:\/\/research.kent.ac.uk\/warandnation\/wp-json\/wp\/v2\/media?parent=3929"}],"curies":[{"name":"wp","href":"https:\/\/api.w.org\/{rel}","templated":true}]}}