{"id":3911,"date":"2018-07-04T16:32:34","date_gmt":"2018-07-04T15:32:34","guid":{"rendered":"https:\/\/research.kent.ac.uk\/upgrade-warandnation\/?page_id=3911"},"modified":"2020-09-14T10:01:13","modified_gmt":"2020-09-14T09:01:13","slug":"1809-pequenas-rebeliones-en-los-andes","status":"publish","type":"page","link":"https:\/\/research.kent.ac.uk\/warandnation\/es\/1809-pequenas-rebeliones-en-los-andes\/","title":{"rendered":"1809 Peque\u00f1as rebeliones en Los Andes"},"content":{"rendered":"<div class=\"video-container\"><iframe loading=\"lazy\" title=\"Gabriel di Meglio on the spread of intellectual ideas during the wars of independence\" width=\"500\" height=\"281\" src=\"https:\/\/www.youtube.com\/embed\/9i3tl9HaPTg?feature=oembed\" frameborder=\"0\" allow=\"accelerometer; autoplay; clipboard-write; encrypted-media; gyroscope; picture-in-picture; web-share\" referrerpolicy=\"strict-origin-when-cross-origin\" allowfullscreen><\/iframe><\/div>\n<p>La usurpaci\u00f3n napole\u00f3nica del rey de Espa\u00f1a caus\u00f3 un vac\u00edo en el poder que tuvo resonancia en Am\u00e9rica del Sur; sin embargo, el pueblo permaneci\u00f3 sorprendentemente leal al sistema mon\u00e1rquico.<\/p>\n<p>En Espa\u00f1a, la usurpaci\u00f3n del poder del Rey condujo al establecimiento de Juntas provinciales, que resistieron al nuevo rey Bonaparte (el hermano de Napole\u00f3n) y sostuvieron que ellos estaban actuando en nombre del rey espa\u00f1ol Fernando VII. En 1808, delegaciones de las Juntas de Sevilla, que se consideraban la Junta Suprema de Espa\u00f1a, viajaron a Am\u00e9rica para buscar colaboraci\u00f3n y afirmar su autoridad administrativa. Mientras que los americanos eran leales a Fernando VII, estos respondieron menos favorablemente a la autoridad de las Juntas espa\u00f1olas. Esto se vio agravado por los desacuerdos entre las Juntas espa\u00f1olas sobre si la Junta de Sevilla tena la autoridad suprema.<\/p>\n<p>La inestabilidad de las autoridades gobernantes en Espa\u00f1a tambi\u00e9n caus\u00f3 inestabilidad en Am\u00e9rica del Sur. En Chuquisaca (la ciudad que ahora conocemos como Sucre, en Bolivia), el virrey y el gobernador espa\u00f1ol fueron derrocados para que se pudiera instaurar una Junta. El gobernador fue derrocado por personas leales a Fernando VII mientras se rumoreaba que \u00e9l (el gobernador) estaba en conversaciones con Carlota Joaquina, la esposa del pr\u00edncipe regente portugu\u00e9s. Asimismo, en La Paz, el administrador real fue depuesto y se form\u00f3 una Junta. Otras juntas aparecieron en Caracas, Quito y muchos otros lugares. As\u00ed comenz\u00f3 el establecimiento de las Juntas en Am\u00e9rica del Sur.<\/p>\n<p>La Junta de Quito fue una de las primeras. Trat\u00f3 de ofrecer un gobierno interino hasta que Fernando VII regresara al trono. Por lo tanto, uno de los aspectos interesantes sobre estas primeras Juntas\u00a0 es\u00a0 que ellas no necesariamente trataron de romper con el gobierno real, sino que m\u00e1s bien buscaron actuar en nombre del rey durante su ausencia. Como lo menciona Daniel Guti\u00e9rrez Ardila en su estudio de la Junta de Quito, estos primeros representantes\u00a0 actuaron en t\u00e9rminos similares a sus contrapartes en Espa\u00f1a, y usaron la religi\u00f3n y la defensa del rey y la Corona para justificar su posici\u00f3n. La Junta en Quito dur\u00f3 menos de tres meses, pero es un caso de estudio interesante, ya que las estructuras diplom\u00e1ticas que implement\u00f3 dar\u00edan forma a las de la Nueva Granada en los pr\u00f3ximos a\u00f1os.<\/p>\n<p>Las Juntas originales en Quito y La Paz pronto fueron anuladas por el virrey del Per\u00fa, el virrey Abascal. En noviembre de 1809, Abascal hab\u00eda ejecutado o encarcelado a los l\u00edderes de las Juntas y hab\u00eda restaurado el orden original del Virrey del Per\u00fa.<\/p>\n<p>Algunos l\u00edderes en Am\u00e9rica del Sur, (Francisco Miranda, por ejemplo), buscaron promover las ideas de la ilustraci\u00f3n, la libertad, la igualdad y los derechos del hombre \u2013 ideas que inspiraron la Revoluci\u00f3n Francesa. Sin embargo, con la excepci\u00f3n de Hait\u00ed, donde hab\u00eda habido una exitosa\u00a0 revoluci\u00f3n de esclavos, estas ideas no tuvieron mucho impacto en los habitantes de Am\u00e9rica, que permanecieron leales al sistema jer\u00e1rquico de la monarqu\u00eda.<\/p>\n<p>En el <em>podcast<\/em> del video anterior, Gabriel di Meglio habla sobre la difusi\u00f3n de las ideas intelectuales durante las Guerras de la Independencia.<\/p>\n<p><strong>Referencias<\/strong><\/p>\n<p>Guti\u00e9rrez Ardila, Daniel. <a href=\"https:\/\/www.academia.edu\/28970812\/Revoluci\u00f3n_y_diplomacia_el_caso_de_la_primera_Junta_de_Quito_1809_\">\u201cRevoluci\u00f3n y diplomacia: el caso de la primera Junta de Quito (1809).\u201d<\/a> <em>Fronteras de la Historia <\/em>12 (2007): 341-370.<\/p>\n<p>&nbsp;<\/p>\n","protected":false},"excerpt":{"rendered":"<p>La usurpaci\u00f3n napole\u00f3nica del rey de Espa\u00f1a caus\u00f3 un vac\u00edo en el poder que tuvo resonancia en Am\u00e9rica del Sur; sin embargo, el pueblo permaneci\u00f3 sorprendentemente leal al sistema mon\u00e1rquico. En Espa\u00f1a, la usurpaci\u00f3n del poder del Rey condujo al establecimiento de Juntas provinciales, que resistieron al nuevo rey Bonaparte (el hermano de Napole\u00f3n) y [&hellip;]<\/p>\n","protected":false},"author":122,"featured_media":0,"parent":0,"menu_order":0,"comment_status":"closed","ping_status":"closed","template":"","meta":{"_acf_changed":false,"footnotes":""},"class_list":["post-3911","page","type-page","status-publish","hentry"],"acf":[],"_links":{"self":[{"href":"https:\/\/research.kent.ac.uk\/warandnation\/wp-json\/wp\/v2\/pages\/3911","targetHints":{"allow":["GET"]}}],"collection":[{"href":"https:\/\/research.kent.ac.uk\/warandnation\/wp-json\/wp\/v2\/pages"}],"about":[{"href":"https:\/\/research.kent.ac.uk\/warandnation\/wp-json\/wp\/v2\/types\/page"}],"author":[{"embeddable":true,"href":"https:\/\/research.kent.ac.uk\/warandnation\/wp-json\/wp\/v2\/users\/122"}],"replies":[{"embeddable":true,"href":"https:\/\/research.kent.ac.uk\/warandnation\/wp-json\/wp\/v2\/comments?post=3911"}],"version-history":[{"count":6,"href":"https:\/\/research.kent.ac.uk\/warandnation\/wp-json\/wp\/v2\/pages\/3911\/revisions"}],"predecessor-version":[{"id":4822,"href":"https:\/\/research.kent.ac.uk\/warandnation\/wp-json\/wp\/v2\/pages\/3911\/revisions\/4822"}],"wp:attachment":[{"href":"https:\/\/research.kent.ac.uk\/warandnation\/wp-json\/wp\/v2\/media?parent=3911"}],"curies":[{"name":"wp","href":"https:\/\/api.w.org\/{rel}","templated":true}]}}