{"id":343,"date":"2016-11-08T14:50:32","date_gmt":"2016-11-08T14:50:32","guid":{"rendered":"https:\/\/research.kent.ac.uk\/upgrade-warandnation\/?page_id=343"},"modified":"2020-09-10T10:59:20","modified_gmt":"2020-09-10T09:59:20","slug":"1816-the-spanish-have-re-conquered-america-apart-from-rio-de-la-plata","status":"publish","type":"page","link":"https:\/\/research.kent.ac.uk\/warandnation\/1816-the-spanish-have-re-conquered-america-apart-from-rio-de-la-plata\/","title":{"rendered":"1816 The Spanish have Re-conquered America apart from R\u00edo de la Plata"},"content":{"rendered":"<p>By the middle of 1816, the forces sent by Fernando VII had been successful in establishing Spanish Royal rule in most parts of the Americas. The exception was the R\u00edo de la Plata region. In the Viceroyalty of Peru, Viceroy Abascal was an able ruler and he quickly quelled the development of juntas in the region. Lima was a stronghold for Spanish colonial power for many years and Abascal sent expeditions from Peru to re-establish Royal rule in the Chile. The revolutionary forces of O\u2019Higgins and Carrera tried to work to overcome the royalists but were unable to do so and the viceroyalty of Peru secured Chile in 1815.<\/p>\n<p>The R\u00edo de la Plata region proved more difficult for the Royalists to re-conquer and, in fact, San Mart\u00edn used Mendoza in the R\u00edo de la Plata region as a base from which to develop his Army of the Andes. San Mart\u00edn was determined to develop a professional army with uniforms and artillery. The people of Mendoza helped him in this pursuit and he recruited people who had been slaves as soldiers as well as the soldiers who were fleeing from Chile. San Mart\u00edn worked in collaboration with Bernardo O\u2019Higgins and spent years devising a complex strategy of attack for overthrowing the royalists in Chile. San Mart\u00edn then led his army over the Andes splitting the troops at one point to create different columns that would cross the mountains using different routes creating a pincer formation. This assault led to the famous Battle of Chacabuco, which helped to seal the liberation of Chile. The battle\u00a0itself\u00a0is described in the podcast below\u00a0by Dr Alejandro Rabinovich.<\/p>\n<div class=\"video-container\"><iframe loading=\"lazy\" title=\"Alejandro Rabinovich on the battle of Chacabuco\" width=\"500\" height=\"281\" src=\"https:\/\/www.youtube.com\/embed\/Mgpy3uCCRNc?feature=oembed\" frameborder=\"0\" allow=\"accelerometer; autoplay; clipboard-write; encrypted-media; gyroscope; picture-in-picture; web-share\" referrerpolicy=\"strict-origin-when-cross-origin\" allowfullscreen><\/iframe><\/div>\n<p>The Battle of Chacabuco was a decisive victory in the liberation of most of Chile. The Royalists retreated to Peru and an interim assembly in Santiago initially sought to San Mart\u00edn as governor of Chile. Mart\u00edn declined the offer and a new assembly then appointed Bernardo O\u2019Higgins as the Supreme Director of Chile. Much of Chile welcomed the liberators, but there was still a Royalist stronghold in the South of the region.<\/p>\n<p>While Chile was being liberated, the situation in the former viceroyalty of the R\u00edo de la Plata was being shaken by internal tensions. A leader known as Jos\u00e9 Gervasio Artigas Arnal had created and army known as the Liga de los Pueblos Libres (the League of Free Peoples) and he used it to create autonomy for Montevideo, which had previously been under the control of Buenos Aires. This was part of an internal struggle in the region between Unitarios (\u201cUnitarians&#8221;) and Federales (Federalists), who had different conceptions of how the region should be governed. In general the Unitarians wanted a centralist system with Buenos Aires as the hub, while the Federalists wanted more autonomy for the regions. It is also fair to say that an intellectual battle between liberals and conservatives was entangled in this struggle, with the Unitarians notoriously conservative and many of the federalists holding liberal values.<\/p>\n<p>Artigas was a caudillo and so it is no surprise that his army was made up of horsemen. In battle he used lancers on horseback and bands of indigenous fighters. This proved effective against the Unitarians of Buenos Aires, but eventually Artigas\u2019s Federal League was also attacked by a well-equipped Portuguese army, who had been posted to Brazil and then attacked Montevideo. Eventually Artigas went into exile in Paraguay, a region that had been independent since 1811.<br \/>\nAlthough Artigas had been taken out of the picture, the regional differences in the Rio de la Plata region were not resolved. Gauchos from the provinces of Santa Fe and Entre R\u00edos replaced Artigas in the conflict with Buenos Aires.<\/p>\n<p>While the struggle between Federalists and Centralists began early and was especially prominent in the R\u00edo de la Plata region, it was a pattern that would be played out in almost all of the new territories. In many regions it led to the adoption of federalism. By 1826 the R\u00edo de la Plata region was fragmented into several nations and Buenos Aires was just one state within a loose federation of states. Part of the Eastern Shore of the region now belonged to Brazil and Bolivia and Paraguay, which had both been part of the R\u00edo de la Plata Viceroyalty in colonial days, were now independent countries.<\/p>\n<p>International players would have a key role in the shaping of the country we now know\u00a0as Argentina, with Britain\u00a0in particular having an interest in the region due to the importance the ports played in trade routes.\u00a0Gaining international recognition for the newly independent states was crucial and in\u00a0the podcast below, Monica Henry speaks about the attempts to get US recognition and the relationship between the US and the R\u00edo de la Plata in 1817 and 1818.<\/p>\n<div class=\"video-container\"><iframe loading=\"lazy\" title=\"Monica Henry Speaks about the Relationship between the US and the Ri\u0301o de la Plata in 1817 and 1818\" width=\"500\" height=\"281\" src=\"https:\/\/www.youtube.com\/embed\/NxlqoJS4fxg?feature=oembed\" frameborder=\"0\" allow=\"accelerometer; autoplay; clipboard-write; encrypted-media; gyroscope; picture-in-picture; web-share\" referrerpolicy=\"strict-origin-when-cross-origin\" allowfullscreen><\/iframe><\/div>\n<p><strong>Further Reading <\/strong><\/p>\n<p>Entin, Gabriel and Alejandro Rabinovich <em><a href=\"https:\/\/www.academia.edu\/26491478\/Crear_la_Independencia._Historia_de_un_problema_argentino\">Crear la Independencia. Historia de un problema argentino<\/a> <\/em> Buenos Aires: Editorial Capin, 2016.<\/p>\n","protected":false},"excerpt":{"rendered":"<p>By the middle of 1816, the forces sent by Fernando VII had been successful in establishing Spanish Royal rule in most parts of the Americas. The exception was the R\u00edo de la Plata region. In the Viceroyalty of Peru, Viceroy Abascal was an able ruler and he quickly quelled the development of juntas in the [&hellip;]<\/p>\n","protected":false},"author":122,"featured_media":0,"parent":0,"menu_order":0,"comment_status":"closed","ping_status":"closed","template":"","meta":{"_acf_changed":false,"footnotes":""},"class_list":["post-343","page","type-page","status-publish","hentry"],"acf":[],"_links":{"self":[{"href":"https:\/\/research.kent.ac.uk\/warandnation\/wp-json\/wp\/v2\/pages\/343","targetHints":{"allow":["GET"]}}],"collection":[{"href":"https:\/\/research.kent.ac.uk\/warandnation\/wp-json\/wp\/v2\/pages"}],"about":[{"href":"https:\/\/research.kent.ac.uk\/warandnation\/wp-json\/wp\/v2\/types\/page"}],"author":[{"embeddable":true,"href":"https:\/\/research.kent.ac.uk\/warandnation\/wp-json\/wp\/v2\/users\/122"}],"replies":[{"embeddable":true,"href":"https:\/\/research.kent.ac.uk\/warandnation\/wp-json\/wp\/v2\/comments?post=343"}],"version-history":[{"count":6,"href":"https:\/\/research.kent.ac.uk\/warandnation\/wp-json\/wp\/v2\/pages\/343\/revisions"}],"predecessor-version":[{"id":4756,"href":"https:\/\/research.kent.ac.uk\/warandnation\/wp-json\/wp\/v2\/pages\/343\/revisions\/4756"}],"wp:attachment":[{"href":"https:\/\/research.kent.ac.uk\/warandnation\/wp-json\/wp\/v2\/media?parent=343"}],"curies":[{"name":"wp","href":"https:\/\/api.w.org\/{rel}","templated":true}]}}