{"id":2935,"date":"2017-11-13T17:43:03","date_gmt":"2017-11-13T17:43:03","guid":{"rendered":"https:\/\/research.kent.ac.uk\/upgrade-warandnation\/?page_id=2935"},"modified":"2018-08-29T23:07:37","modified_gmt":"2018-08-29T22:07:37","slug":"simon-bolivar","status":"publish","type":"page","link":"https:\/\/research.kent.ac.uk\/warandnation\/simon-bolivar\/","title":{"rendered":"Sim\u00f3n Bol\u00edvar"},"content":{"rendered":"<p><span style=\"font-family: Calibri\">One of the most renowned leaders in the campaign for South American independence is the figure of Sim\u00f3n Bol\u00edvar. Streets, parks and even the country of Bolivia have been named after him due to his efforts liberating much of the north of South America.\u00a0<\/span><\/p>\n<p><span style=\"font-family: Calibri\">Bol\u00edvar was born in Caracas, the capital of modern-day Venezuela. At the time it was a city in the <span style=\"color: #000000\"><span lang=\"EN\">Captaincy General of Venezuela,<\/span><span lang=\"EN\"> which was a colonial administrative district in what had been the Viceroyalty of New Granada until 1777.<\/span><\/span>\u00a0Bol\u00edvar was born into a good family and had three older siblings. His parents were both from the ruling elite. His father held the title of Marquis de San Luis and his mother was also an aristocrat.\u00a0<\/span><span style=\"font-family: Calibri\"> His mother was also from an aristocratic family.\u00a0 <span lang=\"EN\"><span style=\"color: #000000\">Bol\u00edvar was brought up by a woman called Do\u00f1a Ines Manceba de Miyares and a family slave called Hip\u00f3lita, as well as his parents, who <\/span><\/span>both died when he was a child. He would later be educated by some of the most famous educators in South American history. His tutors included <\/span><span style=\"font-family: Calibri\">Andr\u00e9s Bello and Simon Rodriguez, for example. Both Rodriguez and Bello would have prominent roles shaping education in South America as it became secularised following independence. <\/span><span style=\"font-family: Calibri\">Bello expounded the ideas of liberty, enlightenment and freedom, concepts that were key to the ideological battles inherent in the independence project. Bello became the first rector of the University of Chile and wrote the Civil Code of the Republic of Chile. He was an important part of Bol\u00edvar\u2019s education, and was behind many of the beliefs that led to the independence revolution (<span lang=\"EN\"><span style=\"color: #000000\">ideas of liberty, enlightenment, and freedom)<\/span><\/span>. <\/span><span style=\"font-family: Calibri\">Bol\u00edvar also attended military school as a teenager both in the Captaincy General of Venezuela and later in Spain. <\/span><\/p>\n<p><span style=\"font-family: Calibri\">This broad and cosmopolitan education made him a key intellectual of the time and he was abreast of the ideas of the enlightenment that had taken hold in Europe in the eighteenth century and the wars of independence in other countries. In fact Bol\u00edvar was in France in 1804 and witnessed the coronation of Napoleon on the 2<sup><span style=\"font-size: small\">nd<\/span><\/sup> December 1804. This was a key event in global history since Napoleon was not a hereditary monarch. <\/span><\/p>\n<p><span style=\"font-family: Calibri\">After Napoleon invaded Spain leading to a power vacuum in the Americas, <\/span><span style=\"font-family: Calibri\">Bol\u00edvar became involved with the struggle for independence in the Captaincy General of Venezuela. In 1810 he was a key part of the intellectual elite which overthrew the Captain General of Venezuela, in order to install the Supreme Caracas Junta, one of the first mechanisms of independence. Bol\u00edvar was charged with a diplomatic mission at this point. He was sent to Britain to try to garner international support for the new state. This was a key event and Bol\u00edvar and his delegation were the first Latin American delegation to be recognised in London. Bol\u00edvar also gained the support of a figure known as Francisco de Miranda during his time in London and Miranda would also become a key leader in the independence struggle. \u00a0<\/span><\/p>\n<p><span style=\"font-family: Calibri\">During the wars of independence, Bol\u00edvar was a military leader and he is hailed as having secured independence in much of South America. Although the first declaration of independence came in Venezuela in 1811, it faced strong opposition from Spain and was to be a short-lived victory.\u00a0 The republic was led by\u00a0Francisco de Miranda.\u00a0Bol\u00edvar supported him but became angered when Miranda took the decision to surrender to the Spaniards. Miranda had bargained with the Spaniards and gained an amnesty for those on the independence side, however many of the patriots, Bol\u00edvar included, did not think that Miranda should have surrendered and took him to be a traitor. The armistice Miranda had achieved allowed the patriots to gain passports and Bol\u00edvar took his passport to go from Venezuela to Cura<span lang=\"EN\">\u00e7ao. Before leaving however, Bol\u00edvar and some of the other patriots <\/span>claimed that Miranda had defected and turned him over to the Spaniards.<\/span><\/p>\n<p>As was the case throughout the campaign for independence, Bol\u00edvar used his time abroad to consider ways of furthering the independence cause. He would returned to Venezuela in 1813 to make a further attempt. This is when he went on to lead a military campaign that has been termed his \u201cAdmirable Campaign\u201d.<\/p>\n<p><strong>1813 &#8211; Bol\u00edvar\u2019s <i>Campa\u00f1a Admirable<\/i> &#8211; The Admirable Campaign\u00a0<\/strong><\/p>\n<p>The \u201cAdmirable Campaign\u201d was initially intended to be a defensive effort to maintain revolutionary strongholds. <span style=\"float: none;background-color: transparent;color: #171717;cursor: text;font-family: 'ArialLight','Helvetica Neue',Helvetica,Arial,sans-serif;font-size: 16px;font-style: normal;font-variant: normal;font-weight: 400;letter-spacing: normal;text-align: left;text-decoration: none;text-indent: 0px\">Bol\u00edvar had been charged with defending New Granada rather than attacking and taking new territory and he was meant to go only as far as La Grita, however when he easily defeated troops on the New Granadan border, he was authorised to push forward into Venezuela.<\/span> Bol\u00edvar and his troops proved to have surprising success in their attack on Venezuela. They conquered the provicences of <span style=\"float: none;background-color: transparent;color: #171717;cursor: text;font-family: 'ArialLight','Helvetica Neue',Helvetica,Arial,sans-serif;font-size: 16px;font-style: normal;font-variant: normal;font-weight: 400;letter-spacing: normal;text-align: left;text-decoration: none;text-indent: 0px\">M\u00e9rida, Barinas, Trujillo and Caracas<\/span> and his troops swiftly took Caracas.<\/p>\n<p>In his book, <em>War and Independence in Spanish America<\/em>, Anthony McFarlane argues that Bol\u00edvar was able to take Caracas by circumventing royal troops rather than crushing them. His advance was quick and used the element of surprise. According to McFarlane, reports from the time say that casualties were generally low:<\/p>\n<blockquote><p>Many of the enemy preferred to change sides when caught unawares, sometimes even before fighting broke out.<\/p><\/blockquote>\n<p>Taking Caracas was one of <span style=\"float: none;background-color: transparent;color: #171717;cursor: text;font-family: 'ArialLight','Helvetica Neue',Helvetica,Arial,sans-serif;font-size: 16px;font-style: normal;font-variant: normal;font-weight: 400;letter-spacing: normal;text-align: left;text-decoration: none;text-indent: 0px\">Bol\u00edvar&#8217;s triumphs but it was not enough. The city became unstable and increasingly violent with atrocities committed by both the patriots and the royalists. This wave of violence was to characterise\u00a0Bol\u00edvar&#8217;s military campaign. One of the independence fighters was called <\/span>Antonio Nicol\u00e1s Briceno. He had a particularly gruesome strategy and it was one that was to influence\u00a0<span style=\"float: none;background-color: transparent;color: #171717;cursor: text;font-family: 'ArialLight','Helvetica Neue',Helvetica,Arial,sans-serif;font-size: 16px;font-style: normal;font-variant: normal;font-weight: 400;letter-spacing: normal;text-align: left;text-decoration: none;text-indent: 0px\">Bol\u00edvar.\u00a0Brice\u00f1o had his men kill all European Spaniards and remove their heads to create a campaign of terror. The idea was to pit all those born in the Americas with all those born in Spain and thus create clear divides in the independence struggle. <\/span>Bol\u00edvar saw the benefit of such a struggle in the ideological war for independence.<\/p>\n<p>One of the issues in the independence struggle was that many people born in the Americas actually supported the Spaniards. <span style=\"float: none;background-color: transparent;color: #171717;cursor: text;font-family: 'ArialLight','Helvetica Neue',Helvetica,Arial,sans-serif;font-size: 16px;font-style: normal;font-variant: normal;font-weight: 400;letter-spacing: normal;text-align: left;text-decoration: none;text-indent: 0px\">Bol\u00edvar <\/span>sought to change this and in 1813 he started a declaration of <strong>war to the death<\/strong>, which meant that all European Spaniards, and particularly those who were armed, should be killed. Although\u00a0<span style=\"float: none;background-color: transparent;color: #171717;cursor: text;font-family: 'ArialLight','Helvetica Neue',Helvetica,Arial,sans-serif;font-size: 16px;font-style: normal;font-variant: normal;font-weight: 400;letter-spacing: normal;text-align: left;text-decoration: none;text-indent: 0px\">Bol\u00edvar <\/span>didn&#8217;t want the same gruesome removal of heads, in principal this was a strategy of terror intended to get Spaniards to surrender. It was also intended to get the people of South America to unite against the Spaniards in the struggle for independence.<\/p>\n<p><span lang=\"EN\"><span style=\"color: #000000;font-family: Calibri\"><span style=\"float: none;background-color: transparent;color: #000000;font-family: Calibri;font-size: 16px;font-style: normal;font-variant: normal;font-weight: 400;letter-spacing: normal;text-align: left;text-decoration: none;text-indent: 0px\">Bol\u00edvar&#8217;s war to the death strategy failed and in <\/span>1814, as the independence battle continued in Venezuela, many of the soldiers fighting for the royalist cause were born in the Americas. There were a lot of racial and regional tensions. Slaves, for example, fought for the royalists and the patriots and often tended to focus on killing the whites on the opposite side. <\/span><\/span><\/p>\n<p><span lang=\"EN\"><span style=\"color: #000000;font-family: Calibri\">Bol\u00edvar was presiding over the &#8220;Second Republic&#8221;, but he was doing so without internal or external support. One of the problems he faced was a shortage of arms and other resources. The Second Republic was eventually defeated by the Spaniards and <\/span><\/span>Bol\u00edvar went to New Granada to help with the independence battle there. Bol\u00edvar helped the patriots take Cundinamarca (current day Bogot\u00e1) and then he went to the West Indies to work on his next strategy and from where he would write his famous <strong>Jamaica Letter<\/strong> on 6th September 1815.<\/p>\n<p>Bol\u00edvar also took refuge in Haiti and garnered support for the independence project from the Haitians. He returned to Venezuela with Haitian soldiers in 1816 to fight once again for independence in Venezuela. As part of this Bol\u00edvar had agreed to free Spanish America\u2019s slaves. He did so with a decree issued against slavery in Venezuela on 2<sup>nd<\/sup> June 1816.<\/p>\n<p>In 1817, he captured the city of Angostura and established a provisional government in the city. It is a city that now takes his name (Cuidad <span style=\"float: none;background-color: transparent;color: #171717;cursor: text;font-family: 'ArialLight','Helvetica Neue',Helvetica,Arial,sans-serif;font-size: 16px;font-style: normal;font-variant: normal;font-weight: 400;letter-spacing: normal;text-align: left;text-decoration: none;text-indent: 0px\">Bol\u00edvar).<\/span>The independence battle in Venezuela was fraught and Bol\u00edvar decided to support the fight for independence in New Granada. His rationale was that the fight could be won in New Granada and then the resources that were taken from the royalists could be used to assist the independence project in Venezuela where arms and resources were scarce. Bol\u00edvar&#8217;s campaigns were garnering some success and in 1818, along with the forces commanded by Jos\u00e9 Antonio P\u00e1ez, the chief of the Venezuelan llaneros (plainsmen), they managed to gain control of a great deal of the interior Orinoco Basin.<\/p>\n<p>In 1819 the <strong>Battle of Boyac\u00e1<\/strong> consolidated the victory of the independence project in New Granada. The Republic of Gran Colombia was formed later that year. Bol\u00edvar was appointed the president of the region and he appointed two vice-presidents, one in the New Granada region and one in the Venezuela region of Gran Colombia. Tensions between the regions would continue in the last few years of independence and well into the early national period. It was at this 1819 congress that Bol\u00edvar gave one of his important political speeches, <strong>the Angostura Address<\/strong>. The Congress of Angostura would subsequently vote to create the Republic of Colombia, which, at the time, comprised Venezuela, New Granada (Colombia) and Quito (Ecuador).<\/p>\n<p>Although Venezuela was independent, Spain still controlled substantial portions of the region. It controlled Caracas, for example, and the coastal highlands.\u00a0 <span style=\"float: none;background-color: transparent;color: #171717;cursor: text;font-family: 'ArialLight','Helvetica Neue',Helvetica,Arial,sans-serif;font-size: 16px;font-style: normal;font-variant: normal;font-weight: 400;letter-spacing: normal;text-align: left;text-decoration: none;text-indent: 0px\">Bol\u00edvar<\/span> would agree two treaties with the Spanish leader Morillo in 1820 which outlined a six-month armistice and acknowledged that Bol\u00edvar was the president of the region.<\/p>\n<p>Bol\u00edvar then went on to consolidate independence in the Northern region of South America. The battle of Carabobo consolidated victory in Venezuela and the patriots, led by Bol\u00edvar, finally took control of Caracas in 1821.<\/p>\n<p>Bol\u00edvar was the president of Gran Colombia from 1819 to 1830. It was a single state and a step towards <span style=\"float: none;background-color: transparent;color: #171717;cursor: text;font-family: 'ArialLight','Helvetica Neue',Helvetica,Arial,sans-serif;font-size: 16px;font-style: normal;font-variant: normal;font-weight: 400;letter-spacing: normal;text-align: left;text-decoration: none;text-indent: 0px\">Bol\u00edvar<\/span>&#8216;s vision of unification in America. However it covered regions with vastly different terrains and conflicting interests. Gran Colombia was comprised of modern-day Colombia, Ecuador, Panama, and Venezuela. Bol\u00edvar was president and initially he sought to rule by constitutionalism. The Gran Colombian congress adopted a constitution in 1821. It has been argued that despite his liberal beliefs and use of constitutionalism <span style=\"float: none;background-color: transparent;color: #171717;cursor: text;font-family: 'ArialLight','Helvetica Neue',Helvetica,Arial,sans-serif;font-size: 16px;font-style: normal;font-variant: normal;font-weight: 400;letter-spacing: normal;text-align: left;text-decoration: none;text-indent: 0px\">Bol\u00edvar began to believe that a heavy, more dictatorial hand was necessary. \u00a0<\/span><\/p>\n<p>While he was the president of Gran Colombia, Bolivar went on to help secure independence in Ecuador, Peru and Bolivia. One of the key battles was The Battle of Pichincha, which was won in 1822 by Antonio Jos\u00e9 de Sucre, who was Bol\u00edvar&#8217;s lieutenant. The Battle of Pichincha gained independence for the region of Quito in Ecuador but it only lasted for a few weeks.<\/p>\n<p>Bol\u00edvar then moved on to Guayaquil on the coast of current-day Ecuador, where he met the Argentine independence fighter Jos\u00e9 de San Mart\u00edn. Little is known about this meeting of the two great liberators. However it led to\u00a0<span style=\"float: none;background-color: transparent;color: #171717;cursor: text;font-family: 'ArialLight','Helvetica Neue',Helvetica,Arial,sans-serif;font-size: 16px;font-style: normal;font-variant: normal;font-weight: 400;letter-spacing: normal;text-align: left;text-decoration: none;text-indent: 0px\">Bol\u00edvar continuing the fight for independence in the region that had been best defended by the Spaniards: Peru.\u00a0<\/span><\/p>\n<p>In 1823 Bol\u00edvar took over the independence struggle in Peru and began with a victory in the Peruvian Highlands. The following year, another key battle, the <span style=\"float: none;background-color: transparent;color: #171717;font-family: 'ArialLight','Helvetica Neue',Helvetica,Arial,sans-serif;font-size: 16px;font-style: normal;font-variant: normal;font-weight: 400;letter-spacing: normal;text-align: left;text-decoration: none;text-indent: 0px\">Battle of Ayacucho provided a final victory and the Peruvian viceroy was defeated. <\/span><\/p>\n<p><span style=\"float: none;background-color: transparent;color: #171717;font-family: 'ArialLight','Helvetica Neue',Helvetica,Arial,sans-serif;font-size: 16px;font-style: normal;font-variant: normal;font-weight: 400;letter-spacing: normal;text-align: left;text-decoration: none;text-indent: 0px\">After consolidating victory in Peru, Bol\u00edvar moved to Upper Peru (current-day Bol\u00edvia), a region that was already held by the independence patriots. He was asked to draft a constitution for the new state\u00a0 (current day Bolivia) and he duly did this in 1826. In his constitution, his increasingly dictatorial views were apparent, as the constitution included a president who would serve for his lifetime. <\/span><\/p>\n<p><span style=\"float: none;background-color: transparent;color: #171717;font-family: 'ArialLight','Helvetica Neue',Helvetica,Arial,sans-serif;font-size: 16px;font-style: normal;font-variant: normal;font-weight: 400;letter-spacing: normal;text-align: left;text-decoration: none;text-indent: 0px\">Later in 1826, Bol\u00edvar\u00a0 returned to Colombia but he faced wrath from the liberals there who were opposed to the dictatorial vision he had outlined in his <span style=\"float: none;background-color: transparent;color: #171717;font-family: 'ArialLight','Helvetica Neue',Helvetica,Arial,sans-serif;font-size: 16px;font-style: normal;font-variant: normal;font-weight: 400;letter-spacing: normal;text-align: left;text-decoration: none;text-indent: 0px\">constitution for Bolivia.\u00a0<\/span><\/span><\/p>\n<p><span style=\"float: none;background-color: transparent;color: #171717;cursor: text;font-family: 'ArialLight','Helvetica Neue',Helvetica,Arial,sans-serif;font-size: 16px;font-style: normal;font-variant: normal;font-weight: 400;letter-spacing: normal;text-align: left;text-decoration: none;text-indent: 0px\">Bol\u00edvar <\/span>really wanted to create an american alliance of nations. From his position in Peru a few years earlier, he had sent an invitation to the Spanish American nations calling them to attend a conference in Panama City and attempt to create an American alliance of nations. The congress took place in 1826 but was unable to form the strong alliance of nations that Bol\u00edvar had envisaged.<\/p>\n<p>The new states were incredibly unstable and in 1828 facing great instability in the region and considerable opposition from the New Granadian liberals, Bol\u00edvar attempted to impose a military dictatorship. Someone tried to assassinate\u00a0<span style=\"float: none;background-color: transparent;color: #171717;cursor: text;font-family: 'ArialLight','Helvetica Neue',Helvetica,Arial,sans-serif;font-size: 16px;font-style: normal;font-variant: normal;font-weight: 400;letter-spacing: normal;text-align: left;text-decoration: none;text-indent: 0px\">Bol\u00edvar <\/span>and\u00a0<span style=\"float: none;background-color: transparent;color: #171717;cursor: text;font-family: 'ArialLight','Helvetica Neue',Helvetica,Arial,sans-serif;font-size: 16px;font-style: normal;font-variant: normal;font-weight: 400;letter-spacing: normal;text-align: left;text-decoration: none;text-indent: 0px\">Bol\u00edvar <\/span>believed that Santander was behind it and so he sent him into exile.<\/p>\n<p>In 1829, Bol\u00edvar went to Ecuador to try to help address other regional tensions, this time between Colombia and Peru. This time his vision of how the independent states should be run included a monarchist scheme.<\/p>\n<p>Having gone from being educated by some of Latin America&#8217;s great liberal thinkers and educators, to attempting to rule by military dictatorship and then proposing monarchic rule, <span style=\"float: none;background-color: transparent;color: #171717;cursor: text;font-family: 'ArialLight','Helvetica Neue',Helvetica,Arial,sans-serif;font-size: 16px;font-style: normal;font-variant: normal;font-weight: 400;letter-spacing: normal;text-align: left;text-decoration: none;text-indent: 0px\">Bol\u00edvar <\/span>had fallen from favour by the liberals in Venezuela and New Granada.<\/p>\n<p>He resigned from his presidency in 1830 intending to travel overseas and live in exile but he died in the coastal town of Santa Maria before he was able to leave the country.<\/p>\n<p><strong>Further Reading\u00a0<\/strong><\/p>\n<p>John Lynch,\u00a0<em>Simon Bol\u00edvar: A Life\u00a0<\/em>Bury St Edmunds: Yale University, 2006.<\/p>\n","protected":false},"excerpt":{"rendered":"<p>One of the most renowned leaders in the campaign for South American independence is the figure of Sim\u00f3n Bol\u00edvar. Streets, parks and even the country of Bolivia have been named after him due to his efforts liberating much of the north of South America.\u00a0 Bol\u00edvar was born in Caracas, the capital of modern-day Venezuela. At [&hellip;]<\/p>\n","protected":false},"author":122,"featured_media":0,"parent":0,"menu_order":0,"comment_status":"closed","ping_status":"closed","template":"","meta":{"_acf_changed":false,"footnotes":""},"class_list":["post-2935","page","type-page","status-publish","hentry"],"acf":[],"_links":{"self":[{"href":"https:\/\/research.kent.ac.uk\/warandnation\/wp-json\/wp\/v2\/pages\/2935","targetHints":{"allow":["GET"]}}],"collection":[{"href":"https:\/\/research.kent.ac.uk\/warandnation\/wp-json\/wp\/v2\/pages"}],"about":[{"href":"https:\/\/research.kent.ac.uk\/warandnation\/wp-json\/wp\/v2\/types\/page"}],"author":[{"embeddable":true,"href":"https:\/\/research.kent.ac.uk\/warandnation\/wp-json\/wp\/v2\/users\/122"}],"replies":[{"embeddable":true,"href":"https:\/\/research.kent.ac.uk\/warandnation\/wp-json\/wp\/v2\/comments?post=2935"}],"version-history":[{"count":5,"href":"https:\/\/research.kent.ac.uk\/warandnation\/wp-json\/wp\/v2\/pages\/2935\/revisions"}],"predecessor-version":[{"id":4183,"href":"https:\/\/research.kent.ac.uk\/warandnation\/wp-json\/wp\/v2\/pages\/2935\/revisions\/4183"}],"wp:attachment":[{"href":"https:\/\/research.kent.ac.uk\/warandnation\/wp-json\/wp\/v2\/media?parent=2935"}],"curies":[{"name":"wp","href":"https:\/\/api.w.org\/{rel}","templated":true}]}}