{"id":178,"date":"2016-11-02T15:25:50","date_gmt":"2016-11-02T15:25:50","guid":{"rendered":"https:\/\/research.kent.ac.uk\/upgrade-warandnation\/?page_id=178"},"modified":"2020-09-10T10:33:39","modified_gmt":"2020-09-10T09:33:39","slug":"1810-a-cortes-and-a-regency-is-established-in-cadiz","status":"publish","type":"page","link":"https:\/\/research.kent.ac.uk\/warandnation\/1810-a-cortes-and-a-regency-is-established-in-cadiz\/","title":{"rendered":"1810 A Cortes and a Regency is Established in C\u00e1diz"},"content":{"rendered":"<div class=\"video-container\"><iframe loading=\"lazy\" title=\"The Cortes of C\u00e1diz (General Courts) and the C\u00e1diz Constitution\" width=\"500\" height=\"281\" src=\"https:\/\/www.youtube.com\/embed\/6qQgIuU4nW0?feature=oembed\" frameborder=\"0\" allow=\"accelerometer; autoplay; clipboard-write; encrypted-media; gyroscope; picture-in-picture; web-share\" referrerpolicy=\"strict-origin-when-cross-origin\" allowfullscreen><\/iframe><\/div>\n<p>Following Napoleon&#8217;s usurpation of the Spanish king and royal family, the existing institutions of central and provincial government in Spain also fell. Governance then moved decentralized juntas, which\u00a0did not seek to challenge the monarchical system, but rather presented themselves as temporarily acting on behalf of the king. Nonetheless this new structure opened up a space where new possibilities of governance could be discussed.<\/p>\n<p>The provincial juntas formed a central junta composed of deputies from the different regions in Spain. These deputies met first in 1808 and committed to establishing a system or institution (known as the\u00a0<em>Cortes<\/em>, meaning the General Courts), which would represent both peninsular and american Spaniards.<\/p>\n<p>Although the central junta sought to co-ordinate resistance to Napoleon, it proved ineffective at this. As Napoleon&#8217;s troops took more and more of Spain, the central junta was pushed increasingly Southward. In 1809 it was based in Seville, but eventually it fled from Seville to C\u00e1diz, a strip of land that is surrounded mostly by sea and\u00a0extends from the Iberian Peninsular in such a way that it is practically an island. The central junta, had lost the remainder of the Spanish Peninsular, but held onto the enclave of C\u00e1diz, where it was\u00a0protected by British gunships.<\/p>\n<p>In C\u00e1diz power was transferred from the central junta to a Council of Regents which called itself the <em>Cortes,\u00a0<\/em>the term traditionally used to describe such assemblies in Spain.<\/p>\n<p>The <em>Cortes<\/em> included America in their conception of the Spanish nation and the <em>Cortes<\/em> was made up of delegates representing Spain and delegates representing America, though the latter were underrepresented. The delegates representing America sought to have participation in the <em>Cortes<\/em> organised according to the population of the various regions. As there were more people in the Americas, this would have essentially meant that delegates from the Americas would have had more control. The Spanish delegates refused\u00a0this concept of equality, preferring for America to remain subordinate to Spain. This was justified racially by the Spaniards. They maintained that\u00a0Indians and people of African descent should not be\u00a0represented in a Spanish <em>Cortes<\/em>.\u00a0The Quite\u00f1o Jos\u00e9 Mej\u00eda Lequerica had led the call for equal representation in the <em>Cort\u00e9s<\/em> and declared the discriminatory system as unjust. When his calls for equal representation were rejected, he offered a compromise: equality for indians, americanos and mestizos only. This position excluded people of African descent. Up until\u00a0the Napoleonic invasion, the term &#8216;americano&#8217; had referred to whites. However over the next couple of decades its\u00a0usage would\u00a0be extended to include people of African, mixed and indigenous origin. In 1812 the <em>Cortes<\/em> finally drew up a constitution which was to become Spain&#8217;s first constitution.<\/p>\n<p>Natalia Sobrevilla discusses this constitution, known as the\u00a0C\u00e1diz Constitution, in the podcast above.<\/p>\n<p><strong><strong>Further Reading<\/strong><\/strong><\/p>\n<p>Eastman, Scott and Natalia Sobrevilla eds. 2015.\u00a0<em><a href=\"http:\/\/www.uapress.ua.edu\/product\/Rise-of-Constitutional-Government-in-the-Iberian-A,5993.aspx\">The Rise of Constitutional Government in the Iberian Atlantic World and the Impact of the C\u00e1diz Constitution of 1812<\/a><\/em>, Tuscaloosa, Alabama: University of Alabama Press.<\/p>\n<p>&nbsp;<\/p>\n","protected":false},"excerpt":{"rendered":"<p>Following Napoleon&#8217;s usurpation of the Spanish king and royal family, the existing institutions of central and provincial government in Spain also fell. Governance then moved decentralized juntas, which\u00a0did not seek to challenge the monarchical system, but rather presented themselves as temporarily acting on behalf of the king. Nonetheless this new structure opened up a space [&hellip;]<\/p>\n","protected":false},"author":122,"featured_media":0,"parent":0,"menu_order":0,"comment_status":"closed","ping_status":"closed","template":"","meta":{"_acf_changed":false,"footnotes":""},"class_list":["post-178","page","type-page","status-publish","hentry"],"acf":[],"_links":{"self":[{"href":"https:\/\/research.kent.ac.uk\/warandnation\/wp-json\/wp\/v2\/pages\/178","targetHints":{"allow":["GET"]}}],"collection":[{"href":"https:\/\/research.kent.ac.uk\/warandnation\/wp-json\/wp\/v2\/pages"}],"about":[{"href":"https:\/\/research.kent.ac.uk\/warandnation\/wp-json\/wp\/v2\/types\/page"}],"author":[{"embeddable":true,"href":"https:\/\/research.kent.ac.uk\/warandnation\/wp-json\/wp\/v2\/users\/122"}],"replies":[{"embeddable":true,"href":"https:\/\/research.kent.ac.uk\/warandnation\/wp-json\/wp\/v2\/comments?post=178"}],"version-history":[{"count":6,"href":"https:\/\/research.kent.ac.uk\/warandnation\/wp-json\/wp\/v2\/pages\/178\/revisions"}],"predecessor-version":[{"id":4738,"href":"https:\/\/research.kent.ac.uk\/warandnation\/wp-json\/wp\/v2\/pages\/178\/revisions\/4738"}],"wp:attachment":[{"href":"https:\/\/research.kent.ac.uk\/warandnation\/wp-json\/wp\/v2\/media?parent=178"}],"curies":[{"name":"wp","href":"https:\/\/api.w.org\/{rel}","templated":true}]}}