{"id":62,"date":"2017-05-02T10:26:12","date_gmt":"2017-05-02T09:26:12","guid":{"rendered":"https:\/\/research.kent.ac.uk\/upgrade-understandingunbelief\/?page_id=62"},"modified":"2021-09-02T15:17:07","modified_gmt":"2021-09-02T14:17:07","slug":"press","status":"publish","type":"page","link":"https:\/\/research.kent.ac.uk\/understandingunbelief\/about\/press\/","title":{"rendered":"Press"},"content":{"rendered":"<nav class=\"breadcrumb \"><a href=\"https:\/\/research.kent.ac.uk\/understandingunbelief\/\" rel=\"index\">Home<\/a><a href=\"https:\/\/research.kent.ac.uk\/understandingunbelief\/Press\/\" rel=\"up\">Press<\/a><\/nav>\n<p>Select press and media coverage of Understanding Unbelief and affiliated work can be found below. For press enquiries, please email <strong>info@understanding-unbelief.net<\/strong><\/p>\n<h2>Autumn\/Winter 2019<\/h2>\n<ul>\n<li>Harvard Divinity Bulletin: <a href=\"https:\/\/bulletin.hds.harvard.edu\/lives-of-unbelief\/\">Lives of UnbeliefPhotographs and interviews by Aubrey Wade<\/a><\/li>\n<\/ul>\n<h2>August 2019<\/h2>\n<ul>\n<li>BBC future: <a href=\"http:\/\/www.bbc.com\/future\/story\/20190801-tomorrows-gods-what-is-the-future-of-religion\">&#8216;Tomorrow&#8217;s Gods: What is the future of religion?&#8217;<\/a> Part of the BBC&#8217;s Future series about the long view of humanity, which aims to stand back from the daily news cycle and widen the lens of our current place in time.<\/li>\n<\/ul>\n<h2>May- July 2019<\/h2>\n<p>Select press related to the Cultures of Unbelief conference, the Capstone Conference of the Understanding Unbelief programme and the 2019 NSRN conference in Rome and the release of first Understanding Unbelief report: <a href=\"https:\/\/research.kent.ac.uk\/understandingunbelief\/wp-content\/uploads\/sites\/1816\/2019\/05\/UUReportRome.pdf\"><em>Atheists and agnostics around the world: Interim findings from 2019 research in Brazil, China, Denmark, Japan, the United Kingdom and the United States<\/em><\/a><\/p>\n<div id=\"attachment_5745\" style=\"width: 4042px\" class=\"wp-caption alignright\"><a href=\"https:\/\/research.kent.ac.uk\/understandingunbelief\/events\/past-events\/img_1985-credit-ll\/\" rel=\"attachment wp-att-5745\"><img loading=\"lazy\" decoding=\"async\" aria-describedby=\"caption-attachment-5745\" class=\"size-full wp-image-5745\" src=\"https:\/\/research.kent.ac.uk\/understandingunbelief\/wp-content\/uploads\/sites\/1816\/2019\/06\/IMG_1985-Credit-LL.jpg\" alt=\"\" width=\"4032\" height=\"917\" srcset=\"https:\/\/research.kent.ac.uk\/understandingunbelief\/wp-content\/uploads\/sites\/1816\/2019\/06\/IMG_1985-Credit-LL.jpg 1920w, https:\/\/research.kent.ac.uk\/understandingunbelief\/wp-content\/uploads\/sites\/1816\/2019\/06\/IMG_1985-Credit-LL-300x68.jpg 300w, https:\/\/research.kent.ac.uk\/understandingunbelief\/wp-content\/uploads\/sites\/1816\/2019\/06\/IMG_1985-Credit-LL-768x175.jpg 768w, https:\/\/research.kent.ac.uk\/understandingunbelief\/wp-content\/uploads\/sites\/1816\/2019\/06\/IMG_1985-Credit-LL-1024x233.jpg 1024w\" sizes=\"auto, (max-width: 4032px) 100vw, 4032px\" \/><\/a><p id=\"caption-attachment-5745\" class=\"wp-caption-text\">Exhibition &#8216;The Unbelievers&#8217; by Aubrey Wade at the Gregorian University Rome installed for the Cultures of Unbelief conference. Photo credit Lois Lee.<\/p><\/div>\n<ul>\n<li><\/li>\n<li><\/li>\n<li><\/li>\n<li>Patheos\/The Secular Spectrum: <a href=\"https:\/\/www.patheos.com\/blogs\/secularspectrum\/2019\/07\/understanding-cultures-of-unbelief-for-religious\/\">&#8216;Understanding Cultures of Unbelief for religious&#8217;<\/a> (13 July 2019)<\/li>\n<li>\u00a0NSRN: <a href=\"https:\/\/nsrn.net\/2019\/06\/21\/understanding-unbeliefs-and-reclaiming-enchantment-the-2019-cultures-of-unbelief-conference\/\">&#8216;Event report: Understanding unbeliefs and reclaiming enchantment: The 2019 Cultures of Unbelief conference&#8217;<\/a> (21 June 2019)<\/li>\n<li>Der Standard: <a href=\"https:\/\/derstandard.at\/2000104478819\/Auch-viele-Atheisten-glauben-an-Uebernatuerliches\">&#8216;Auch viele Atheisten glauben an \u00dcbernat\u00fcrliches&#8217;<\/a> (Many atheists believe in the supernatural) (8 June 2019)<\/li>\n<li>Big Think: <a href=\"https:\/\/bigthink.com\/culture-religion\/atheist-supernatural\">&#8216;Atheists still believe in the supernatural, new report finds&#8217;<\/a> (7 June 2019)<\/li>\n<li>Religion Media Centre: <a href=\"https:\/\/religionmediacentre.org.uk\/news-comment\/understanding-unbelief\/\">&#8216;Understanding Unbelief: Comments on The Atheists and agnostics around the world interim findings report&#8217;<\/a> (7 June 2019)<\/li>\n<li>Newsweek Japan: <a href=\"https:\/\/www.newsweekjapan.jp\/stories\/world\/2019\/06\/6-50_1.php?fbclid=IwAR3tpZ379n_uzwDSvz6F_YN-iCYkAr9poj3PZGX7k3h7fADnHJJgeKw8vyg\">&#8216;\u65e5\u672c\u306e\u7121\u795e\u8ad6\u8005\u306f\u6700\u3082\u300c\u8d85\u81ea\u7136\u3092\u4fe1\u3058\u306a\u3044\u300d\u2500\u25006\u30ab\u56fd\u3067\u306e\u5927\u898f\u6a21\u8abf\u67fb&#8217;\u00a0<\/a> (Japanese atheists and agnostics least likely to believe in the supernatural, large scale survey in six countries finds) (7 June 2019)<\/li>\n<li>NewsLetter: <a href=\"https:\/\/www.newsletter.co.uk\/news\/opinion\/atheists-do-not-feel-life-is-devoid-of-any-meaning-1-8954545\">&#8216;Atheists do not feel life is devoid of any meaning&#8217;<\/a> (7 June 2019)<\/li>\n<li>Theos <a href=\"https:\/\/www.theosthinktank.co.uk\/comment\/2019\/06\/06\/what-do-unbelievers-believe\">&#8216;What do unbelievers believe?&#8217;<\/a> (6 June 2019)<\/li>\n<li>The Times <a href=\"https:\/\/www.thetimes.co.uk\/article\/atheists-have-belief-in-the-supernatural-6h7kgm7hw\">&#8216;Most atheists believe in the supernatural, study finds&#8217;<\/a> (3 June 2019)<\/li>\n<li>World Religion News <a href=\"https:\/\/www.worldreligionnews.com\/religion-news\/study-shows-atheists-agnostics-believe-supernatural\">&#8216;Study shows most atheists and agnostics believe in the supernatural&#8217;<\/a> (3 June 2019)<\/li>\n<li>BBC radio 4 <a href=\"https:\/\/www.bbc.co.uk\/sounds\/play\/m0005mf7\">Sunday Programme<\/a> Lois Lee interviewed about the findings of the interim report (Starts at 01.50) (2 June 2019)<\/li>\n<li>Spiegel Online <a href=\"https:\/\/www.spiegel.de\/plus\/religion-woran-glauben-eigentlich-unglaeubige-a-00000000-0002-0001-0000-000164179833\">&#8216;Woran glauben eigentlich Ungl\u00e4ubige?&#8217;<\/a> (What do non-believers believe?) (31 May 2019)<\/li>\n<li>NewScientist <a href=\"https:\/\/www.newscientist.com\/article\/2204958-most-atheists-believe-in-the-supernatural-despite-trusting-science\/\">&#8216;Most atheists believe in the supernatural, despite trusting science&#8217;<\/a> (30 May 2019)<\/li>\n<li>MailOnline <a href=\"https:\/\/www.dailymail.co.uk\/sciencetech\/article-7088057\/Most-atheists-agnostics-BELIEVE-supernatural-underlying-forces-good-evil.html\">&#8216;Most atheists and agnostics BELIEVE in the supernatural and &#8216;undelying forces of good and evil&#8217; despite rejecting religion in favor of science study finds&#8217;<\/a> (30 May 2019)<\/li>\n<li>Friendly Atheist\/Patheos <a href=\"https:\/\/friendlyatheist.patheos.com\/2019\/05\/28\/research-presented-at-vatican-shows-that-anti-atheist-stereotypes-are-inaccurate\/\">&#8216;Research Presented at Vatican Shows That Anti-Atheist Stereotypes Are Inaccurate&#8217;<\/a> (28 May 2019)<\/li>\n<li>Mail Online <a href=\"https:\/\/www.dailymail.co.uk\/wires\/pa\/article-7076403\/Non-believers-not-lack-morality-research-suggests.html\">&#8216;Non-believers do not lack morality, research suggests&#8217;<\/a> (28 May 2019)<\/li>\n<li>Belfast Telegraph <a href=\"https:\/\/www.belfasttelegraph.co.uk\/news\/northern-ireland\/qub-helps-in-study-that-disputes-view-atheists-lack-morals-38153025.html\">&#8216;QUB helps in study that disputes view atheists lack morals&#8217;<\/a> (28 May 2019)<\/li>\n<li>RTE <a href=\"https:\/\/www.rte.ie\/news\/2019\/0528\/1052176-non-believers-research\/\">&#8216;Non-believers in God do not lack morality &#8211; report&#8217;<\/a> (28 May 2019)<\/li>\n<li>Premier <a href=\"https:\/\/www.premier.org.uk\/News\/UK\/Non-believers-don-t-lack-morality-research-suggests\">&#8216;Non-believers don&#8217;t lack morality, research suggests&#8217;<\/a> (28 May 2019)<\/li>\n<li>News Letter <a href=\"https:\/\/www.newsletter.co.uk\/news\/latest-news\/non-believers-do-not-lack-morality-new-research-suggests-1-8942544\">&#8216;Non-believers do not lack morality, new research suggests&#8217;<\/a> (28 May 2019)<\/li>\n<li>ABC (Spain) <a href=\"https:\/\/www.abc.es\/sociedad\/abci-vaticano-acoge-congreso-mundial-sobre-no-creyentes-201905281317_noticia.html\">&#8216;El Vaticano acoge un congreso mundial sobre no creyentes&#8217;<\/a> (28 May 2019)<\/li>\n<li>BBC News Brazil <a href=\"https:\/\/www.bbc.com\/portuguese\/internacional-48425971\">&#8216;Por que o Vaticano, cora\u00e7\u00e3o da Igreja, sedia a maior confer\u00eancia sobre ate\u00edsmo no mundo&#8217;<\/a> (28 May 2019)<\/li>\n<li>Group La Provincia (Buenos Aires) <a href=\"https:\/\/www.grupolaprovincia.com\/\/sociedad\/ateos-agnosticos-y-creyentes-no-son-tan-diferentes-entre-si-segun-un-estudio-294625\">&#8216;Ateos, agn\u00f3sticos y creyentes no son tan diferentes entre s\u00ed, seg\u00fan un estudio&#8217;<\/a> (27 May 2019)<\/li>\n<li>University of Kent News Centre <a href=\"https:\/\/www.kent.ac.uk\/news\/society\/22432\/vatican-hosts-major-atheism-conference-with-university\">&#8216;The Vatican and Kent host major atheism conference&#8217;<\/a> (28 May 2019)<\/li>\n<li>EurekAlert! <a href=\"https:\/\/www.eurekalert.org\/pub_releases\/2019-05\/uok-vhm052319.php\">&#8216;Vatican hosts major atheism conference with University of Kent&#8217;<\/a> (27 May 2019)<\/li>\n<li>BBC Radio 4 <a href=\"https:\/\/www.bbc.co.uk\/sounds\/play\/m0005dxw\">Sunday programme<\/a> documentary piece from Rosie Dawson looking back at the history of the first Vatican&#8217;s first conference on atheism and other forms of &#8216;unbelief&#8217; in Rome in 1969 and forward to the Cultures of Unbelief conference and release of the first findings of the Understanding Unbelief programme (starts at 30.50) (26 May 2019)<\/li>\n<\/ul>\n<hr \/>\n<h2>April 2019<\/h2>\n<p>Understanding Unbelief&#8217;s participation in the second <a href=\"https:\/\/www.jw3.org.uk\/event\/exploring-belief-2019#.XPkRRHdFyUk\">The Religion in the Media Festival<\/a>, London 30 April 2019<\/p>\n<ul>\n<li>Church Times <a href=\"https:\/\/www.churchtimes.co.uk\/articles\/2019\/26-april\/comment\/opinion\/no-excuses-for-negative-coverage-of-religion-in-the-media\">&#8216;No excuses for negative portrayals of religion in the media&#8217;<\/a> (26 April 2019)<\/li>\n<\/ul>\n<p><a name=\"Press\"><\/a><a href=\"#top\">back to top<\/a><\/p>\n<hr \/>\n<h2>March 2019<\/h2>\n<p>Coverage of Miguel Farias&#8217; research at Coventry University<\/p>\n<ul>\n<li>Premier <a href=\"https:\/\/www.premier.org.uk\/News\/UK\/Religious-belief-cannot-ease-Brexit-stress-study-finds\">&#8216;Religious belief cannot ease Brexit stress, study finds&#8217;<\/a> (22 March 2019)<\/li>\n<li>MailOnline <a href=\"https:\/\/www.dailymail.co.uk\/sciencetech\/article-6834173\/Brexit-stress-alleviated-belief-religion-science.html\">&#8216;Faith in God or science won&#8217;t alleviate your stress over future events, psychologists say &#8211; contrary to the belief that a higher power or ideology can help us deal with life&#8217;s difficulties&#8217;<\/a> (21 March 2019)<\/li>\n<\/ul>\n<p><a name=\"Press\"><\/a><a href=\"#top\">back to top<\/a><\/p>\n<hr \/>\n<h2>February 2019<\/h2>\n<p>Announcement of Understanding Unbelief&#8217;s capstone conference in Rome May 2019<\/p>\n<ul>\n<li>Religion News Service <a href=\"https:\/\/religionnews.com\/2019\/02\/18\/fifty-years-later-catholic-church-reckons-again-with-unbelief\/?fbclid=IwAR0FtZmBFmqrFX83V-f4ca-uR-B7cTIxeEV_R2bvt4XGQCeVUcraOfVheDo\">&#8216;Fifty years later, Catholic Church reckons again with unbelief&#8217;<\/a> (18 February 2019)<\/li>\n<li>University of Kent News Centre <a href=\"https:\/\/www.kent.ac.uk\/news\/society\/21160\/the-vatican-hosts-major-atheism-conference-with-university\">&#8216;Kent and the Vatican to host atheism conference&#8217;<\/a> (14 February 2019)<\/li>\n<li style=\"list-style-type: none;\">\n<ul>\n<li style=\"list-style-type: none;\"><\/li>\n<\/ul>\n<\/li>\n<\/ul>\n<p><a name=\"Press\"><\/a><a href=\"#top\">back to top<\/a><\/p>\n<hr \/>\n<h2>September 2018<\/h2>\n<h3>Why atheists are not as rational as some like to think<\/h3>\n<p>Dr Lois Lee for the Conversation discusses the science of atheism:<\/p>\n<ul>\n<li>The Conversation <a href=\"https:\/\/theconversation.com\/why-atheists-are-not-as-rational-as-some-like-to-think-103563\">\u2018Why atheists are not as rational as some like to think\u2019<\/a> (27 September 2018)<\/li>\n<li>Newsweek <a href=\"https:\/\/www.newsweek.com\/god-versus-science-atheists-arent-rational-you-might-think-opinion-1141436\">\u2018God versus science: atheists aren\u2019t as rational as you might think\u2019<\/a> (27 September 2018)<\/li>\n<li>The Metro <a href=\"https:\/\/www.metro.news\/why-atheists-are-not-as-rational-as-some-like-to-think\/1250099\/\">\u2018Why atheists are not as rational as some like to think\u2019<\/a> (2 October 2018)<\/li>\n<li>The Conversation Indonesia <a href=\"https:\/\/theconversation.com\/mengapa-ateis-tidak-serasional-seperti-yang-diduga-banyak-orang-104414\">\u2018Mengapa ateis tidak serasional seperti yang diduga banyak orang\u2019<\/a> (9 October 2018)<\/li>\n<li style=\"list-style-type: none;\">\n<ul>\n<li style=\"list-style-type: none;\"><\/li>\n<\/ul>\n<\/li>\n<\/ul>\n<p><a name=\"Press\"><\/a><a href=\"#top\">back to top<\/a><\/p>\n<hr \/>\n<h2>March 2018<\/h2>\n<h3>Europe&#8217;s Young Adults and Region<\/h3>\n<p>This <a href=\"https:\/\/www.stmarys.ac.uk\/research\/centres\/benedict-xvi\/europes-young-adults-and-religion.aspx\">report<\/a> from Understanding Unbelief\u00a0programme co-lead\u00a0Dr Stephen Bullivant for\u00a0the Benedict XVI Centre and the Institut Catholique de Paris explores religious affiliation and practice among young adults in Europe using data from the <a href=\"http:\/\/www.europeansocialsurvey.org\/\">European Social Survey<\/a>.<\/p>\n<ul>\n<li>World Religion News <a href=\"https:\/\/www.worldreligionnews.com\/religion-news\/europe-moving-away-organized-religion\">&#8216;Europe is moving away from organised religion&#8217;<\/a> (1 April 2018)<\/li>\n<li>The Guardian <a href=\"https:\/\/www.theguardian.com\/world\/2018\/mar\/21\/christianity-non-christian-europe-young-people-survey-religion\">&#8216;Christianity as default is gone&#8217;: the rise of a non-Christian Europe&#8217;<\/a> (21 March 2018)<\/li>\n<li>BBC News <a href=\"http:\/\/www.bbc.co.uk\/news\/newsbeat-43485581\">&#8216;70% of young Brits are &#8216;not religious&#8217;<\/a> (21 March 2018)<\/li>\n<li>The Guardian <a href=\"https:\/\/www.theguardian.com\/commentisfree\/2018\/mar\/22\/christianity-norm-underground-mystery?CMP=share_btn_tw\">&#8216;So Christianity is no longer the norm? Going underground will do it good&#8217;<\/a> (22 March 2018)<\/li>\n<li style=\"list-style-type: none;\">\n<ul>\n<li style=\"list-style-type: none;\"><\/li>\n<\/ul>\n<\/li>\n<\/ul>\n<p><a name=\"Press\"><\/a><a href=\"#top\">back to top<\/a><\/p>\n<hr \/>\n<h2>January 2018<\/h2>\n<h3>The conundrum of how to prove you hold a nonreligious worldview<\/h3>\n<p>Understanding Unbelief programme lead Dr Lois Lee discusses the need for better understanding and representation of non-religious worldview in public institutions in the UK following denial of asylum to Pakistani humanist Hamza bin Walayat who failed to identify Plato and Aristotle as humanist philosophers.<\/p>\n<ul>\n<li>The Conversation <a href=\"https:\/\/theconversation.com\/the-conundrum-of-how-to-prove-you-hold-a-nonreligious-worldview-90405\">&#8216;The conundrum of how to prove you hold a nonreligious worldview&#8217;<\/a> (26 January 2018)<\/li>\n<\/ul>\n<p><a name=\"Press\"><\/a><a href=\"#top\">back to top<\/a><\/p>\n<hr \/>\n<h2>November 2017<\/h2>\n<h3>British Nonreligion<\/h3>\n<p>Dr Lois Lee explores the limitations of current survey methodologies in measuring the nonreligious population in Britain.<\/p>\n<ul>\n<li>Church Times <a href=\"https:\/\/www.churchtimes.co.uk\/articles\/2017\/3-november\/comment\/opinion\/take-the-beliefs-of-the-non-religious-seriously#.WfwqmhDWj3c.twitter\">&#8216;Take the beliefs of the non-religious seriously&#8217; <\/a>(3 November 2017)<\/li>\n<\/ul>\n<p><a name=\"Press\"><\/a><a href=\"#top\">back to top<\/a><\/p>\n<hr \/>\n<h2>September 2017<\/h2>\n<h3>British Nonreligion<\/h3>\n<p>Select press coverage of the finding of the 2016 British Social Attitudes (BSA) Survey that unbelievers&#8217; now comprise 53% of the UK population.<\/p>\n<ul>\n<li>The Economist <a href=\"https:\/\/www.economist.com\/britain\/2017\/09\/09\/a-majority-of-britons-now-follow-no-religion\">&#8216;A majority of Britons now follow no religion&#8217;<\/a> (9 September 2017)<\/li>\n<li>Church Times <a href=\"https:\/\/www.churchtimes.co.uk\/articles\/2017\/1-september\/news\/uk\/british-pass-another-milestone-on-the-journey-away-from-faith\">&#8216;British pass another milestone on the journey away from faith&#8217; <\/a>(4 September 2017)<\/li>\n<li style=\"list-style-type: none;\">\n<ul>\n<li style=\"list-style-type: none;\"><\/li>\n<\/ul>\n<\/li>\n<\/ul>\n<p><a name=\"Press\"><\/a><a href=\"#top\">back to top<\/a><\/p>\n<hr \/>\n<h2>July 2017<\/h2>\n<h3>Spiritual But Not Religious<\/h3>\n<p>Dr Miguel Farias considers unbeliever&#8217;s interest in spiritual practices like meditation.<\/p>\n<ul>\n<li>Psychology Today <a href=\"https:\/\/www.psychologytoday.com\/blog\/the-science-belief\/201707\/am-i-illusion\">&#8216;Am I an Illusion? Atheists is search of the spirit- through meditation&#8217; <\/a>(12 July 2017)<\/li>\n<\/ul>\n<p><a name=\"Press\"><\/a><a href=\"#top\">back to top<\/a><\/p>\n<hr \/>\n<h2>May 2017<\/h2>\n<h3>British Nonreligion<\/h3>\n<p>Select press coverage for Stephen Bullivant&#8217;s report, &#8216;The <a href=\"https:\/\/www.stmarys.ac.uk\/research\/centres\/benedict-xvi\/docs\/2017-may-no-religion-report.pdf\">&#8220;No Religion Population of Britain&#8221;. <\/a>Research funded by the <a href=\"http:\/\/www.cbcew.org.uk\/evangelisation-and-catechesis\">Department of Evangelisation and Catechesis <\/a>of the Catholic Bishops&#8217; Conference of England and Wales. Published by <a href=\"https:\/\/www.stmarys.ac.uk\/research\/centres\/benedict-xvi\/about.aspx\">the Benedict XVI Centre for Religion and Society<\/a>.<\/p>\n<ul>\n<li>The Observer <a href=\"https:\/\/www.theguardian.com\/world\/2017\/may\/13\/uk-losing-faith-religion-young-reject-parents-beliefs?CMP=share_btn_fb\">&#8216;Nearly 50% are of no religion &#8211; but has UK hit &#8216;peak secular&#8217;?<\/a> (14 May 2017)<\/li>\n<li>BBC Radio 4 <a href=\"http:\/\/www.bbc.co.uk\/programmes\/b08q30k5\">&#8216;Breakaway&#8217; Anglican church&#8217; <\/a>(14 May 2017)<\/li>\n<li>The Telegraph <a href=\"http:\/\/www.telegraph.co.uk\/news\/2017\/05\/13\/anglican-church-congregation-numbers-have-stabilised\/\">&#8216;Anglican church congregation numbers have &#8216;stabilised&#8217;<\/a> (14 May 2017)<\/li>\n<li>The Herald <a href=\"http:\/\/files.heraldscotland.com\/news\/15284760.Study_finds_Scotland_one_of_least_religious_areas_in_the_UK\/\">&#8216;Study finds Scotland one of the least religious areas in the UK&#8217;<\/a> (14 May 2017)<\/li>\n<li>Mail on Sunday <a href=\"http:\/\/www.dailymail.co.uk\/news\/article-4503752\/Patriotism-account-rising-number-Christians.html\">&#8216;Rising patriotism and pride in being Christian sees Church of England congregations grow&#8217;<\/a> (14 May 2017)<\/li>\n<li>Catholic Herald <a href=\"http:\/\/www.catholicherald.co.uk\/news\/2017\/05\/14\/a-quarter-of-non-religious-britons-admit-to-praying\/\">&#8216;A quarter of &#8216;non-religious&#8217; Britons admit to praying&#8217;<\/a> (14 May 2017)<\/li>\n<li>The Times <a href=\"https:\/\/www.thetimes.co.uk\/edition\/news\/exodus-from-church-of-england-slows-at-last-dnl3926wx\">&#8216;Exodus from Church of England slows at last&#8217;<\/a>\u00a0(15 May 2017)<\/li>\n<li>Metro <a href=\"http:\/\/metro.co.uk\/2017\/05\/15\/nearly-half-of-us-are-non-religious-as-christians-convert-into-unbelievers-6637616\/\">&#8216;Nearly half of us are non-religious- as Christians &#8216;convert&#8217; into unbelievers&#8217;<\/a> (15 May 2017)<\/li>\n<li>Russia Today <a href=\"https:\/\/www.rt.com\/uk\/388409-secularization-religion-islam-christians\/\">&#8216;Losing my religion? Secular Brits now outnumber Christians, but Islam and Hinduism growing&#8217; <\/a>(15 May 2017)<\/li>\n<li>The Christian Post <a href=\"http:\/\/www.christianpost.com\/news\/dramatic-fall-of-christianity-in-uk-continues-26-christians-abandon-faith-for-every-one-new-convert-183598\/\">&#8216;Dramatic fall of Christianity in UK continues: 26 Christians abandon faith for every one new convert&#8217; <\/a>(15 May 2017)<\/li>\n<li style=\"list-style-type: none;\">\n<ul>\n<li style=\"list-style-type: none;\"><\/li>\n<\/ul>\n<\/li>\n<\/ul>\n<h2><\/h2>\n<p><a name=\"Press\"><\/a><a href=\"#top\">back to top<\/a><\/p>\n<hr \/>\n<h2>April 2017<img loading=\"lazy\" decoding=\"async\" class=\" wp-image-1777 alignright\" src=\"https:\/\/research.kent.ac.uk\/understandingunbelief\/wp-content\/uploads\/sites\/1816\/2017\/05\/new-scientist-15-april-2017.jpg\" alt=\"\" width=\"316\" height=\"415\" \/><\/h2>\n<h3>Is atheism a religion?<\/h3>\n<p style=\"text-align: left;\"><a href=\"https:\/\/www.newscientist.com\/article\/mg23431212-800-faith-of-the-faithless-is-atheism-just-another-religion\/\">New Scientist <\/a>writer Graham Lawton talks to Understanding Unbelief&#8217;s Dr Lois Lee; Dr Jonathan Lanman; and Dr Miguel Farias, and\u00a0other leading scholars, about the study of atheism.<\/p>\n<ul>\n<li>New Scientist, <a href=\"https:\/\/www.newscientist.com\/article\/mg23431212-800-faith-of-the-faithless-is-atheism-just-another-religion\/\">&#8216;Faith of the faithless: Is atheism just another religion?&#8217;<\/a> (11 April 2017)<\/li>\n<\/ul>\n<p><a name=\"Press\"><\/a><a href=\"#top\">back to top<\/a><\/p>\n<hr \/>\n<p>&nbsp;<\/p>\n<p>&nbsp;<\/p>\n","protected":false},"excerpt":{"rendered":"<p>HomePress Select press and media coverage of Understanding Unbelief and affiliated work can be found below. For press enquiries, please email info@understanding-unbelief.net Autumn\/Winter 2019 Harvard Divinity Bulletin: Lives of UnbeliefPhotographs and interviews by Aubrey Wade August 2019 BBC future: &#8216;Tomorrow&#8217;s Gods: What is the future of religion?&#8217; Part of the BBC&#8217;s Future series about the [&hellip;]<\/p>\n","protected":false},"author":155,"featured_media":2892,"parent":32,"menu_order":0,"comment_status":"closed","ping_status":"closed","template":"","meta":{"_acf_changed":false,"footnotes":""},"class_list":["post-62","page","type-page","status-publish","hentry"],"acf":[],"_links":{"self":[{"href":"https:\/\/research.kent.ac.uk\/understandingunbelief\/wp-json\/wp\/v2\/pages\/62","targetHints":{"allow":["GET"]}}],"collection":[{"href":"https:\/\/research.kent.ac.uk\/understandingunbelief\/wp-json\/wp\/v2\/pages"}],"about":[{"href":"https:\/\/research.kent.ac.uk\/understandingunbelief\/wp-json\/wp\/v2\/types\/page"}],"author":[{"embeddable":true,"href":"https:\/\/research.kent.ac.uk\/understandingunbelief\/wp-json\/wp\/v2\/users\/155"}],"replies":[{"embeddable":true,"href":"https:\/\/research.kent.ac.uk\/understandingunbelief\/wp-json\/wp\/v2\/comments?post=62"}],"version-history":[{"count":8,"href":"https:\/\/research.kent.ac.uk\/understandingunbelief\/wp-json\/wp\/v2\/pages\/62\/revisions"}],"predecessor-version":[{"id":7130,"href":"https:\/\/research.kent.ac.uk\/understandingunbelief\/wp-json\/wp\/v2\/pages\/62\/revisions\/7130"}],"up":[{"embeddable":true,"href":"https:\/\/research.kent.ac.uk\/understandingunbelief\/wp-json\/wp\/v2\/pages\/32"}],"wp:featuredmedia":[{"embeddable":true,"href":"https:\/\/research.kent.ac.uk\/understandingunbelief\/wp-json\/wp\/v2\/media\/2892"}],"wp:attachment":[{"href":"https:\/\/research.kent.ac.uk\/understandingunbelief\/wp-json\/wp\/v2\/media?parent=62"}],"curies":[{"name":"wp","href":"https:\/\/api.w.org\/{rel}","templated":true}]}}