{"id":4106,"date":"2017-10-31T11:34:41","date_gmt":"2017-10-31T11:34:41","guid":{"rendered":"https:\/\/research.kent.ac.uk\/upgrade-understandingunbelief\/?page_id=4106"},"modified":"2020-09-04T16:42:50","modified_gmt":"2020-09-04T15:42:50","slug":"understanding-unbelief-research-blogs","status":"publish","type":"page","link":"https:\/\/research.kent.ac.uk\/understandingunbelief\/blogs\/understanding-unbelief-research-blogs\/","title":{"rendered":"Understanding Unbelief Research Blogs"},"content":{"rendered":"<p class=\"breadcrumb \"><a href=\"https:\/\/research.kent.ac.uk\/understandingunbelief\/\" rel=\"index\">Home<\/a><a href=\"https:\/\/research.kent.ac.uk\/understandingunbelief\/publications\/blogs\/\/\">Blogs<\/a><\/p>\n<h2>December 2018<\/h2>\n<h3>Dr Paul Merchant, National Life Stories at the British Library<\/h3>\n<h3>Project: <a href=\"https:\/\/research.kent.ac.uk\/understandingunbelief\/research\/public-engagement-projects\/unbelief-in-life-story-interviews\/#\">Unbelief in Life Story Interviews<\/a><\/h3>\n<figure id=\"attachment_4959\" class=\"wp-caption alignright\"><a href=\"https:\/\/research.kent.ac.uk\/understandingunbelief\/research\/public-engagement-projects\/unbelief-in-life-story-interviews\/unbelief-in-life-story-interviews-blogs\/xmas\/\" rel=\"attachment wp-att-4959\"><img loading=\"lazy\" decoding=\"async\" class=\"size-medium wp-image-4959\" src=\"https:\/\/research.kent.ac.uk\/understandingunbelief\/wp-content\/uploads\/sites\/1816\/2018\/12\/xmas-300x225.png\" alt=\"\" width=\"300\" height=\"225\" srcset=\"https:\/\/research.kent.ac.uk\/understandingunbelief\/wp-content\/uploads\/sites\/1816\/2018\/12\/xmas-300x225.png 300w, https:\/\/research.kent.ac.uk\/understandingunbelief\/wp-content\/uploads\/sites\/1816\/2018\/12\/xmas.png 576w\" sizes=\"auto, (max-width: 300px) 100vw, 300px\" \/><\/a><figcaption class=\"wp-caption-text\">Image Credit: Susie2779 on Foter.com \/ CC BY-NC<\/figcaption><\/figure>\n<p><a href=\"https:\/\/blogs.bl.uk\/sound-and-vision\/2018\/12\/a-spirit-of-christmas.html\">\u2018A spirit of Christmas\u2019<\/a><\/p>\n<p>In 1999 a fifteen year old girl was interviewed at her home in Shrewsbury for the enormous BBC\/British Library oral history project \u2018The Century Speaks\u2019. In a bedroom decorated with X-Files posters \u2013 partly reflecting her belief in government conspiracies \u2013 she spoke with considerable charm about other beliefs, including the belief in \u2018a spirit of Christmas\u2019. Keep reading <a href=\"https:\/\/blogs.bl.uk\/sound-and-vision\/2018\/12\/a-spirit-of-christmas.html\">here\u2026<\/a><\/p>\n<h3><\/h3>\n<h3>Dr Paul Merchant, National Life Stories at the British Library<\/h3>\n<h3>Project: <a href=\"https:\/\/research.kent.ac.uk\/understandingunbelief\/research\/public-engagement-projects\/unbelief-in-life-story-interviews\/#\">Unbelief in Life Story Interviews<\/a><\/h3>\n<p><a href=\"http:\/\/blogs.lse.ac.uk\/religionglobalsociety\/2018\/12\/the-complexity-of-religious-identity-and-religious-unbelief-within-individual-british-hindus\/\">\u2018The complexity of religious identity and religious unbelief within individual British Hindus\u2019<\/a><\/p>\n<p>At the British Library \u2013 accessible through its Listening and Viewing Service \u2013 there is a rich, untapped resource for those interested in religion and global society. Called Millennium Memory Bank, it is a collection of 5,439 life story interviews with people across the UK, aged between 5 and 107, from a range of social, ethnic and religious backgrounds, recorded in 1998 and 1999 in the BBC\u2019s Millennium Oral History Project \u2013 \u2018The Century Speaks\u2019. As part of a study of unbelief in oral history collections, supported by National Life Stories and the Understanding Unbelief programme at the University of Kent, I have been searching Millennium Memory Bank for moments in which interviewees from non-Christian backgrounds \u2013 often born in countries other than the UK \u2013 talk about not believing in God and\/or their lack of engagement with religion. In particular, I have attended to what Understanding Unbelief calls \u2018hybrid configurations\u2019 of unbelief within individuals. Keep reading <a href=\"http:\/\/blogs.lse.ac.uk\/religionglobalsociety\/2018\/12\/the-complexity-of-religious-identity-and-religious-unbelief-within-individual-british-hindus\/\">here\u2026<\/a><\/p>\n<p><a name=\"Understanding Unbelief Research Blogs\"><\/a><a href=\"#top\">back to top<\/a><\/p>\n<hr \/>\n<h2>November 2018<\/h2>\n<h3>Dr Paul Merchant, National Life Stories at the British Library<\/h3>\n<h3>Project: <a href=\"https:\/\/research.kent.ac.uk\/understandingunbelief\/research\/public-engagement-projects\/unbelief-in-life-story-interviews\/#\">Unbelief in Life Story Interviews<\/a><\/h3>\n<p><a href=\"https:\/\/blogs.bl.uk\/sound-and-vision\/2018\/11\/valuing-religion-without-believing.html\">&#8216;Valuing religion without believing&#8217;<\/a><\/p>\n<p>In a recent collaboration between <a href=\"https:\/\/www.bl.uk\/projects\/national-life-stories\" target=\"_blank\" rel=\"noopener noreferrer\">National Life Stories<\/a> at the British Library and the <a href=\"https:\/\/research.kent.ac.uk\/understandingunbelief\/\" target=\"_blank\" rel=\"noopener noreferrer\">Understanding Unbelief programme<\/a> at the University of Kent, I have been exploring three collections of oral history interviews at the British Library for moments when interviewees talk about not believing in God or gods, lack of interest in and\/or engagement with religion, and existential beliefs held in the absence of religious belief: <a href=\"https:\/\/sounds.bl.uk\/Oral-history\/Industry-water-steel-and-energy\" target=\"_blank\" rel=\"noopener noreferrer\">C1364 \u2018An Oral History of the Water Industry\u2019<\/a>, <a href=\"https:\/\/sounds.bl.uk\/Oral-history\/Banking-and-finance\" target=\"_blank\" rel=\"noopener noreferrer\">C409 \u2018NLSC: City Lives\u2019<\/a> and <a href=\"https:\/\/www.bl.uk\/collection-guides\/major-national-oral-history-projects-and-surveys\" target=\"_blank\" rel=\"noopener noreferrer\">C900 \u2018Millennium Memory Bank\u2019<\/a>.<\/p>\n<p>This may, at first glance, seem a curious, even eccentric endeavour. But unbelief itself is far from eccentric \u2013 <a href=\"http:\/\/www.natcen.ac.uk\/news-media\/press-releases\/2018\/september\/church-of-england-numbers-at-record-low\/\" target=\"_blank\" rel=\"noopener noreferrer\">the majority of people living in the UK say they have \u2018no religion\u2019<\/a> and all evidence suggests that most of these are also either atheist or agnostic. Furthermore, as the <a href=\"https:\/\/research.kent.ac.uk\/understandingunbelief\/about\/background\/\" target=\"_blank\" rel=\"noopener noreferrer\">\u2018background\u2019<\/a> to the Understanding Unbelief programme makes clear, the work is necessary as very little is known about religious unbelief, beyond the well-known public arguments of the New Atheists and other high-profile commentators. Keep reading <a href=\"https:\/\/blogs.bl.uk\/sound-and-vision\/2018\/11\/valuing-religion-without-believing.html\">here&#8230;<\/a><\/p>\n<p><a name=\"Understanding Unbelief Research Blogs\"><\/a><a href=\"#top\">back to top<\/a><\/p>\n<hr \/>\n<h2>October 2018<\/h2>\n<h3>Dr Paul Merchant, National Life Stories at the British Library<\/h3>\n<h3>Project: <a href=\"https:\/\/research.kent.ac.uk\/understandingunbelief\/research\/public-engagement-projects\/unbelief-in-life-story-interviews\/#\">Unbelief in Life Story Interviews<\/a><\/h3>\n<p><a href=\"https:\/\/blogs.bl.uk\/sound-and-vision\/2018\/10\/religious-unbelief-in-the-life-of-professor-sir-fred-holliday.html\">&#8216;Religious unbelief in the life of Professor Sir Fred Holliday&#8217;<\/a><\/p>\n<p>Over half of respondents in the most recent British Social Attitudes survey indicated that they have \u2018no religion\u2019. All evidence suggests that the majority of this group are also either atheist or agnostic. We are able to say, then, that religious unbelief affects a very significant proportion of British people, but what else can we say about it? Religious Unbelief is little studied and not well understood, a situation that the \u00a32.3m <em>Understanding Unbelief <\/em>project at the University of Kent seeks to change.<\/p>\n<p>In a partnership with the Understanding Unbelief project, <em>National Life Stories<\/em> at the British Library is examining some of its collections of oral history recordings, with unbelief firmly in mind. What do interviewees \u2013 recorded in projects with no particular focus on religion \u2013 say about their lack of religious belief? This blog reports on one discovery: the presence of unbelief in an interview with Professor Sir Fred Holliday, recorded in a number of sessions between 2009 and 2011, part of the collection \u2018An Oral History of the Water Industry\u2019. Keep reading <a href=\"https:\/\/blogs.bl.uk\/sound-and-vision\/2018\/10\/religious-unbelief-in-the-life-of-professor-sir-fred-holliday.html\">here&#8230;<\/a><\/p>\n<p><a name=\"Understanding Unbelief Research Blogs\"><\/a><a href=\"#top\">back to top<\/a><\/p>\n<hr \/>\n<h2>September 2018<\/h2>\n<h3>Dr Paul Merchant, National Life Stories at the British Library<\/h3>\n<h3>Project: <a href=\"https:\/\/research.kent.ac.uk\/understandingunbelief\/research\/public-engagement-projects\/unbelief-in-life-story-interviews\/#\">Unbelief in Life Story Interviews<\/a><\/h3>\n<p><a href=\"https:\/\/blogs.bl.uk\/sound-and-vision\/2018\/09\/recording-of-the-week-english-atheist.html\">&#8216;English atheist&#8217;<\/a><\/p>\n<div id=\"attachment_4824\" style=\"width: 310px\" class=\"wp-caption alignleft\"><a href=\"https:\/\/research.kent.ac.uk\/understandingunbelief\/blogs\/understanding-unbelief-research-blogs\/c-shillitoe_-non-religious-childhood-7\/\" rel=\"attachment wp-att-4824\"><img loading=\"lazy\" decoding=\"async\" aria-describedby=\"caption-attachment-4824\" class=\"size-medium wp-image-4824\" src=\"https:\/\/research.kent.ac.uk\/understandingunbelief\/wp-content\/uploads\/sites\/1816\/2018\/10\/c-Shillitoe_-Non-Religious-Childhood-7-300x225.jpg\" alt=\"\" width=\"300\" height=\"225\" srcset=\"https:\/\/research.kent.ac.uk\/understandingunbelief\/wp-content\/uploads\/sites\/1816\/2018\/10\/c-Shillitoe_-Non-Religious-Childhood-7-300x225.jpg 300w, https:\/\/research.kent.ac.uk\/understandingunbelief\/wp-content\/uploads\/sites\/1816\/2018\/10\/c-Shillitoe_-Non-Religious-Childhood-7-768x576.jpg 768w, https:\/\/research.kent.ac.uk\/understandingunbelief\/wp-content\/uploads\/sites\/1816\/2018\/10\/c-Shillitoe_-Non-Religious-Childhood-7-1024x768.jpg 1024w, https:\/\/research.kent.ac.uk\/understandingunbelief\/wp-content\/uploads\/sites\/1816\/2018\/10\/c-Shillitoe_-Non-Religious-Childhood-7-600x450.jpg 600w, https:\/\/research.kent.ac.uk\/understandingunbelief\/wp-content\/uploads\/sites\/1816\/2018\/10\/c-Shillitoe_-Non-Religious-Childhood-7.jpg 1920w\" sizes=\"auto, (max-width: 300px) 100vw, 300px\" \/><\/a><p id=\"caption-attachment-4824\" class=\"wp-caption-text\">Child participant from Strhan and Shillitoe\u2019s Growing Up Nonreligious Childhood Project<\/p><\/div>\n<p>&nbsp;<\/p>\n<p>Sound and Vision Recording of the Week:\u00a0Nearly twenty years ago, on the 4th of March 1999, an interviewer working for BBC Radio Thames Valley\u2019s contribution to the enormous BBC Millennium Oral History Project \u2013 \u2018The Century Speaks\u2019 \u2013 visited a local school to interview an 11 year-old girl. She was one of the youngest interviewees among a UK \u2018sample\u2019 of over 5000. The opening question produced a response which clearly surprised the interviewer, listen <a href=\"https:\/\/blogs.bl.uk\/sound-and-vision\/2018\/09\/recording-of-the-week-english-atheist.html\">here&#8230;<\/a><\/p>\n<p><a name=\"Understanding Unbelief Research Blogs\"><\/a><a href=\"#top\">back to top<\/a><\/p>\n<p>&nbsp;<\/p>\n<hr \/>\n<h2>June 2018<\/h2>\n<h3>Dr Theodoros Kyriakides, and Dr Richard Irvine, The Open University, UK<\/h3>\n<h3>Project:\u00a0<a href=\"https:\/\/research.kent.ac.uk\/understandingunbelief\/research\/research-grants\/kyriakides-and-irvine\/\"><b>Magical Thinking in Contexts and Situations of Unbelief<\/b><\/a><\/h3>\n<p><a href=\"http:\/\/www.open.ac.uk\/blogs\/religious-studies\/?p=757\">&#8216;Just out of reach: magic, opacity, and unknowability&#8217;<\/a><\/p>\n<p>\u201cBut what do you mean by magic?\u201d There\u2019s a long pause in the conversation; the anthropologist wonders whether they\u2019ve asked the wrong question. \u201cWell I suppose I mean\u2026 well, magic\u2026 like Eynhallow.\u201d To those familiar with Orkney, this small \u2018holy island\u2019 is rich in stories: once upon a time a coming-and-going island, rising from the sea only to disappear, until it was won over from the shape-shifting <em>finfolk<\/em> by the use of holy salt. Still the island retains an uncanny quality: in 1990 two people were said to have disappeared into thin air after 88 were counted off an excursion ferry to the uninhabited island and only 86 were counted back on. Keep reading <a href=\"http:\/\/www.open.ac.uk\/blogs\/religious-studies\/?p=757\">here&#8230;<\/a><\/p>\n<p><a name=\"Understanding Unbelief Research Blogs\"><\/a><a href=\"#top\">back to top<\/a><\/p>\n<hr \/>\n<h2>May 2018<\/h2>\n<h3>Dr. Josh Bullock, University of Kingston, London, UK<\/h3>\n<h3>Project:\u00a0<a href=\"https:\/\/research.kent.ac.uk\/understandingunbelief\/research\/research-projects-2\/herbert-and-bullock\/\">Reaching for a new sense of connection? Towards a deeper understanding of the sociality of generation y non-believers in northern and central Europe<\/a><\/h3>\n<p><a href=\"https:\/\/newsenseofconnection.blog\/2018\/05\/10\/3-dobby-is-free\/\">&#8216;#3 Dobby is Free&#8217;<\/a><\/p>\n<div id=\"attachment_4533\" style=\"width: 318px\" class=\"wp-caption alignright\"><a href=\"https:\/\/research.kent.ac.uk\/understandingunbelief\/blogs\/understanding-unbelief-research-blogs\/bullock\/\" rel=\"attachment wp-att-4533\"><img loading=\"lazy\" decoding=\"async\" aria-describedby=\"caption-attachment-4533\" class=\"wp-image-4533\" src=\"https:\/\/research.kent.ac.uk\/understandingunbelief\/wp-content\/uploads\/sites\/1816\/2018\/05\/Bullock-243x300.png\" alt=\"\" width=\"308\" height=\"381\" srcset=\"https:\/\/research.kent.ac.uk\/understandingunbelief\/wp-content\/uploads\/sites\/1816\/2018\/05\/Bullock-243x300.png 243w, https:\/\/research.kent.ac.uk\/understandingunbelief\/wp-content\/uploads\/sites\/1816\/2018\/05\/Bullock-768x947.png 768w, https:\/\/research.kent.ac.uk\/understandingunbelief\/wp-content\/uploads\/sites\/1816\/2018\/05\/Bullock-830x1024.png 830w, https:\/\/research.kent.ac.uk\/understandingunbelief\/wp-content\/uploads\/sites\/1816\/2018\/05\/Bullock.png 1000w\" sizes=\"auto, (max-width: 308px) 100vw, 308px\" \/><\/a><p id=\"caption-attachment-4533\" class=\"wp-caption-text\">(c) Josh Bullock<\/p><\/div>\n<p>I\u2019ve just returned from Poland and with the help from\u00a0Libert\u00e9, \u015awiecka szko\u0142a\u00a0(Secular School),\u00a0Stowarzyszenie Ateistyczne | Atheist Association Poland,\u00a0swieckaszkola\u00a0and\u00a0Fundacja Wolno\u015b\u0107 od Religii (Freedom from Religion Foundation) among many other organisations\u00a0I was able to speak to several people on my research trip to Warsaw.<\/p>\n<p>Bullivant (2018) reports from the ESS (2014-2016) that only 17% of Polish young people (aged between 16-29) identify as having no religion. Rather exceptional when compared to their neighbours to the south (Czech Republic) &amp; the West (East Germany) as Bullivant notes that not only does Poland \u2018have a very high proportion of Catholic affiliates, but they exhibit remarkably high levels of actual practice: almost half attend Mass at least weekly, and only 3% never attend\u2019. Keep reading <a href=\"https:\/\/newsenseofconnection.blog\/2018\/05\/10\/3-dobby-is-free\/\">here&#8230;<\/a><\/p>\n<p><a name=\"Understanding Unbelief Research Blogs\"><\/a><a href=\"#top\">back to top<\/a><\/p>\n<p>&nbsp;<\/p>\n<p>&nbsp;<\/p>\n<hr \/>\n<p>&nbsp;<\/p>\n<h2>March 2018<\/h2>\n<h3>Dr. Josh Bullock, University of Kingston, London, UK<\/h3>\n<h3>Project:\u00a0<a href=\"https:\/\/research.kent.ac.uk\/understandingunbelief\/research\/research-projects-2\/herbert-and-bullock\/\">Reaching for a new sense of connection? Towards a deeper understanding of the sociality of generation y non-believers in northern and central Europe<\/a><\/h3>\n<p><a href=\"https:\/\/newsenseofconnection.blog\/2018\/03\/29\/2-bleigiesen\/\">&#8216;#2 Bleigie\u00dfen&#8217;<\/a><\/p>\n<p>\u2018Bleigie\u00dfen, you know it\u2019? \u201cLead pouring\u201d, the interpreter tells me as the participant shows me a photo on her phone. It\u2019s a New Years Eve custom we sometimes do. She goes on to explain, once the lead has melted on your spoon over a burning candle, you drop it into cold water and it makes a shape. You then interpret the shape and it will tell you what the new year will bring. Similar to the reading of tea leaves or tarot cards, I ask, is this just for fun? Or do you believe the shape of the lead will hold some truth over what is to take place the following year? She smiles, I expect her to reply \u2018just for fun, of course\u2019, but she does not, she remarks \u2018some truth\u2019. Keep reading <a href=\"https:\/\/newsenseofconnection.blog\/2018\/03\/29\/2-bleigiesen\/\">here&#8230;<\/a><br \/>\n<a name=\"Understanding Unbelief Research Blogs\"><\/a><a href=\"#top\">back to top<\/a><\/p>\n<p>&nbsp;<\/p>\n<h3>Dr Theodoros Kyriakides, and Dr Richard Irvine, The Open University, UK<\/h3>\n<h3>Project:\u00a0<a href=\"https:\/\/research.kent.ac.uk\/understandingunbelief\/research\/research-grants\/kyriakides-and-irvine\/\"><b>Magical Thinking in Contexts and Situations of Unbelief<\/b><\/a><\/h3>\n<p><a href=\"http:\/\/www.open.ac.uk\/blogs\/religious-studies\/?p=685\">&#8216;Anti-authoritarian unbelief: or, not being told what (not) to believe&#8217;<\/a><\/p>\n<div id=\"attachment_4466\" style=\"width: 235px\" class=\"wp-caption alignleft\"><a href=\"https:\/\/research.kent.ac.uk\/understandingunbelief\/blogs\/understanding-unbelief-research-blogs\/theo1-624x832\/\" rel=\"attachment wp-att-4466\"><img loading=\"lazy\" decoding=\"async\" aria-describedby=\"caption-attachment-4466\" class=\"size-medium wp-image-4466\" src=\"https:\/\/research.kent.ac.uk\/understandingunbelief\/wp-content\/uploads\/sites\/1816\/2018\/03\/theo1-624x832-225x300.jpg\" alt=\"\" width=\"225\" height=\"300\" srcset=\"https:\/\/research.kent.ac.uk\/understandingunbelief\/wp-content\/uploads\/sites\/1816\/2018\/03\/theo1-624x832-225x300.jpg 225w, https:\/\/research.kent.ac.uk\/understandingunbelief\/wp-content\/uploads\/sites\/1816\/2018\/03\/theo1-624x832.jpg 624w\" sizes=\"auto, (max-width: 225px) 100vw, 225px\" \/><\/a><p id=\"caption-attachment-4466\" class=\"wp-caption-text\">(c) Theo Kyriakides<\/p><\/div>\n<p>Walking through the old town of Nicosia, perched between two olive trees, Theo encountered graffiti of a snarling creature with red eyes in the grounds of a church. Besides the illegible signature of the artist there is no text accompanying the image, but the demonic imagery and its strategic placement \u2013 directly facing the north fa\u00e7ade of the church \u2013 leaves little room for interpretation. Surely this is an act of resistance and opposition to the yellow limestone and hagiographies of the aging building?<\/p>\n<p>Such imagery serves as a background to the everyday discourse of unbelief, especially among the youth of the city. But why would non-believers revel in such apparently occult imagery? This might seem contradictory, given that unbelievers, by their very nature, are thought to tend towards rationalism as a set of logical ideas and assumptions about the world. Keep reading <a href=\"http:\/\/www.open.ac.uk\/blogs\/religious-studies\/?p=685\">here&#8230;<\/a><br \/>\n<a name=\"Understanding Unbelief Research Blogs\"><\/a><a href=\"#top\">back to top<\/a><\/p>\n<p>&nbsp;<\/p>\n<h3>Dr. Josh Bullock, University of Kingston, London, UK<\/h3>\n<h3>Project:\u00a0<a href=\"https:\/\/research.kent.ac.uk\/understandingunbelief\/research\/research-projects-2\/herbert-and-bullock\/\">Reaching for a new sense of connection? Towards a deeper understanding of the sociality of generation y non-believers in northern and central Europe<\/a><\/h3>\n<p><a href=\"https:\/\/newsenseofconnection.blog\/2018\/03\/11\/we-all-believe-in-stroopwafel\/\">#1 \u2018We All Believe In Stroopwafel\u2019<\/a><\/p>\n<p>I have just completed the first five interviews in the Netherlands and considering the majority of the population self-identify as being nonreligious it was to no surprise that I was told by a Dutch Facebook group that \u2018we all believe in Stroopwafel\u2019. Speaking of which, I had my first fresh stroopwafel and given the taste sensation, warrants some kind of belief in\u2026 I\u2019m sure.<\/p>\n<p>I spent time with nonreligious participants in The Hague, Rotterdam, Groningen and more rural areas in the North \u2013 without stepping foot in Amsterdam. We shared a drink, had wonderfully deep conversations about their beliefs and values, and I thank them for their hospitality \u2013 including the B&amp;B owner I stayed with, making sure I had my cheese sandwich he made \u2013 packed away for my travels each day. Keep reading <a href=\"https:\/\/newsenseofconnection.blog\/2018\/03\/11\/we-all-believe-in-stroopwafel\/\">here&#8230;<\/a><br \/>\n<a name=\"Understanding Unbelief Research Blogs\"><\/a><a href=\"#top\">back to top<\/a><\/p>\n<hr \/>\n<h2>October 2017<\/h2>\n<h3>Dr Theodoros Kyriakides, and Dr Richard Irvine, The Open University, UK<\/h3>\n<h3>Project:\u00a0<a href=\"https:\/\/research.kent.ac.uk\/understandingunbelief\/research\/research-grants\/kyriakides-and-irvine\/\"><b>Magical Thinking in Contexts and Situations of Unbelief<\/b><\/a><\/h3>\n<h4><a href=\"http:\/\/www.open.ac.uk\/blogs\/religious-studies\/?p=541\">&#8216;Understanding Unbelief \u2013 understanding what?&#8217;<\/a><\/h4>\n<div id=\"attachment_3973\" style=\"width: 248px\" class=\"wp-caption alignright\"><a href=\"https:\/\/research.kent.ac.uk\/understandingunbelief\/research\/research-projects-2\/kyriakides-and-irvine\/magical-thinking-in-contexts-and-situations-of-unbelief-blog\/orkney\/\" rel=\"attachment wp-att-3973\"><img loading=\"lazy\" decoding=\"async\" aria-describedby=\"caption-attachment-3973\" class=\"wp-image-3973 \" src=\"https:\/\/research.kent.ac.uk\/understandingunbelief\/wp-content\/uploads\/sites\/1816\/2017\/10\/orkney-300x225.png\" alt=\"\" width=\"238\" height=\"179\" srcset=\"https:\/\/research.kent.ac.uk\/understandingunbelief\/wp-content\/uploads\/sites\/1816\/2017\/10\/orkney-300x225.png 300w, https:\/\/research.kent.ac.uk\/understandingunbelief\/wp-content\/uploads\/sites\/1816\/2017\/10\/orkney-600x450.png 600w, https:\/\/research.kent.ac.uk\/understandingunbelief\/wp-content\/uploads\/sites\/1816\/2017\/10\/orkney.png 624w\" sizes=\"auto, (max-width: 238px) 100vw, 238px\" \/><\/a><p id=\"caption-attachment-3973\" class=\"wp-caption-text\">A place beyond belief by Nathan Coley. Photo Pier Arts Centre, Stromness, Orkney<\/p><\/div>\n<p>In 2013, Nathan Coley\u2019s art installation \u201cA place beyond belief\u201d was brought to Orkney\u2019s shore. The words provoke: what does it mean to be a place beyond belief? One interpretation, enhanced by the juxtaposition of the sign with spire of the redundant church behind it (now Stromness\u2019 Town Hall), is that here is place where church membership, and apparently the relevance of religious belief itself, has declined dramatically. As Steve Bruce has outlined in his book Scottish Gods, the story of the Scottish islands, in keeping with the rest of the UK, has been one of increasing disengagement from organised religion; non-belief emerging as the norm. In this sense, it is becoming a place beyond belief. Yet for those who described the sculpture in its Orkney setting, another interpretation presented itself: here was a place of wonder, a place beyond our limited capacity for belief. A magical place, even. Keep reading <a href=\"http:\/\/www.open.ac.uk\/blogs\/religious-studies\/?p=541\">here\u2026<\/a><br \/>\n<a name=\"Understanding Unbelief Research Blogs\"><\/a><a href=\"#top\">back to top<\/a><\/p>\n","protected":false},"excerpt":{"rendered":"<p>HomeBlogs December 2018 Dr Paul Merchant, National Life Stories at the British Library Project: Unbelief in Life Story Interviews Image Credit: Susie2779 on Foter.com \/ CC BY-NC \u2018A spirit of Christmas\u2019 In 1999 a fifteen year old girl was interviewed at her home in Shrewsbury for the enormous BBC\/British Library oral history project \u2018The Century [&hellip;]<\/p>\n","protected":false},"author":155,"featured_media":0,"parent":4090,"menu_order":0,"comment_status":"closed","ping_status":"closed","template":"","meta":{"_acf_changed":false,"footnotes":""},"class_list":["post-4106","page","type-page","status-publish","hentry"],"acf":[],"_links":{"self":[{"href":"https:\/\/research.kent.ac.uk\/understandingunbelief\/wp-json\/wp\/v2\/pages\/4106","targetHints":{"allow":["GET"]}}],"collection":[{"href":"https:\/\/research.kent.ac.uk\/understandingunbelief\/wp-json\/wp\/v2\/pages"}],"about":[{"href":"https:\/\/research.kent.ac.uk\/understandingunbelief\/wp-json\/wp\/v2\/types\/page"}],"author":[{"embeddable":true,"href":"https:\/\/research.kent.ac.uk\/understandingunbelief\/wp-json\/wp\/v2\/users\/155"}],"replies":[{"embeddable":true,"href":"https:\/\/research.kent.ac.uk\/understandingunbelief\/wp-json\/wp\/v2\/comments?post=4106"}],"version-history":[{"count":7,"href":"https:\/\/research.kent.ac.uk\/understandingunbelief\/wp-json\/wp\/v2\/pages\/4106\/revisions"}],"predecessor-version":[{"id":6418,"href":"https:\/\/research.kent.ac.uk\/understandingunbelief\/wp-json\/wp\/v2\/pages\/4106\/revisions\/6418"}],"up":[{"embeddable":true,"href":"https:\/\/research.kent.ac.uk\/understandingunbelief\/wp-json\/wp\/v2\/pages\/4090"}],"wp:attachment":[{"href":"https:\/\/research.kent.ac.uk\/understandingunbelief\/wp-json\/wp\/v2\/media?parent=4106"}],"curies":[{"name":"wp","href":"https:\/\/api.w.org\/{rel}","templated":true}]}}