{"id":505,"date":"2019-06-26T10:16:19","date_gmt":"2019-06-26T09:16:19","guid":{"rendered":"https:\/\/globalassemblages.org\/?page_id=505"},"modified":"2020-10-27T17:19:57","modified_gmt":"2020-10-27T17:19:57","slug":"contacto","status":"publish","type":"page","link":"https:\/\/research.kent.ac.uk\/globalsecurityassemblages\/es\/contacto\/","title":{"rendered":"Contacto"},"content":{"rendered":"<p>Env\u00ede un correo electr\u00f3nico a <a href=\"mailto:G.Sullivan@kent.ac.uk\">Gavin Sullivan<\/a> para obtener m\u00e1s informaci\u00f3n sobre este proyecto.<\/p>\n","protected":false},"excerpt":{"rendered":"<p>Env\u00ede un correo electr\u00f3nico a Gavin Sullivan para obtener m\u00e1s informaci\u00f3n sobre este proyecto.<\/p>\n","protected":false},"author":50,"featured_media":0,"parent":0,"menu_order":11,"comment_status":"closed","ping_status":"closed","template":"","meta":{"_acf_changed":false,"footnotes":""},"class_list":["post-505","page","type-page","status-publish","hentry"],"acf":[],"_links":{"self":[{"href":"https:\/\/research.kent.ac.uk\/globalsecurityassemblages\/wp-json\/wp\/v2\/pages\/505","targetHints":{"allow":["GET"]}}],"collection":[{"href":"https:\/\/research.kent.ac.uk\/globalsecurityassemblages\/wp-json\/wp\/v2\/pages"}],"about":[{"href":"https:\/\/research.kent.ac.uk\/globalsecurityassemblages\/wp-json\/wp\/v2\/types\/page"}],"author":[{"embeddable":true,"href":"https:\/\/research.kent.ac.uk\/globalsecurityassemblages\/wp-json\/wp\/v2\/users\/50"}],"replies":[{"embeddable":true,"href":"https:\/\/research.kent.ac.uk\/globalsecurityassemblages\/wp-json\/wp\/v2\/comments?post=505"}],"version-history":[{"count":3,"href":"https:\/\/research.kent.ac.uk\/globalsecurityassemblages\/wp-json\/wp\/v2\/pages\/505\/revisions"}],"predecessor-version":[{"id":871,"href":"https:\/\/research.kent.ac.uk\/globalsecurityassemblages\/wp-json\/wp\/v2\/pages\/505\/revisions\/871"}],"wp:attachment":[{"href":"https:\/\/research.kent.ac.uk\/globalsecurityassemblages\/wp-json\/wp\/v2\/media?parent=505"}],"curies":[{"name":"wp","href":"https:\/\/api.w.org\/{rel}","templated":true}]}}