{"id":1427,"date":"2019-04-09T12:41:05","date_gmt":"2019-04-09T11:41:05","guid":{"rendered":"https:\/\/research.kent.ac.uk\/upgrade-artistsbooks\/?page_id=1427"},"modified":"2020-10-14T17:11:55","modified_gmt":"2020-10-14T16:11:55","slug":"british-academy-summer-showcase","status":"publish","type":"page","link":"https:\/\/research.kent.ac.uk\/artistsbooks\/british-academy-summer-showcase\/","title":{"rendered":"British Academy Summer Showcase"},"content":{"rendered":"<p>An exhibit based on the \u2018Artists\u2019 Books and Medical Humanities\u2019 research project was included in the British Academy\u2019s annual Summer Showcase, a free festival of ideas for curious minds, which took place on 21-22 June 2019 in the Academy\u2019s historic central London home.<\/p>\n<p><strong><em>Can artists\u2019 books transform the way we think about health, wellbeing and illness?\u00a0<\/em><\/strong><\/p>\n<p>Since the 1980s, a growing number of book artists have used their craft to share stories about health, wellbeing and illness. These artworks give a voice to those living with disability, chronic illness or cancer, while challenging stigma and discrimination. But can they also help medical professionals to better understand their patients? Featuring multisensory works by contemporary artists, this exhibit explores the vital intersection between art and science. Handle artists\u2019 books, learn about the lives of the makers, and craft your own book to take home.<\/p>\n<p><strong>Lead exhibitor: Dr Stella Bolaki, University of Kent<\/strong><\/p>\n<p><strong>Co-exhibitors, Artists Egidija \u010ciricait\u0117 and Darian Goldin Stahl<\/strong><\/p>\n<p><strong>Artists\u2019 books by:<\/strong> Sophie Adams, Judith Alder, Penny Alexander, Karen Apps, Gunilla \u00c5sberg, Gaby Berglund Cardenas, Lizzie Brewer, Julie Brixey-Williams, Sally Chinea, Egidija \u010ciricait\u0117, Allison Cooke Brown, Amanda Couch, Bernard Fairhurst, Elizabeth Fraser, Sue Hague, Martha A. Hall, Andrew Hladky, Deborah Humm, Gemma Lacey, Pauline Lamont-Fisher, Mindy Lee, Andrew Malone, Richard Nash, Anne Parfitt, Corinne Perry, Stevie Ronnie, Mary Rouncefield, Erin K. Schmidt, Alison Stewart, Randi Annie Strand, Noriko Suzuki-Bosco, Ruchika Wason Singh, Amanda Watson-Will.<\/p>\n<p style=\"text-align: center\"><a title=\"Photos from the exhibit - Flickr Gallery,The British Academy Summer Showcase 2019, Photographers: Benedict Johnson; Alastair Fyfe \u00a9 The British Academy \" href=\"https:\/\/www.flickr.com\/photos\/98988283@N04\/albums\/72157710131151897\"><img loading=\"lazy\" decoding=\"async\" class=\"aligncenter\" src=\"https:\/\/live.staticflickr.com\/65535\/48470624157_fd85485f4f_d.jpg\" alt=\"Photos from the exhibit - Flickr Gallery\" width=\"533\" height=\"800\" \/><\/a><\/p>\n<p style=\"text-align: center\"><strong>Photos from the exhibit &#8211; Flickr Gallery<\/strong>,<br \/>\nThe British Academy Summer Showcase 2019, Photographers: Benedict Johnson; Alastair Fyfe \u00a9 The British Academy<\/p>\n<p style=\"text-align: center\"><a title=\"Visitors' Feedback - Flickr Gallery\" href=\"https:\/\/www.flickr.com\/photos\/98988283@N04\/albums\/72157710131247222\"><img loading=\"lazy\" decoding=\"async\" class=\"aligncenter\" src=\"https:\/\/live.staticflickr.com\/65535\/48470716837_5981acbf55_d.jpg\" alt=\"Visitors' Feedback\" width=\"533\" height=\"800\" \/><\/a><\/p>\n<p style=\"text-align: center\"><strong>Visitors&#8217; Feedback &#8211; Flickr Gallery<\/strong>,<\/p>\n<p><strong>Read Stella Bolaki&#8217;s blog posts about the exhibit:<\/strong><\/p>\n<p><a href=\"https:\/\/www.thebritishacademy.ac.uk\/blog\/summer-showcase-2019-how-can-artists-books-communicate-experiences-illness\">&#8220;How can artists&#8217; books communicate experiences of illness?&#8221;<\/a><\/p>\n<p><a href=\"https:\/\/www.thebritishacademy.ac.uk\/blog\/summer-showcase-2019-five-mindfulness-activities-mental-health\">&#8220;Five mindfulness activities that can improve mental health&#8221;<\/a><\/p>\n<p>Further information on this exhibit and the British Academy 2019 Summer Showcase can be found at: <a href=\"https:\/\/www.thebritishacademy.ac.uk\/events\/summershowcase\/2019\">https:\/\/www.thebritishacademy.ac.uk\/events\/summershowcase\/2019<\/a><\/p>\n","protected":false},"excerpt":{"rendered":"<p>An exhibit based on the \u2018Artists\u2019 Books and Medical Humanities\u2019 research project was included in the British Academy\u2019s annual Summer Showcase, a free festival of ideas for curious minds, which took place on 21-22 June 2019 in the Academy\u2019s historic central London home. Can artists\u2019 books transform the way we think about health, wellbeing and [&hellip;]<\/p>\n","protected":false},"author":170,"featured_media":1083,"parent":0,"menu_order":0,"comment_status":"closed","ping_status":"closed","template":"","meta":{"_acf_changed":false,"footnotes":""},"class_list":["post-1427","page","type-page","status-publish","hentry"],"acf":[],"_links":{"self":[{"href":"https:\/\/research.kent.ac.uk\/artistsbooks\/wp-json\/wp\/v2\/pages\/1427","targetHints":{"allow":["GET"]}}],"collection":[{"href":"https:\/\/research.kent.ac.uk\/artistsbooks\/wp-json\/wp\/v2\/pages"}],"about":[{"href":"https:\/\/research.kent.ac.uk\/artistsbooks\/wp-json\/wp\/v2\/types\/page"}],"author":[{"embeddable":true,"href":"https:\/\/research.kent.ac.uk\/artistsbooks\/wp-json\/wp\/v2\/users\/170"}],"replies":[{"embeddable":true,"href":"https:\/\/research.kent.ac.uk\/artistsbooks\/wp-json\/wp\/v2\/comments?post=1427"}],"version-history":[{"count":6,"href":"https:\/\/research.kent.ac.uk\/artistsbooks\/wp-json\/wp\/v2\/pages\/1427\/revisions"}],"predecessor-version":[{"id":1993,"href":"https:\/\/research.kent.ac.uk\/artistsbooks\/wp-json\/wp\/v2\/pages\/1427\/revisions\/1993"}],"wp:featuredmedia":[{"embeddable":true,"href":"https:\/\/research.kent.ac.uk\/artistsbooks\/wp-json\/wp\/v2\/media\/1083"}],"wp:attachment":[{"href":"https:\/\/research.kent.ac.uk\/artistsbooks\/wp-json\/wp\/v2\/media?parent=1427"}],"curies":[{"name":"wp","href":"https:\/\/api.w.org\/{rel}","templated":true}]}}